{"id":87016,"date":"2023-11-03T12:00:51","date_gmt":"2023-11-03T11:00:51","guid":{"rendered":"https:\/\/secureus.se\/?post_type=product&#038;p=87016"},"modified":"2026-03-26T10:13:43","modified_gmt":"2026-03-26T09:13:43","slug":"legic-1024-prime-mim-kontaktchipkort-100-pack","status":"publish","type":"product","link":"https:\/\/secureus.se\/fi\/legic-1024-prime-mim-kontaktchipkort-100-pack\/","title":{"rendered":"Legic 1024 Prime MIM -kontaktisirukortti - 100 kpl"},"content":{"rendered":"<h1>Legic 1024 Prime MIM -kontaktisirukortti - 100 kpl<\/h1>\n<p>Legic 1024 Prime MIM -kontaktisirukortit ovat edistyksellisi\u00e4 RFID-kortteja, jotka tarjoavat korkean turvallisuuden ja joustavuuden erilaisiin sovelluksiin. Integroidun Legic-teknologian avulla n\u00e4m\u00e4 \u00e4lykortit on suunniteltu hallitsemaan tehokkaasti kulunvalvontaa, ajank\u00e4ytt\u00f6\u00e4, pys\u00e4k\u00f6inti\u00e4 ja logistiikan hallintaa.<\/p>\n<p>N\u00e4m\u00e4 kortit ovat vakiokokoisia CR80 (86 mm x 54 mm), joten niit\u00e4 on helppo k\u00e4ytt\u00e4\u00e4 ja k\u00e4sitell\u00e4. 1024 tavun muistikapasiteetilla ne voivat tallentaa tarvittavat tiedot turvallisesti. Korkea tiedonsiirtotaajuus 13,56 MHz takaa nopean ja luotettavan tiedonsiirron, joten ne sopivat sek\u00e4 sis\u00e4- ett\u00e4 ulkok\u00e4ytt\u00f6\u00f6n.<\/p>\n<p>Myyd\u00e4\u00e4n k\u00e4teviss\u00e4 100 kappaleen pakkauksissa, mik\u00e4 tekee niist\u00e4 kustannustehokkaita yrityksille ja organisaatioille, jotka tarvitsevat suuren m\u00e4\u00e4r\u00e4n kortteja turva- ja hallintaj\u00e4rjestelmiins\u00e4.<\/p>\n<p><strong>Ominaisuudet ja edut<\/strong>:<\/p>\n<ul>\n<li>Sis\u00e4\u00e4nrakennettu Legic-tekniikka korkeaan turvallisuuteen<\/li>\n<li>T\u00e4ydellinen kulunvalvontaan sek\u00e4 ajan ja l\u00e4sn\u00e4olon hallintaan<\/li>\n<li>Vakiokoko CR80 (86mm x 54mm) helpottaa k\u00e4ytt\u00f6\u00e4<\/li>\n<li>Muisti: 1024 tavua turvalliseen tietojen tallentamiseen<\/li>\n<li>Taajuus: 13,56 MHz nopeaa ja luotettavaa viestint\u00e4\u00e4 varten<\/li>\n<li>Myyd\u00e4\u00e4n 100 kappaleen pakkauksissa kustannustehokkuuden vuoksi<\/li>\n<\/ul>\n<p><strong>Tekniset tiedot<\/strong>:<\/p>\n<ul>\n<li><strong>Sirun tyyppi<\/strong>: Legic MIM 1024-ASIC<\/li>\n<li><strong>Muisti<\/strong>: 1024 tavua<\/li>\n<li><strong>Taajuus<\/strong>: 13,56 MHz<\/li>\n<li><strong>Koko<\/strong>: Vakio CR80 (86mm x 54mm)<\/li>\n<li><strong>Paino (pakkaus)<\/strong>paino: 0,56 kg<\/li>\n<\/ul>","protected":false},"excerpt":{"rendered":"<p>Legic 1024 Prime MIM -kontaktisirukortit ovat RFID-kortteja, joissa on sis\u00e4\u00e4nrakennettu Legic-tekniikka, jotka sopivat t\u00e4ydellisesti kulunvalvontaan, ajank\u00e4ytt\u00f6\u00f6n, pys\u00e4k\u00f6intiin ja logistiikan hallintaan.<\/p>\n<p>N\u00e4iden korttien muistikapasiteetti on 1024 tavua ja ne toimivat 13,56 MHz:n taajuudella.<\/p>\n<p>Myyd\u00e4\u00e4n 100 kappaleen pakkauksissa.<\/p>","protected":false},"featured_media":138545,"template":"","meta":{"_acf_changed":false},"product_brand":[],"product_cat":[4232,1711],"product_tag":[4538,3077,3084,3069],"class_list":{"0":"post-87016","1":"product","2":"type-product","3":"status-publish","4":"has-post-thumbnail","6":"product_cat-rfid-kort-legic-pac-fm-5542","7":"product_cat-rfid-kort","8":"product_tag-100-pack-lopnummer-rfid-kort","9":"product_tag-rfid-desfire","10":"product_tag-trade-rfid-kort","11":"product_tag-trade-produkt","12":"product_shipping_class-postnord-varubrev","13":"pa_plastkort-teknik-legic","14":"tm-no-options","16":"first","17":"outofstock","18":"sale","19":"taxable","20":"shipping-taxable","21":"purchasable","22":"product-type-simple"},"acf":[],"_links":{"self":[{"href":"https:\/\/secureus.se\/fi\/wp-json\/wp\/v2\/product\/87016","targetHints":{"allow":["GET"]}}],"collection":[{"href":"https:\/\/secureus.se\/fi\/wp-json\/wp\/v2\/product"}],"about":[{"href":"https:\/\/secureus.se\/fi\/wp-json\/wp\/v2\/types\/product"}],"wp:featuredmedia":[{"embeddable":true,"href":"https:\/\/secureus.se\/fi\/wp-json\/wp\/v2\/media\/138545"}],"wp:attachment":[{"href":"https:\/\/secureus.se\/fi\/wp-json\/wp\/v2\/media?parent=87016"}],"wp:term":[{"taxonomy":"product_brand","embeddable":true,"href":"https:\/\/secureus.se\/fi\/wp-json\/wp\/v2\/product_brand?post=87016"},{"taxonomy":"product_cat","embeddable":true,"href":"https:\/\/secureus.se\/fi\/wp-json\/wp\/v2\/product_cat?post=87016"},{"taxonomy":"product_tag","embeddable":true,"href":"https:\/\/secureus.se\/fi\/wp-json\/wp\/v2\/product_tag?post=87016"}],"curies":[{"name":"wp","href":"https:\/\/api.w.org\/{rel}","templated":true}]}}