{"id":87024,"date":"2023-11-03T12:00:56","date_gmt":"2023-11-03T11:00:56","guid":{"rendered":"https:\/\/secureus.se\/?post_type=product&#038;p=87024"},"modified":"2025-08-15T20:31:17","modified_gmt":"2025-08-15T18:31:17","slug":"pac-mifare-kort-med-4-byte-uid-10-pack","status":"publish","type":"product","link":"https:\/\/secureus.se\/fi\/pac-mifare-kort-med-4-byte-uid-10-pack\/","title":{"rendered":"PAC Mifare -kortti 4-tavuisella UID:ll\u00e4 - 10-pakkaus"},"content":{"rendered":"<h1>PAC Mifare -kortti 4-tavuisella UID:ll\u00e4 - 10-pakkaus<\/h1>\n<p>PAC Mifare -kortit ovat korkealaatuisia, tulostettavia kontaktittomia kortteja, jotka on suunniteltu k\u00e4ytett\u00e4v\u00e4ksi erilaisissa sovelluksissa, mukaan lukien henkil\u00f6kortit ja kulunvalvonta. N\u00e4m\u00e4 kortit ovat 4-tavuisia ilman UID-tunnusta, joten ne tarjoavat joustavan ratkaisun mukautettuun k\u00e4ytt\u00f6\u00f6n ja toimivat erinomaisesti useimpien muovikorttitulostimien kanssa.<\/p>\n<p>N\u00e4m\u00e4 kortit toimivat 13,56 MHz taajuudella, mik\u00e4 varmistaa nopean ja luotettavan tiedonsiirron. Jopa 45 mm:n lukuet\u00e4isyydell\u00e4 ne sopivat ihanteellisesti sek\u00e4 sis\u00e4- ett\u00e4 ulkok\u00e4ytt\u00f6\u00f6n. Vakiokokoisena CR80 (86 mm x 54 mm) ne soveltuvat r\u00e4\u00e4t\u00e4l\u00f6ityjen kuvioiden ja logojen helppoon tulostamiseen.<\/p>\n<p>Myyd\u00e4\u00e4n 10 kappaleen pakkauksissa, mik\u00e4 tekee niist\u00e4 kustannustehokkaita yrityksille, jotka tarvitsevat kortteja eri tarkoituksiin. N\u00e4m\u00e4 kortit ovat my\u00f6s erinomainen vaihtoehto PAC 40090 -korteille, mik\u00e4 tekee niist\u00e4 monipuolisen ratkaisun turvallisuustarpeisiin.<\/p>\n<p><strong>Ominaisuudet ja edut<\/strong>:<\/p>\n<ul>\n<li>Tulostettavat Mifare-kortit, joissa on 4-tavuinen ilman UID-tunnusta<\/li>\n<li>Toimii 13,56 MHz taajuudella nopeaa tiedonsiirtoa varten<\/li>\n<li>Yhteensopiva useimpien muovikorttitulostimien kanssa<\/li>\n<li>Lukualue jopa 45 mm<\/li>\n<li>Vakiokokoinen CR80 (86 mm x 54 mm) helpottaa tulostusta<\/li>\n<li>Myyd\u00e4\u00e4n 10 kappaleen pakkauksissa kustannustehokkuuden vuoksi<\/li>\n<\/ul>\n<p><strong>Tekniset tiedot<\/strong>:<\/p>\n<ul>\n<li><strong>UID<\/strong>: 4-tavuinen ei UID-tunnusta<\/li>\n<li><strong>Taajuus<\/strong>: 13,56 MHz<\/li>\n<li><strong>Lukualue<\/strong>: Jopa 45 mm<\/li>\n<li><strong>Koko<\/strong>: Vakio CR80 (86mm x 54mm)<\/li>\n<li><strong>Paino (pakkaus)<\/strong>paino: 0,06 kg<\/li>\n<\/ul>","protected":false},"excerpt":{"rendered":"<p>N\u00e4m\u00e4 PAC-kortit ovat tulostettavia Mifare-kortteja, joissa on 4-tavuinen ilman UID-tunnusta ja toimivat 13,56 MHz:n taajuudella.<\/p>\n<p>Kortti on yhteensopiva useimpien muovikorttitulostimien kanssa ja tarjoaa jopa 45 mm:n lukualueen.<\/p>\n<p>Myyd\u00e4\u00e4n 10 kappaleen pakkauksissa ja ne ovat erinomainen vaihtoehto PAC 40090 -korteille.<\/p>","protected":false},"featured_media":138728,"template":"","meta":{"_acf_changed":false},"product_brand":[],"product_cat":[4232,1711],"product_tag":[3077,3084,3069],"class_list":{"0":"post-87024","1":"product","2":"type-product","3":"status-publish","4":"has-post-thumbnail","6":"product_cat-rfid-kort-legic-pac-fm-5542","7":"product_cat-rfid-kort","8":"product_tag-rfid-desfire","9":"product_tag-trade-rfid-kort","10":"product_tag-trade-produkt","11":"product_shipping_class-postnord-varubrev","12":"pa_plastkort-teknik-pac","13":"tm-no-options","15":"first","16":"instock","17":"sale","18":"taxable","19":"shipping-taxable","20":"purchasable","21":"product-type-simple"},"acf":[],"_links":{"self":[{"href":"https:\/\/secureus.se\/fi\/wp-json\/wp\/v2\/product\/87024","targetHints":{"allow":["GET"]}}],"collection":[{"href":"https:\/\/secureus.se\/fi\/wp-json\/wp\/v2\/product"}],"about":[{"href":"https:\/\/secureus.se\/fi\/wp-json\/wp\/v2\/types\/product"}],"wp:featuredmedia":[{"embeddable":true,"href":"https:\/\/secureus.se\/fi\/wp-json\/wp\/v2\/media\/138728"}],"wp:attachment":[{"href":"https:\/\/secureus.se\/fi\/wp-json\/wp\/v2\/media?parent=87024"}],"wp:term":[{"taxonomy":"product_brand","embeddable":true,"href":"https:\/\/secureus.se\/fi\/wp-json\/wp\/v2\/product_brand?post=87024"},{"taxonomy":"product_cat","embeddable":true,"href":"https:\/\/secureus.se\/fi\/wp-json\/wp\/v2\/product_cat?post=87024"},{"taxonomy":"product_tag","embeddable":true,"href":"https:\/\/secureus.se\/fi\/wp-json\/wp\/v2\/product_tag?post=87024"}],"curies":[{"name":"wp","href":"https:\/\/api.w.org\/{rel}","templated":true}]}}