{"id":87131,"date":"2023-11-03T12:01:04","date_gmt":"2023-11-03T11:01:04","guid":{"rendered":"https:\/\/secureus.se\/produkt\/salto-pcm01kb50hi-1k-contactless-smartcard-with-hi-co-magnetic-stripe-pack-of-100\/"},"modified":"2026-04-08T16:24:45","modified_gmt":"2026-04-08T14:24:45","slug":"blank-salto-1k-kort-med-hi-co-magnetremsa","status":"publish","type":"product","link":"https:\/\/secureus.se\/fi\/blank-salto-1k-kort-med-hi-co-magnetremsa\/","title":{"rendered":"Tyhj\u00e4 Salto 1K -kortti HiCo-magneettinauhalla \u2013 100 kpl"},"content":{"rendered":"<h1>Tyhj\u00e4 Salto 1K -kortti Hi-Co-magneettinauhalla - 100 kpl<\/h1>\n<p>Kiilt\u00e4v\u00e4t Salto 1K kontaktittomat kortit Hi-Co-magneettinauhalla tarjoavat joustavan ja turvallisen ratkaisun Salto E9 -sarjan ohjelmistoj\u00e4rjestelm\u00e4\u00e4 k\u00e4ytt\u00e4ville yrityksille ja organisaatioille. N\u00e4iss\u00e4 RFID-korteissa on korkeakoersitiivinen magneettinauha (2750 Oersted), joka mahdollistaa turvallisen tiedon koodauksen ja tehokkaan k\u00e4yt\u00f6n erilaisissa sovelluksissa, mukaan lukien henkil\u00f6kortit ja kulunvalvonta.<\/p>\n<p>Korttien vakiokoko (CR80) (85,60 x 53,98 mm) tekee niist\u00e4 sopivia personointiin, mukaan lukien kuvallinen henkil\u00f6llisyystodistus ja logot. 1 KB:n muistikapasiteetilla ja 13,56 MHz:n taajuudella n\u00e4m\u00e4 kortit tarjoavat nopean ja luotettavan tiedonsiirron varmistaen, ett\u00e4 k\u00e4ytt\u00e4j\u00e4tietoja k\u00e4sitell\u00e4\u00e4n tehokkaasti.<\/p>\n<p>Myyd\u00e4\u00e4n 100 kappaleen pakkauksissa, mik\u00e4 tekee niist\u00e4 kustannustehokkaita suuremmille organisaatioille ja projekteille. Tarvitsetpa niit\u00e4 turvaratkaisuiksi tai lippuratkaisuiksi, kiilt\u00e4v\u00e4t Salto 1K -kortit ovat erinomainen valinta monenlaisiin k\u00e4ytt\u00f6tarkoituksiin.<\/p>\n<p><strong>Ominaisuudet ja edut<\/strong>:<\/p>\n<ul>\n<li>Salto E9 -sarjan kanssa yhteensopivat RFID-kortit<\/li>\n<li>Korkean koersitiivisen magneettinauha (2750 Oersted) turvalliseen tiedon koodaukseen<\/li>\n<li>1 KB muistikapasiteetti<\/li>\n<li>Toimii 13,56 MHz taajuudella<\/li>\n<li>Vakiokoko CR80 helppoa istuvuutta varten<\/li>\n<li>Myyd\u00e4\u00e4n 100 pakkauksessa kustannustehokkaaseen k\u00e4ytt\u00f6\u00f6n<\/li>\n<\/ul>\n<p><strong>Tekniset tiedot<\/strong>:<\/p>\n<ul>\n<li><strong>Muistin kapasiteetti<\/strong>: 1 kt<\/li>\n<li><strong>Taajuus<\/strong>: 13,56 MHz<\/li>\n<li><strong>Magneettinauha<\/strong>: Korkea koersitiivi (2750 Oersted)<\/li>\n<li><strong>Koko<\/strong>: Vakio-CR80 (85,60 x 53,98 mm)<\/li>\n<li><strong>Paino (pakkaus)<\/strong>paino: 0,50 kg<\/li>\n<\/ul>","protected":false},"excerpt":{"rendered":"<p>Tyhj\u00e4t Salto 1K kontaktittomat kortit korkealla koersitiivisella magneettinauhalla ovat RFID-kortteja, jotka ovat ihanteellisia Salto E9 -sarjan turvaj\u00e4rjestelmiin.<\/p>\n<p>N\u00e4m\u00e4 kortit on varustettu korkean koersitiivisen magneettinauhan avulla tietojen turvallista koodausta varten, ja niiden muistikapasiteetti on 1 KB.<\/p>\n<p>Myyd\u00e4\u00e4n 100 kappaleen pakkauksissa kustannustehokkaan ratkaisun vuoksi.<\/p>","protected":false},"featured_media":139184,"template":"","meta":{"_acf_changed":false},"product_brand":[],"product_cat":[1711,4231],"product_tag":[4538,3077,3084,3069],"class_list":{"0":"post-87131","1":"product","2":"type-product","3":"status-publish","4":"has-post-thumbnail","6":"product_cat-rfid-kort","7":"product_cat-rfid-kort-salto","8":"product_tag-100-pack-lopnummer-rfid-kort","9":"product_tag-rfid-desfire","10":"product_tag-trade-rfid-kort","11":"product_tag-trade-produkt","12":"product_shipping_class-postnord-varubrev","13":"pa_brands-salto","14":"pa_plastkort-teknik-salto","15":"tm-no-options","17":"first","18":"instock","19":"sale","20":"taxable","21":"shipping-taxable","22":"purchasable","23":"product-type-simple"},"acf":[],"_links":{"self":[{"href":"https:\/\/secureus.se\/fi\/wp-json\/wp\/v2\/product\/87131","targetHints":{"allow":["GET"]}}],"collection":[{"href":"https:\/\/secureus.se\/fi\/wp-json\/wp\/v2\/product"}],"about":[{"href":"https:\/\/secureus.se\/fi\/wp-json\/wp\/v2\/types\/product"}],"wp:featuredmedia":[{"embeddable":true,"href":"https:\/\/secureus.se\/fi\/wp-json\/wp\/v2\/media\/139184"}],"wp:attachment":[{"href":"https:\/\/secureus.se\/fi\/wp-json\/wp\/v2\/media?parent=87131"}],"wp:term":[{"taxonomy":"product_brand","embeddable":true,"href":"https:\/\/secureus.se\/fi\/wp-json\/wp\/v2\/product_brand?post=87131"},{"taxonomy":"product_cat","embeddable":true,"href":"https:\/\/secureus.se\/fi\/wp-json\/wp\/v2\/product_cat?post=87131"},{"taxonomy":"product_tag","embeddable":true,"href":"https:\/\/secureus.se\/fi\/wp-json\/wp\/v2\/product_tag?post=87131"}],"curies":[{"name":"wp","href":"https:\/\/api.w.org\/{rel}","templated":true}]}}