{"id":87147,"date":"2023-11-03T12:01:14","date_gmt":"2023-11-03T11:01:14","guid":{"rendered":"https:\/\/secureus.se\/produkt\/salto-4k-blank-contactless-smartcard-pcm04kb-50-pack-of-100\/"},"modified":"2026-03-26T10:12:48","modified_gmt":"2026-03-26T09:12:48","slug":"blank-salto-4k-kort-100-pack","status":"publish","type":"product","link":"https:\/\/secureus.se\/fi\/blank-salto-4k-kort-100-pack\/","title":{"rendered":"Tyhj\u00e4 Salto 4K -kortti - 100 kpl, 13,56 MHz"},"content":{"rendered":"<h1>Tyhj\u00e4 Salto 4K -kortti - 100 kpl, 13,56 MHz<\/h1>\n<p>Tyhj\u00e4t Salto 4K kontaktittomat kortit ovat monipuolinen vaihtoehto turvaj\u00e4rjestelmiin, jotka on suunniteltu erityisesti Salto E9 -sarjaan. N\u00e4m\u00e4 RFID-kortit tarjoavat 4 kt:n muistikapasiteetin ja CR80-luottokortin vakiokoon (85,60 x 53,98 mm) luotettavan ratkaisun henkil\u00f6llisyyden todentamiseen ja kulunvalvontaan. Korttien 13,56 MHz:n taajuus varmistaa nopean ja turvallisen tiedonsiirron, kun taas kiilt\u00e4v\u00e4 pinta helpottaa korttien r\u00e4\u00e4t\u00e4l\u00f6imist\u00e4 tulosteilla valokuvallista henkil\u00f6todistusta tai lippua varten. Ne ovat yhteensopivia SALTO Virtual Networkin (SVN) kanssa, joten ne ovat ihanteellisia k\u00e4ytett\u00e4v\u00e4ksi toimistoymp\u00e4rist\u00f6iss\u00e4 ja julkisissa tiloissa. Myyd\u00e4\u00e4n 100 kappaleen pakkauksissa, mik\u00e4 tekee niist\u00e4 kustannustehokkaita suurempiin projekteihin ja asennuksiin.<\/p>\n<p><strong>Ominaisuudet ja edut<\/strong>:<\/p>\n<ul>\n<li>Salto E9 -turvaj\u00e4rjestelm\u00e4\u00e4n sovitetut RFID-kortit<\/li>\n<li>Kiilt\u00e4v\u00e4 pinta mukautettua tulostusta varten<\/li>\n<li>4 KB muistikapasiteetti<\/li>\n<li>Vakiokoko CR80 (85,60 x 53,98 mm)<\/li>\n<li>Toimii 13,56 MHz taajuudella<\/li>\n<li>Yhteensopiva SALTO Virtual Networkin (SVN) kanssa<\/li>\n<li>Myyd\u00e4\u00e4n 100 kappaleen pakkauksissa<\/li>\n<\/ul>\n<p><strong>Tekniset tiedot<\/strong>:<\/p>\n<ul>\n<li><strong>Muistin kapasiteetti<\/strong>: 4 kt<\/li>\n<li><strong>Taajuus<\/strong>: 13,56 MHz<\/li>\n<li><strong>Koko<\/strong>: 85,60 x 53,98 mm (CR80)<\/li>\n<li><strong>Paino (pakkaus)<\/strong>paino: 0,63 kg<\/li>\n<\/ul>","protected":false},"excerpt":{"rendered":"<p>Kiilt\u00e4v\u00e4t Salto 4K kontaktittomat kortit ovat RFID-kortteja, jotka sopivat t\u00e4ydellisesti Salto E9 -sarjan turvaj\u00e4rjestelm\u00e4\u00e4n.<\/p>\n<p>Kiilt\u00e4v\u00e4 pinta tekee niist\u00e4 ihanteellisia mukauttamiseen, mukaan lukien valokuvallinen henkil\u00f6llisyystodistus, liput ja kulunvalvonta.<\/p>\n<p>N\u00e4it\u00e4 kortteja myyd\u00e4\u00e4n 100 kappaleen pakkauksissa ja niiden muistikapasiteetti on 4 kt.<\/p>","protected":false},"featured_media":139156,"template":"","meta":{"_acf_changed":false},"product_brand":[],"product_cat":[1711,4231],"product_tag":[4538,3077,2151,3084,3069],"class_list":{"0":"post-87147","1":"product","2":"type-product","3":"status-publish","4":"has-post-thumbnail","6":"product_cat-rfid-kort","7":"product_cat-rfid-kort-salto","8":"product_tag-100-pack-lopnummer-rfid-kort","9":"product_tag-rfid-desfire","10":"product_tag-rfid-salto","11":"product_tag-trade-rfid-kort","12":"product_tag-trade-produkt","13":"product_shipping_class-postnord-varubrev","14":"pa_brands-salto","15":"pa_plastkort-teknik-salto","16":"tm-no-options","18":"first","19":"instock","20":"sale","21":"taxable","22":"shipping-taxable","23":"purchasable","24":"product-type-simple"},"acf":[],"_links":{"self":[{"href":"https:\/\/secureus.se\/fi\/wp-json\/wp\/v2\/product\/87147","targetHints":{"allow":["GET"]}}],"collection":[{"href":"https:\/\/secureus.se\/fi\/wp-json\/wp\/v2\/product"}],"about":[{"href":"https:\/\/secureus.se\/fi\/wp-json\/wp\/v2\/types\/product"}],"wp:featuredmedia":[{"embeddable":true,"href":"https:\/\/secureus.se\/fi\/wp-json\/wp\/v2\/media\/139156"}],"wp:attachment":[{"href":"https:\/\/secureus.se\/fi\/wp-json\/wp\/v2\/media?parent=87147"}],"wp:term":[{"taxonomy":"product_brand","embeddable":true,"href":"https:\/\/secureus.se\/fi\/wp-json\/wp\/v2\/product_brand?post=87147"},{"taxonomy":"product_cat","embeddable":true,"href":"https:\/\/secureus.se\/fi\/wp-json\/wp\/v2\/product_cat?post=87147"},{"taxonomy":"product_tag","embeddable":true,"href":"https:\/\/secureus.se\/fi\/wp-json\/wp\/v2\/product_tag?post=87147"}],"curies":[{"name":"wp","href":"https:\/\/api.w.org\/{rel}","templated":true}]}}