{"id":87161,"date":"2023-11-03T12:01:21","date_gmt":"2023-11-03T11:01:21","guid":{"rendered":"https:\/\/secureus.se\/produkt\/mifare-ultralight-nxp-ev1-cards-pack-of-100\/"},"modified":"2025-12-31T20:59:46","modified_gmt":"2025-12-31T19:59:46","slug":"mifare-ultralight-nxp-ev1-cards-pack-of-100","status":"publish","type":"product","link":"https:\/\/secureus.se\/fi\/mifare-ultralight-nxp-ev1-cards-pack-of-100\/","title":{"rendered":"MIFARE Ultralight\u00ae NXP EV1 -kortti (100 kpl per pakkaus)"},"content":{"rendered":"<p>Mifare Ultralight 1k NXP EV1 -kortit ovat edullinen ja vaivaton vaihtoehto paperipohjaiselle lipunmyynnille. N\u00e4m\u00e4 kontaktittomat kortit ovat ihanteellisia k\u00e4ytett\u00e4v\u00e4ksi julkisessa liikenteess\u00e4, parkkipaikalla ja tapahtumakorteissa.<\/p>\n<ul>\n<li>Myyd\u00e4\u00e4n 100 kappaleen pakkauksissa<\/li>\n<li>Sis\u00e4lt\u00e4\u00e4 aidon NXP EV1 -sirun<\/li>\n<li>Sis\u00e4lt\u00e4\u00e4 48 tavua\/384 bitti\u00e4 muistia<\/li>\n<li>106 kbit\/s tiedonsiirtonopeus<\/li>\n<li>Tyhj\u00e4 valkoinen PVC-pinta on ihanteellinen r\u00e4\u00e4t\u00e4l\u00f6ityyn tulostukseen<\/li>\n<\/ul>\n<p>\n <strong><br \/>\n Tuotteen paino:<br \/>\n 0,50 kg<br \/>\n <\/strong>\n <\/p>","protected":false},"excerpt":{"rendered":"<p>T\u00e4ss\u00e4 tuotteessa on NXP\u00ae:n sertifioitu siru, joka on globaali teknologiayritys, jonka p\u00e4\u00e4konttori on Hollannissa. NXP\u00ae on erikoistunut RFID:hen ja NFC:hen ja tarjoaa valikoiman tuotteita tietoturvaan, liitett\u00e4vyyteen ja sulautettuihin ratkaisuihin.<\/p>","protected":false},"featured_media":139792,"template":"","meta":{"_acf_changed":false},"product_brand":[],"product_cat":[4228,1711],"product_tag":[4538,4146,3077,3079,3084,3069],"class_list":{"0":"post-87161","1":"product","2":"type-product","3":"status-publish","4":"has-post-thumbnail","6":"product_cat-rfid-kort-mifare-ultralight","7":"product_cat-rfid-kort","8":"product_tag-100-pack-lopnummer-rfid-kort","9":"product_tag-nxp","10":"product_tag-rfid-desfire","11":"product_tag-rfid-mifare-ultralight","12":"product_tag-trade-rfid-kort","13":"product_tag-trade-produkt","14":"product_shipping_class-postnord-varubrev","15":"pa_plastkort-teknik-mifare-ultralight","16":"tm-no-options","18":"first","19":"instock","20":"sale","21":"taxable","22":"shipping-taxable","23":"purchasable","24":"product-type-simple"},"acf":[],"_links":{"self":[{"href":"https:\/\/secureus.se\/fi\/wp-json\/wp\/v2\/product\/87161","targetHints":{"allow":["GET"]}}],"collection":[{"href":"https:\/\/secureus.se\/fi\/wp-json\/wp\/v2\/product"}],"about":[{"href":"https:\/\/secureus.se\/fi\/wp-json\/wp\/v2\/types\/product"}],"wp:featuredmedia":[{"embeddable":true,"href":"https:\/\/secureus.se\/fi\/wp-json\/wp\/v2\/media\/139792"}],"wp:attachment":[{"href":"https:\/\/secureus.se\/fi\/wp-json\/wp\/v2\/media?parent=87161"}],"wp:term":[{"taxonomy":"product_brand","embeddable":true,"href":"https:\/\/secureus.se\/fi\/wp-json\/wp\/v2\/product_brand?post=87161"},{"taxonomy":"product_cat","embeddable":true,"href":"https:\/\/secureus.se\/fi\/wp-json\/wp\/v2\/product_cat?post=87161"},{"taxonomy":"product_tag","embeddable":true,"href":"https:\/\/secureus.se\/fi\/wp-json\/wp\/v2\/product_tag?post=87161"}],"curies":[{"name":"wp","href":"https:\/\/api.w.org\/{rel}","templated":true}]}}