{"id":87222,"date":"2022-03-10T15:47:00","date_gmt":"2022-03-10T14:47:00","guid":{"rendered":"https:\/\/secureus.se\/produkt\/optex-pir-cdx-am-15x15-meter-antimask-sbsc-klass-3\/"},"modified":"2026-04-22T17:22:03","modified_gmt":"2026-04-22T15:22:03","slug":"optex-pir-cdx-am-15x15-meter-antimask","status":"publish","type":"product","link":"https:\/\/secureus.se\/fi\/optex-pir-cdx-am-15x15-meter-antimask\/","title":{"rendered":"Optex PIR CDX-AM 15\u00d715 Meter Antimask Pro -versio"},"content":{"rendered":"<h1>Optex PIR CDX-AM on yksi markkinoiden edistyneimmist\u00e4 PIR-mikroaaltoilmaisimista, joka on erityisesti kehitetty k\u00e4ytett\u00e4v\u00e4ksi korkean turvallisuuden ymp\u00e4rist\u00f6iss\u00e4, jotka vaativat tarkan ja luotettavan tunkeutumisen havaitsemisen.<\/h1>\n<p>T\u00e4m\u00e4n 15 \u00d7 15 metrin tunnistuskapasiteetin ansiosta t\u00e4m\u00e4 ilmaisin on erinomainen valinta kaupallisiin ja teollisiin sovelluksiin, joissa turvallisuus on \u00e4\u00e4rimm\u00e4isen t\u00e4rke\u00e4\u00e4.<\/p>\n<p>Yksi t\u00e4m\u00e4n ilmaisimen n\u00e4kyvimmist\u00e4 ominaisuuksista on sen maskin estoominaisuus, joka tekee siit\u00e4 kest\u00e4v\u00e4n yrityksi\u00e4 peitt\u00e4\u00e4 tai manipuloida ilmaisimen tunnistuskentt\u00e4\u00e4.<\/p>\n<p>Ilmaisin k\u00e4ytt\u00e4\u00e4 aktiivista IR anti-mask -tekniikkaa, jonka avulla se havaitsee tukokset tai h\u00e4iri\u00f6t, mik\u00e4 lis\u00e4\u00e4 turvallisuutta ja v\u00e4hent\u00e4\u00e4 v\u00e4\u00e4rien h\u00e4lytysten riski\u00e4.<\/p>\n<p>Ilmaisimessa on my\u00f6s innovatiivinen &quot;nelialuelogiikka&quot;, jonka avulla se voi analysoida useita tunnistusalueita samanaikaisesti tarkan havaitsemisen varmistamiseksi.<\/p>\n<p>T\u00e4m\u00e4n ansiosta se voi erottaa ihmisen liikkeet pienist\u00e4 el\u00e4imist\u00e4, mik\u00e4 tekee siit\u00e4 immuuni pienemmille lemmikeille ja v\u00e4hent\u00e4\u00e4 tarpeettomien h\u00e4lytysten riski\u00e4.<\/p>\n<p>Optimaalisen suorituskyvyn tarjoamiseksi kaikissa olosuhteissa CDX-AM on varustettu kaksijohtimissuojauksella, joka suojaa kirkkaalta valolta tai radioaalloilta aiheuttamilta h\u00e4iri\u00f6ilt\u00e4, mik\u00e4 varmistaa johdonmukaisen ja tarkan tunnistuksen.<\/p>\n<p>Siin\u00e4 on my\u00f6s korkea herkkyys ja s\u00e4\u00e4dett\u00e4v\u00e4 asennuskorkeus 1,8-2,4 metrin v\u00e4lill\u00e4 erilaisten turvallisuustarpeiden ja -ymp\u00e4rist\u00f6jen mukaan.<\/p>\n<p>Asennusta ja k\u00e4ytt\u00f6\u00e4 varten CDX-AM on helppo liitt\u00e4\u00e4 tavallisella 9,5-18 VDC-virtal\u00e4hteell\u00e4.<\/p>\n<p>Vain 20 mA:n virrankulutus tekee siit\u00e4 energiatehokkaan ratkaisun pitk\u00e4aikaiseen k\u00e4ytt\u00f6\u00f6n. Sen vankka IP30-kotelo tekee siit\u00e4 sopivan sis\u00e4asennuksiin ja suojaa sit\u00e4 p\u00f6lylt\u00e4 ja lialta.<\/p>\n<p>Tunnistimessa on my\u00f6s yksinkertainen ja joustava asennusprosessi, jossa k\u00e4ytt\u00e4j\u00e4t voivat valita tarpeen mukaan leve\u00e4n 15x15 metrin tai kapeamman 24x2 metrin tunnistuskuvion v\u00e4lill\u00e4.<\/p>\n<p>Sen kompaktit mitat ja kevyt paino tekev\u00e4t siit\u00e4 helpon sijoittamisen haluttuun paikkaan s\u00e4ilytt\u00e4en samalla korkean tunnistuksen ja luotettavuuden.<\/p>\n<p><strong>Tekniset tiedot<\/strong>:<\/p>\n<ul>\n<li><strong>Tunnistusalue (PxL)<\/strong>: 15\u00d715 metri\u00e4<\/li>\n<li><strong>Asennuskorkeus<\/strong>: 1,8-2,4 metri\u00e4<\/li>\n<li><strong>Virrankulutus<\/strong>: 20mA<\/li>\n<li><strong>J\u00e4nnite<\/strong>: 9,5\u201318 V DC<\/li>\n<li><strong>L\u00e4mp\u00f6tila-alue<\/strong>: -10\u00b0C - +50\u00b0C<\/li>\n<li><strong>Peitt\u00e4v\u00e4 suoja<\/strong>: Kyll\u00e4 (aktiivinen IR-suojaus)<\/li>\n<li><strong>H\u00e4lytysl\u00e4ht\u00f6<\/strong>: NC 28V DC 0,2A max<\/li>\n<li><strong>Peukalointil\u00e4ht\u00f6<\/strong>: NC 28V DC 0,1A max<\/li>\n<li><strong>Suojausluokka<\/strong>: IP30<\/li>\n<li><strong>Mitata<\/strong>: 140 x 70 x 52,3 mm<\/li>\n<li><strong>Paino<\/strong>: 180<\/li>\n<\/ul>","protected":false},"excerpt":{"rendered":"<p>Optex PIR CDX-AM on edistyksellinen PIR-ilmaisin, jossa on naamioitumisenestotoiminto ja joka on suunniteltu luotettavaan havaitsemiseen.<\/p>\n<p>Se tarjoaa 15 x 15 metrin tunnistusalueen, peittosuojan ja hyv\u00e4n vastustuskyvyn v\u00e4\u00e4ri\u00e4 h\u00e4lytyksi\u00e4 vastaan.<\/p>","protected":false},"featured_media":145584,"template":"","meta":{"_acf_changed":false},"product_brand":[],"product_cat":[1325],"product_tag":[2145,3067,2466],"class_list":{"0":"post-87222","1":"product","2":"type-product","3":"status-publish","4":"has-post-thumbnail","6":"product_cat-larmgivare-skalskydd","7":"product_tag-rorelsedetektor-ir-detektorer","8":"product_tag-optex-cdx-outlet","9":"product_tag-sbsc-larmklass3","10":"product_shipping_class-postnord-varubrev","11":"pa_brands-optex","12":"tm-no-options","14":"first","15":"instock","16":"sale","17":"featured","18":"taxable","19":"shipping-taxable","20":"purchasable","21":"product-type-simple"},"acf":[],"_links":{"self":[{"href":"https:\/\/secureus.se\/fi\/wp-json\/wp\/v2\/product\/87222","targetHints":{"allow":["GET"]}}],"collection":[{"href":"https:\/\/secureus.se\/fi\/wp-json\/wp\/v2\/product"}],"about":[{"href":"https:\/\/secureus.se\/fi\/wp-json\/wp\/v2\/types\/product"}],"wp:featuredmedia":[{"embeddable":true,"href":"https:\/\/secureus.se\/fi\/wp-json\/wp\/v2\/media\/145584"}],"wp:attachment":[{"href":"https:\/\/secureus.se\/fi\/wp-json\/wp\/v2\/media?parent=87222"}],"wp:term":[{"taxonomy":"product_brand","embeddable":true,"href":"https:\/\/secureus.se\/fi\/wp-json\/wp\/v2\/product_brand?post=87222"},{"taxonomy":"product_cat","embeddable":true,"href":"https:\/\/secureus.se\/fi\/wp-json\/wp\/v2\/product_cat?post=87222"},{"taxonomy":"product_tag","embeddable":true,"href":"https:\/\/secureus.se\/fi\/wp-json\/wp\/v2\/product_tag?post=87222"}],"curies":[{"name":"wp","href":"https:\/\/api.w.org\/{rel}","templated":true}]}}