{"id":87294,"date":"2023-11-13T15:40:35","date_gmt":"2023-11-13T14:40:35","guid":{"rendered":"https:\/\/secureus.se\/?post_type=product&#038;p=87294"},"modified":"2026-04-02T10:43:43","modified_gmt":"2026-04-02T08:43:43","slug":"ajax-fireprotect-2-plus-rb-rok-co-och-temperatur-vit","status":"publish","type":"product","link":"https:\/\/secureus.se\/fi\/ajax-fireprotect-2-plus-rb-rok-co-och-temperatur-vit\/","title":{"rendered":"Ajax FireProtect 2 Plus RB - Savu-, hiilidioksidi- ja l\u00e4mp\u00f6tilanilmaisin (valkoinen)"},"content":{"rendered":"<div class=\"flex max-w-full flex-col flex-grow\">\n<div class=\"min-h-8 text-message flex w-full flex-col items-end gap-2 whitespace-normal break-words [.text-message+&amp;]:mt-5\" dir=\"auto\" data-message-author-role=\"assistant\" data-message-id=\"ec240a7c-3248-48fd-b11c-7fdd4b01eed4\" data-message-model-slug=\"gpt-4o-mini\">\n<div class=\"flex w-full flex-col gap-1 empty:hidden first:pt-[3px]\">\n<div class=\"markdown prose w-full break-words dark:prose-invert light\">\n<h3>Ajax FireProtect 2 Plus RB \u00e4r den senaste innovationen inom brands\u00e4kerhet, som s\u00e4tter en ny standard f\u00f6r brandvarnare.<\/h3>\n<p>Med sin f\u00f6rm\u00e5ga att detektera r\u00f6k, temperatur och kolmonoxid (CO) erbjuder denna enhet en \u00f6verl\u00e4gsen niv\u00e5 av s\u00e4kerhet f\u00f6r b\u00e5de hem och f\u00f6retag. FireProtect 2 Plus RB har en avancerad r\u00f6kkammare som eliminerar behovet av reng\u00f6ring och effektivt reducerar risken f\u00f6r falsklarm, som kan orsakas av faktorer som fukt, k\u00f6ld, damm och insekter.<\/p>\n<p><strong>Exakt och P\u00e5litlig Detektion<\/strong><br \/>\nDen innovativa dubbelspektrumsensorn i Ajax FireProtect 2 Plus RB skiljer p\u00e5 r\u00f6k och \u00e5nga, vilket g\u00f6r att den snabbt reagerar p\u00e5 br\u00e4nder med syntetiska material och eliminerar risken f\u00f6r att aktivera larmet i icke-brandrelaterade situationer.<\/p>\n<p>Denna f\u00f6rm\u00e5ga att s\u00e4rskilja mellan r\u00f6k och \u00e5nga g\u00f6r FireProtect 2 Plus RB till en mycket exakt och p\u00e5litlig brandvarnare.<\/p>\n<p><strong>L\u00e5ng Batteritid och Enkel Utbyte<\/strong><br \/>\nFireProtect 2 Plus RB \u00e4r utrustad med tv\u00e5 CR123A-batterier som har en l\u00e5ng livsl\u00e4ngd p\u00e5 upp till 7 \u00e5r.<\/p>\n<p>N\u00e4r batterierna beh\u00f6ver bytas p\u00e5minner Ajax-appen anv\u00e4ndaren, vilket g\u00f6r det enkelt att h\u00e5lla enheten i toppskick. F\u00f6r att s\u00e4kerst\u00e4lla att brandvarnaren \u00e4r i funktionell ordning hela tiden, finns en notifiering f\u00f6r n\u00e4r det \u00e4r dags att byta batteri.<\/p>\n<p><strong>Kompatibilitet och Enkel Installation<\/strong><br \/>\nAjax FireProtect 2 Plus RB fungerar perfekt tillsammans med Ajax-larmsystemet och kan integreras enkelt via Ajax-appen.<\/p>\n<p>Den tr\u00e5dl\u00f6sa r\u00e4ckvidden p\u00e5 upp till 1700 meter g\u00f6r installationen flexibel och enkel. Den fungerar \u00e4ven som en frist\u00e5ende enhet, vilket inneb\u00e4r att den inte beh\u00f6ver anslutas till n\u00e5got system f\u00f6r att fungera, vilket ger anv\u00e4ndaren maximal flexibilitet.<\/p>\n<p><strong>S\u00e4kerhetsniv\u00e5er och Funktioner<\/strong><br \/>\nFireProtect 2 Plus RB har en ljudstyrka p\u00e5 85 dB vid 3 meters avst\u00e5nd, vilket \u00e4r tillr\u00e4ckligt f\u00f6r att s\u00e4kerst\u00e4lla att anv\u00e4ndaren h\u00f6r larmet \u00e4ven i bullriga milj\u00f6er.<\/p>\n<p>Larmtr\u00f6skeln f\u00f6r temperatur \u00e4r 64\u00b0C eller en \u00f6kning med 10\u00b0C under en minut, vilket g\u00f6r att den snabbt reagerar p\u00e5 brandh\u00e4ndelser. Med dess IP20-klassning \u00e4r brandvarnaren skyddad mot smuts och damm, men den \u00e4r inte avsedd f\u00f6r utomhusbruk.<\/p>\n<p><strong>Tekniska Specifikationer<\/strong>:<\/p>\n<ul>\n<li><strong>Kompatibilitet<\/strong>: Hub Plus, Hub 2, Hub 2 Plus, Hub Hybrid, ReX, ReX 2<\/li>\n<li><strong>Tr\u00e5dl\u00f6s R\u00e4ckvidd<\/strong>: Upp till 1700 meter i fri terr\u00e4ng<\/li>\n<li><strong>Batterityp<\/strong>: 2 x CR123A<\/li>\n<li><strong>Batterilivsl\u00e4ngd<\/strong>: Upp till 7 \u00e5r<\/li>\n<li><strong>Temperaturomr\u00e5de<\/strong>: 0\u00b0C till +50\u00b0C<\/li>\n<li><strong>Luftfuktighet<\/strong>: Upp till 80%<\/li>\n<li><strong>IP-klass<\/strong>: IP20<\/li>\n<li><strong>Ljudstyrka<\/strong>: 85 dB (3 meter)<\/li>\n<li><strong>Larmtr\u00f6skel<\/strong>: +64\u00b0C eller \u00f6kning med 10\u00b0C under mindre \u00e4n 1 minut<\/li>\n<\/ul>\n<p><strong>F\u00f6rpackningen Inneh\u00e5ller<\/strong>:<\/p>\n<ul>\n<li>1 x Ajax FireProtect 2 Plus RB<\/li>\n<li>2 x CR123A-batterier<\/li>\n<li>1 x Monteringskit<\/li>\n<\/ul>\n<p><strong>Slutsats<\/strong>:<br \/>\nAjax FireProtect 2 Plus RB \u00e4r en banbrytande l\u00f6sning f\u00f6r brands\u00e4kerhet som erbjuder exakt detektion av r\u00f6k, temperaturf\u00f6r\u00e4ndringar och kolmonoxid.<\/p>\n<p>Med sin innovativa design och avancerade teknologi \u00e4r den b\u00e5de p\u00e5litlig och effektiv, vilket g\u00f6r den till ett utm\u00e4rkt val f\u00f6r alla som s\u00f6ker h\u00f6gkvalitativ brandskydd i sitt hem eller f\u00f6retag.<\/p>\n<\/div>\n<\/div>\n<\/div>\n<\/div>\n<div class=\"mb-2 flex gap-3 empty:hidden -ml-2\">\n<div class=\"items-center justify-start rounded-xl p-1 flex\">\n<div class=\"flex items-center\"><\/div>\n<\/div>\n<\/div>\n","protected":false},"excerpt":{"rendered":"<p>Ajax FireProtect 2 Plus RB on edistynyt palovaroitin, joka pystyy havaitsemaan savun, l\u00e4mp\u00f6tilan muutokset ja h\u00e4k\u00e4.<\/p>\n<p>Se on varustettu innovatiivisella savukammiolla ja kaksitaajuuksisilla antureilla, mik\u00e4 minimoi v\u00e4\u00e4rien h\u00e4lytysten riskin ja tarjoaa luotettavaa turvallisuutta kotillesi tai yrityksellesi.<\/p>\n<p>Pitk\u00e4 akunkesto ja sulava integrointi Ajax-h\u00e4lytysj\u00e4rjestelm\u00e4\u00e4n tekev\u00e4t siit\u00e4 ihanteellisen ratkaisun paloturvallisuuteen.<\/p>","protected":false},"featured_media":155444,"template":"","meta":{"_acf_changed":false},"product_brand":[],"product_cat":[3159,1319],"product_tag":[3152,3127,4863],"class_list":{"0":"post-87294","1":"product","2":"type-product","3":"status-publish","4":"has-post-thumbnail","6":"product_cat-brandvarnare","7":"product_cat-ajax-larm","8":"product_tag-cr123-tillbehor","9":"product_tag-kontrollprodukt","10":"product_tag-pf","11":"product_shipping_class-tunga-paket","12":"pa_brands-ajax-systems","13":"pa_farg-vit","14":"tm-no-options","16":"first","17":"instock","18":"sale","19":"featured","20":"taxable","21":"shipping-taxable","22":"purchasable","23":"product-type-simple"},"acf":[],"_links":{"self":[{"href":"https:\/\/secureus.se\/fi\/wp-json\/wp\/v2\/product\/87294","targetHints":{"allow":["GET"]}}],"collection":[{"href":"https:\/\/secureus.se\/fi\/wp-json\/wp\/v2\/product"}],"about":[{"href":"https:\/\/secureus.se\/fi\/wp-json\/wp\/v2\/types\/product"}],"wp:featuredmedia":[{"embeddable":true,"href":"https:\/\/secureus.se\/fi\/wp-json\/wp\/v2\/media\/155444"}],"wp:attachment":[{"href":"https:\/\/secureus.se\/fi\/wp-json\/wp\/v2\/media?parent=87294"}],"wp:term":[{"taxonomy":"product_brand","embeddable":true,"href":"https:\/\/secureus.se\/fi\/wp-json\/wp\/v2\/product_brand?post=87294"},{"taxonomy":"product_cat","embeddable":true,"href":"https:\/\/secureus.se\/fi\/wp-json\/wp\/v2\/product_cat?post=87294"},{"taxonomy":"product_tag","embeddable":true,"href":"https:\/\/secureus.se\/fi\/wp-json\/wp\/v2\/product_tag?post=87294"}],"curies":[{"name":"wp","href":"https:\/\/api.w.org\/{rel}","templated":true}]}}