{"id":87449,"date":"2023-11-07T16:15:44","date_gmt":"2023-11-07T15:15:44","guid":{"rendered":"https:\/\/secureus.se\/?post_type=product&#038;p=87449"},"modified":"2026-03-26T14:28:56","modified_gmt":"2026-03-26T13:28:56","slug":"vanderbilt-sir-1992-v-lp-siren-32-tones-indoor-white","status":"publish","type":"product","link":"https:\/\/secureus.se\/fi\/vanderbilt-sir-1992-v-lp-siren-32-tones-indoor-white\/","title":{"rendered":"Vanderbilt SIR 1992 V-LP Sireeni, 32 \u00c4\u00e4nt\u00e4, Sis\u00e4, Valkoinen"},"content":{"rendered":"<h1>Vanderbilt SIR 1992 V-LP Siren<\/h1>\n<p data-start=\"205\" data-end=\"324\"><span class=\"relative -mx-px my-[-0.2rem] rounded px-px py-[0.2rem]\">Vanderbilt SIR 1992 V-LP \u00e4r en h\u00f6gkvalitativ inomhussir\u00e9n designad f\u00f6r att m\u00f6ta kraven i olika s\u00e4kerhets- och brandlarmsystem.<\/span><\/p>\n<p data-start=\"205\" data-end=\"324\"><span class=\"relative -mx-px my-[-0.2rem] rounded px-px py-[0.2rem]\">Med sina 32 anv\u00e4ndarvalbara toner, inklusive godk\u00e4nda brandlarmsljud, erbjuder den flexibilitet att anpassa ljudsignaler efter specifika behov.<\/span>\u200b<\/p>\n<p data-start=\"326\" data-end=\"347\"><strong data-start=\"326\" data-end=\"347\">Nyckelfunktioner:<\/strong><\/p>\n<ul data-start=\"349\" data-end=\"909\">\n<li data-start=\"349\" data-end=\"459\">\n<p data-start=\"351\" data-end=\"459\"><strong data-start=\"351\" data-end=\"377\">Anv\u00e4ndarvalbara toner:<\/strong> <span class=\"relative -mx-px my-[-0.2rem] rounded px-px py-[0.2rem]\">Med 32 olika toner kan anv\u00e4ndaren v\u00e4lja den som b\u00e4st passar applikationens krav, inklusive godk\u00e4nda brandlarmsljud och allm\u00e4nna signaler.<\/span>\u200b<\/p>\n<\/li>\n<li data-start=\"461\" data-end=\"573\">\n<p data-start=\"463\" data-end=\"573\"><strong data-start=\"463\" data-end=\"489\">Brett sp\u00e4nningsomr\u00e5de:<\/strong> <span class=\"relative -mx-px my-[-0.2rem] rounded px-px py-[0.2rem]\">Sir\u00e9nens breda driftssp\u00e4nningsintervall p\u00e5 9\u201328 VDC g\u00f6r den kompatibel med olika system och underl\u00e4ttar integrationen i befintliga installationer.<\/span>\u200b<\/p>\n<\/li>\n<li data-start=\"575\" data-end=\"688\">\n<p data-start=\"577\" data-end=\"688\"><strong data-start=\"577\" data-end=\"602\">L\u00e5g str\u00f6mf\u00f6rbrukning:<\/strong> <span class=\"relative -mx-px my-[-0.2rem] rounded px-px py-[0.2rem]\">Med en str\u00f6mf\u00f6rbrukning p\u00e5 endast 16 mA vid anv\u00e4ndning av ton 3 bidrar SIR 1992 V-LP till energieffektivitet och minskar belastningen p\u00e5 str\u00f6msystemet.<\/span><\/p>\n<\/li>\n<li data-start=\"690\" data-end=\"796\">\n<p data-start=\"692\" data-end=\"796\"><strong data-start=\"692\" data-end=\"710\">Robust design:<\/strong> <span class=\"relative -mx-px my-[-0.2rem] rounded px-px py-[0.2rem]\">Tillverkad av h\u00e5llbar ABS-plast och med en ljudniv\u00e5 p\u00e5 102 dB(A) vid ton 3, \u00e4r sir\u00e4nen b\u00e5de slitstark och effektiv i att generera starka ljudsignaler.<\/span>\u200b<\/p>\n<\/li>\n<li data-start=\"798\" data-end=\"909\">\n<p data-start=\"800\" data-end=\"909\"><strong data-start=\"800\" data-end=\"823\">Enkel installation:<\/strong> <span class=\"relative -mx-px my-[-0.2rem] rounded px-px py-[0.2rem]\">Sir\u00e9nens design m\u00f6jligg\u00f6r snabb och enkel installation, vilket sparar tid och minskar installationskostnader.<\/span>\u200b<\/p>\n<\/li>\n<\/ul>\n<p data-start=\"911\" data-end=\"940\"><strong data-start=\"911\" data-end=\"940\">Tekniska specifikationer:<\/strong><\/p>\n<ul data-start=\"942\" data-end=\"1654\">\n<li data-start=\"942\" data-end=\"1039\"><strong data-start=\"944\" data-end=\"953\">F\u00e4rg:<\/strong> <span class=\"relative -mx-px my-[-0.2rem] rounded px-px py-[0.2rem]\">Vit<\/span>\u200b<\/li>\n<li data-start=\"1040\" data-end=\"1141\"><strong data-start=\"1042\" data-end=\"1055\">Material:<\/strong> <span class=\"relative -mx-px my-[-0.2rem] rounded px-px py-[0.2rem]\">ABS-plast<\/span><\/li>\n<li data-start=\"1142\" data-end=\"1239\"><strong data-start=\"1144\" data-end=\"1153\">M\u00e5tt:<\/strong> <span class=\"relative -mx-px my-[-0.2rem] rounded px-px py-[0.2rem]\">200 mm (diameter) x 80 mm (djup)<\/span>\u200b<\/li>\n<li data-start=\"1240\" data-end=\"1337\"><strong data-start=\"1242\" data-end=\"1251\">Vikt:<\/strong> <span class=\"relative -mx-px my-[-0.2rem] rounded px-px py-[0.2rem]\">0,24 kg (normalbas), 0,25 kg (djupbas)<\/span><\/li>\n<li data-start=\"1338\" data-end=\"1439\"><strong data-start=\"1340\" data-end=\"1353\">Ljudniv\u00e5:<\/strong> <span class=\"relative -mx-px my-[-0.2rem] rounded px-px py-[0.2rem]\">102 dB(A) vid ton 3<\/span>\u200b<\/li>\n<li data-start=\"1440\" data-end=\"1549\"><strong data-start=\"1442\" data-end=\"1463\">Driftstemperatur:<\/strong> <span class=\"relative -mx-px my-[-0.2rem] rounded px-px py-[0.2rem]\">-10 \u00b0C till +55 \u00b0C<\/span>\u200b<\/li>\n<li data-start=\"1550\" data-end=\"1654\"><strong data-start=\"1552\" data-end=\"1568\">Skyddsklass:<\/strong> <span class=\"relative -mx-px my-[-0.2rem] rounded px-px py-[0.2rem]\">IP54 (normalbas), IP65 (djupbas)<\/span>\u200b<\/li>\n<\/ul>\n<p data-start=\"1656\" data-end=\"1679\"><strong data-start=\"1656\" data-end=\"1679\">Anv\u00e4ndningsomr\u00e5den:<\/strong><\/p>\n<p data-start=\"1681\" data-end=\"1766\"><span class=\"relative -mx-px my-[-0.2rem] rounded px-px py-[0.2rem]\">SIR 1992 V-LP \u00e4r idealisk f\u00f6r en m\u00e4ngd olika till\u00e4mpningar, inklusive:<\/span>\u200b<\/p>\n<ul data-start=\"1768\" data-end=\"2107\">\n<li data-start=\"1768\" data-end=\"1876\">\n<p data-start=\"1770\" data-end=\"1876\"><strong data-start=\"1770\" data-end=\"1790\">Brandlarmsystem:<\/strong> <span class=\"relative -mx-px my-[-0.2rem] rounded px-px py-[0.2rem]\">F\u00f6r att ge tydliga och h\u00f6rbara varningssignaler vid brand.<\/span>\u200b<\/p>\n<\/li>\n<li data-start=\"1878\" data-end=\"1986\">\n<p data-start=\"1880\" data-end=\"1986\"><strong data-start=\"1880\" data-end=\"1900\">S\u00e4kerhetssystem:<\/strong> <span class=\"relative -mx-px my-[-0.2rem] rounded px-px py-[0.2rem]\">Som en del av inbrottslarm f\u00f6r att avskr\u00e4cka obeh\u00f6rig \u00e5tkomst<\/span><\/p>\n<\/li>\n<li data-start=\"1988\" data-end=\"2107\">\n<p data-start=\"1990\" data-end=\"2107\"><strong data-start=\"1990\" data-end=\"2021\">Industriella applikationer:<\/strong> <span class=\"relative -mx-px my-[-0.2rem] rounded px-px py-[0.2rem]\">F\u00f6r att signalera process\u00e4ndringar eller s\u00e4kerhetsmeddelanden i industrimilj\u00f6er<\/span><\/p>\n<\/li>\n<\/ul>\n<p data-start=\"2109\" data-end=\"2122\"><strong data-start=\"2109\" data-end=\"2122\">F\u00f6rdelar:<\/strong><\/p>\n<ul data-start=\"2124\" data-end=\"2558\">\n<li data-start=\"2124\" data-end=\"2229\">\n<p data-start=\"2126\" data-end=\"2229\"><strong data-start=\"2126\" data-end=\"2143\">Flexibilitet:<\/strong> <span class=\"relative -mx-px my-[-0.2rem] rounded px-px py-[0.2rem]\">De 32 anv\u00e4ndarvalbara tonerna ger m\u00f6jlighet att anpassa ljudsignaler efter specifika behov.<\/span>\u200b<\/p>\n<\/li>\n<li data-start=\"2231\" data-end=\"2342\">\n<p data-start=\"2233\" data-end=\"2342\"><strong data-start=\"2233\" data-end=\"2256\">Energieffektivitet:<\/strong> <span class=\"relative -mx-px my-[-0.2rem] rounded px-px py-[0.2rem]\">Den l\u00e5ga str\u00f6mf\u00f6rbrukningen bidrar till att minska driftkostnader och f\u00f6rl\u00e4nger livsl\u00e4ngden p\u00e5 str\u00f6msystemet.<\/span>\u200b<\/p>\n<\/li>\n<li data-start=\"2344\" data-end=\"2446\">\n<p data-start=\"2346\" data-end=\"2446\"><strong data-start=\"2346\" data-end=\"2360\">Robusthet:<\/strong> <span class=\"relative -mx-px my-[-0.2rem] rounded px-px py-[0.2rem]\">Med en h\u00f6g ljudniv\u00e5 och h\u00e5llbar konstruktion \u00e4r sir\u00e4nen p\u00e5litlig \u00e4ven i kr\u00e4vande milj\u00f6er.<\/span>\u200b<\/p>\n<\/li>\n<li data-start=\"2448\" data-end=\"2558\">\n<p data-start=\"2450\" data-end=\"2558\"><strong data-start=\"2450\" data-end=\"2472\">Enkel integration:<\/strong> <span class=\"relative -mx-px my-[-0.2rem] rounded px-px py-[0.2rem]\">Det breda sp\u00e4nningsintervallet och den l\u00e5ga str\u00f6mf\u00f6rbrukningen underl\u00e4ttar integrationen i olika system.<\/span><\/p>\n<\/li>\n<\/ul>\n","protected":false},"excerpt":{"rendered":"<p><span class=\"relative -mx-px my-[-0.2rem] rounded px-px py-[0.2rem]\">Vanderbilt SIR 1992 V-LP \u00e4r en vit inomhussir\u00e9n som erbjuder 32 anv\u00e4ndarvalbara toner.<\/span><\/p>\n<p><span class=\"relative -mx-px my-[-0.2rem] rounded px-px py-[0.2rem]\">Med ett brett sp\u00e4nningsomr\u00e5de och l\u00e5g str\u00f6mf\u00f6rbrukning \u00e4r den idealisk f\u00f6r brand-, s\u00e4kerhets- och industriella applikationer.<\/span><\/p>\n<p><span class=\"relative -mx-px my-[-0.2rem] rounded px-px py-[0.2rem]\">Den enkla installationen och robusta designen s\u00e4kerst\u00e4ller p\u00e5litlig prestanda.<\/span><\/p>\n","protected":false},"featured_media":139091,"template":"","meta":{"_acf_changed":false},"product_brand":[],"product_cat":[5097,1562,1825,5105],"product_tag":[],"class_list":{"0":"post-87449","1":"product","2":"type-product","3":"status-publish","4":"has-post-thumbnail","6":"product_cat-kombisiren-blixt-brand","7":"product_cat-larmdon-blixtljus","8":"product_cat-sirener-brand","9":"product_cat-larmsirener","10":"product_shipping_class-tunga-paket","11":"pa_brands-6vanderbilt","12":"tm-no-options","14":"first","15":"onbackorder","16":"sale","17":"taxable","18":"shipping-taxable","19":"purchasable","20":"product-type-simple"},"acf":[],"_links":{"self":[{"href":"https:\/\/secureus.se\/fi\/wp-json\/wp\/v2\/product\/87449","targetHints":{"allow":["GET"]}}],"collection":[{"href":"https:\/\/secureus.se\/fi\/wp-json\/wp\/v2\/product"}],"about":[{"href":"https:\/\/secureus.se\/fi\/wp-json\/wp\/v2\/types\/product"}],"wp:featuredmedia":[{"embeddable":true,"href":"https:\/\/secureus.se\/fi\/wp-json\/wp\/v2\/media\/139091"}],"wp:attachment":[{"href":"https:\/\/secureus.se\/fi\/wp-json\/wp\/v2\/media?parent=87449"}],"wp:term":[{"taxonomy":"product_brand","embeddable":true,"href":"https:\/\/secureus.se\/fi\/wp-json\/wp\/v2\/product_brand?post=87449"},{"taxonomy":"product_cat","embeddable":true,"href":"https:\/\/secureus.se\/fi\/wp-json\/wp\/v2\/product_cat?post=87449"},{"taxonomy":"product_tag","embeddable":true,"href":"https:\/\/secureus.se\/fi\/wp-json\/wp\/v2\/product_tag?post=87449"}],"curies":[{"name":"wp","href":"https:\/\/api.w.org\/{rel}","templated":true}]}}