{"id":87451,"date":"2023-11-22T17:06:13","date_gmt":"2023-11-22T16:06:13","guid":{"rendered":"https:\/\/secureus.se\/?post_type=product&#038;p=87451"},"modified":"2026-04-18T21:11:15","modified_gmt":"2026-04-18T19:11:15","slug":"tagg-laddbricka-mifare-pro","status":"publish","type":"product","link":"https:\/\/secureus.se\/fi\/tagg-laddbricka-mifare-pro\/","title":{"rendered":"Tag Charging Tag Mifare\u00ae \u2013 Pro"},"content":{"rendered":"<h1>RFID-tunnisteen latausalusta Mifare<\/h1>\n<p>Yksinkertaista s\u00e4hk\u00f6autosi lataamista ja lis\u00e4\u00e4 turvallisuustasoa RFID-tunnisteillamme ja lataustunnisteillamme, jotka on r\u00e4\u00e4t\u00e4l\u00f6ity MIFARE-standardin mukaan ja jotka ovat yhteensopivia johtavien merkkien, kuten Easee &amp; Zaptecin, latauslaatikoiden kanssa.<\/p>\n<h3><strong>T\u00e4rkeimm\u00e4t ominaisuudet:<\/strong><\/h3>\n<ol>\n<li><strong>Helppo p\u00e4\u00e4synhallinta:<\/strong>\n<ul>\n<li>K\u00e4yt\u00e4 RFID-tunnistettamme latauslaatikon helposti lukitsemiseen ja k\u00e4ytt\u00e4jien p\u00e4\u00e4syn s\u00e4\u00e4telyyn. T\u00e4ydellinen rajoittamaan k\u00e4ytt\u00f6\u00e4 valvomattomissa paikoissa, kuten kes\u00e4m\u00f6keiss\u00e4.<\/li>\n<\/ul>\n<\/li>\n<li><strong>Turvallisuus keski\u00f6ss\u00e4:<\/strong>\n<ul>\n<li>Suojaa latauslaatikkosi MIFARE-standardin RFID-tunnisteellamme, joka on ihanteellinen k\u00e4ytt\u00e4jille, jotka asettavat turvallisuuden etusijalle, erityisesti paikoissa, joissa latauslaatikko on alttiina pitki\u00e4 aikoja ilman valvontaa.<\/li>\n<\/ul>\n<\/li>\n<li><strong>Sujuva asennus:<\/strong>\n<ul>\n<li>Integroi RFID-tunniste helposti seuraamalla latauslaatikkosovelluksesi selkeit\u00e4 ohjeita. Ei monimutkaista prosessia, vain yksinkertainen ja sujuva k\u00e4ytt\u00f6.<\/li>\n<\/ul>\n<\/li>\n<li><strong>Optimaalinen tehokkuus latausalustalla:<\/strong>\n<ul>\n<li>Lis\u00e4\u00e4 latausnopeutta jopa 40% tehokkaalla latausalustallamme, mik\u00e4 mahdollistaa nopeamman ja kustannustehokkaamman latauksen s\u00e4hk\u00f6autollesi.<\/li>\n<\/ul>\n<\/li>\n<\/ol>\n<h3><strong>K\u00e4ytt\u00f6alueet:<\/strong><\/h3>\n<ul>\n<li><strong>Vapaa-ajan lataus:<\/strong>\n<ul>\n<li>T\u00e4ydellinen kes\u00e4m\u00f6kkeihin tai paikkoihin, joissa latauslaatikko voi olla ilman valvontaa. RFID-tunniste antaa sinulle hallinnan latauslaatikon k\u00e4yt\u00f6st\u00e4 ja lis\u00e4\u00e4 turvallisuutta.<\/li>\n<\/ul>\n<\/li>\n<li><strong>Turvallinen yrityslataus:<\/strong>\n<ul>\n<li>Ihanteellinen yrityksille, joiden on varmistettava, ett\u00e4 vain valtuutetuilla k\u00e4ytt\u00e4jill\u00e4 on p\u00e4\u00e4sy latausinfrastruktuuriin.<\/li>\n<\/ul>\n<\/li>\n<\/ul>\n<p>Optimoi s\u00e4hk\u00f6autosi lataus luotettavien RFID-tunnisteiden ja lataustunnisteiden avulla. Tee tilauksesi jo t\u00e4n\u00e4\u00e4n saadaksesi turvallisemman ja sujuvamman latauskokemuksen Easeella!<\/p>\n<h3 class=\"title3_container__95KRM\"><strong>Zaptec<\/strong><\/h3>\n<ol>\n<li>\n<p class=\"editorial-body_container__B1_Rn\">Avaa Zaptec-sovellus<\/p>\n<\/li>\n<li>\n<p class=\"editorial-body_container__B1_Rn\">Siirry osoitteeseen\u00a0<strong>Minun avaimenper\u00e4ni<\/strong><\/p>\n<\/li>\n<li>\n<p class=\"editorial-body_container__B1_Rn\">Valita\u00a0<strong>Lis\u00e4\u00e4 uusi<\/strong><\/p>\n<\/li>\n<\/ol>\n<h3 class=\"title3_container__95KRM\"><strong>Helppo<\/strong><\/h3>\n<ol>\n<li>\n<p class=\"editorial-body_container__B1_Rn\">Avaa Easee-sovellus<\/p>\n<\/li>\n<li>\n<p class=\"editorial-body_container__B1_Rn\">Avaa valikko vasemmassa yl\u00e4kulmassa<\/p>\n<\/li>\n<li>\n<p class=\"editorial-body_container__B1_Rn\">Valita\u00a0<strong>Helppoja avaimia<\/strong> ja hyvin\u00a0<strong>Lis\u00e4t\u00e4<\/strong> oikeasta yl\u00e4kulmasta<\/p>\n<\/li>\n<li>\n<p class=\"editorial-body_container__B1_Rn\">Valitse latauslaatikkosi<\/p>\n<\/li>\n<li>\n<p class=\"editorial-body_container__B1_Rn\">Pid\u00e4 RFID-tunnustasi latauskotelon merkint\u00e4\u00e4 vasten tai skannaa se puhelimellasi<\/p>\n<\/li>\n<li>\n<p class=\"editorial-body_container__B1_Rn\">Nime\u00e4 RFID-tunniste, kuten &quot;Latausalusta&quot;<\/p>\n<\/li>\n<\/ol>","protected":false},"excerpt":{"rendered":"<p>Musta RFID-tunniste \/ latausalusta. Tunniste on MIFARE-standardin mukainen ja toimii kaikkien MIFARE-standardia tukevien latauslaitteiden kanssa, mukaan lukien Easee ja Zaptec. T\u00e4ss\u00e4 tuotteessa on NXP\u00ae-sertifioitu siru.<\/p>\n<p>Jos haluat tunnisteeseen numeron, jolla tunnisteen voi helposti lis\u00e4t\u00e4 sovellukseesi, napsauta \u201dMukauta tuotetta\u201d ja valitse \u201dChippet UID\u201d. Kaiverramme sitten tunnisteessa olevan yksil\u00f6llisen avainnumeron ennen toimitusta.<\/p>","protected":false},"featured_media":158677,"template":"","meta":{"_acf_changed":false},"product_brand":[],"product_cat":[3091,4784,4815,4814],"product_tag":[3090,4146],"class_list":{"0":"post-87451","1":"product","2":"type-product","3":"status-publish","4":"has-post-thumbnail","6":"product_cat-elbilsladdning","7":"product_cat-mifare1k","8":"product_cat-easee-taggar","9":"product_cat-zaptec-taggar","10":"product_tag-laddbricka","11":"product_tag-nxp","12":"product_shipping_class-postnord-varubrev","13":"pa_brands-stonehouse-security","14":"pa_chip-teknik-mifare1k","15":"tm-has-options","17":"first","18":"instock","19":"taxable","20":"shipping-taxable","21":"purchasable","22":"product-type-simple"},"acf":[],"_links":{"self":[{"href":"https:\/\/secureus.se\/fi\/wp-json\/wp\/v2\/product\/87451","targetHints":{"allow":["GET"]}}],"collection":[{"href":"https:\/\/secureus.se\/fi\/wp-json\/wp\/v2\/product"}],"about":[{"href":"https:\/\/secureus.se\/fi\/wp-json\/wp\/v2\/types\/product"}],"wp:featuredmedia":[{"embeddable":true,"href":"https:\/\/secureus.se\/fi\/wp-json\/wp\/v2\/media\/158677"}],"wp:attachment":[{"href":"https:\/\/secureus.se\/fi\/wp-json\/wp\/v2\/media?parent=87451"}],"wp:term":[{"taxonomy":"product_brand","embeddable":true,"href":"https:\/\/secureus.se\/fi\/wp-json\/wp\/v2\/product_brand?post=87451"},{"taxonomy":"product_cat","embeddable":true,"href":"https:\/\/secureus.se\/fi\/wp-json\/wp\/v2\/product_cat?post=87451"},{"taxonomy":"product_tag","embeddable":true,"href":"https:\/\/secureus.se\/fi\/wp-json\/wp\/v2\/product_tag?post=87451"}],"curies":[{"name":"wp","href":"https:\/\/api.w.org\/{rel}","templated":true}]}}