{"id":87759,"date":"2023-03-28T14:23:51","date_gmt":"2023-03-28T12:23:51","guid":{"rendered":"https:\/\/secureus.se\/produkt\/apollo-pp2526-discovery-brandknapp-inomhusbruk-en-54-11-certifierad-rod\/"},"modified":"2026-04-22T15:02:47","modified_gmt":"2026-04-22T13:02:47","slug":"apollo-pp2526-discovery-brandknapp-inomhusbruk-en-54-11-certifierad-rod","status":"publish","type":"product","link":"https:\/\/secureus.se\/fi\/apollo-pp2526-discovery-brandknapp-inomhusbruk-en-54-11-certifierad-rod\/","title":{"rendered":"Apollo PP2526 Discovery Fire-painike, sis\u00e4k\u00e4ytt\u00f6\u00f6n, EN 54-11 -sertifioitu, punainen"},"content":{"rendered":"<h1>Apollo PP2526 Discovery Fire-painike, sis\u00e4k\u00e4ytt\u00f6\u00f6n, EN 54-11 -sertifioitu, punainen<\/h1>\n<p class=\"\" data-start=\"396\" data-end=\"765\">Apollo PP2526 Discovery Intelligent Manual -h\u00e4lytyspiste on suunniteltu aktivoimaan paloh\u00e4lytys helposti painamalla nollauspainiketta.<\/p>\n<p class=\"\" data-start=\"396\" data-end=\"765\">Aktivoituna se antaa tasaisen punaisen merkkivalon h\u00e4lytyksen tilasta, kun taas vilkkuu vihre\u00e4n\u00e4 pollaustilan ja keltaisena vikana.<\/p>\n<p class=\"\" data-start=\"396\" data-end=\"765\">N\u00e4in laitteen toimivuutta on helppo valvoa ja todentaa.<\/p>\n<p class=\"\" data-start=\"767\" data-end=\"1208\">T\u00e4m\u00e4 manuaalinen merkkivalo soveltuu sek\u00e4 puoliksi upotettuun ett\u00e4 pinta-asennukseen, ja sen IP44-luokitus suojaa lialta ja kosteudelta.<\/p>\n<p class=\"\" data-start=\"767\" data-end=\"1208\">17-35 V DC j\u00e4nnitteell\u00e4 ja XP95-, Discovery- ja CoreProtocol-j\u00e4rjestelmien kanssa yhteensopivalla laitteella on korkea suorituskyky ja luotettavuus.<\/p>\n<p class=\"\" data-start=\"767\" data-end=\"1208\">Siin\u00e4 on Plug and Play -liit\u00e4nt\u00e4 nopeaa ja helppoa asennusta varten sek\u00e4 jatkuvuuslinkki kaapeleiden testaamiseksi ennen asennusta.<\/p>\n<p class=\"\" data-start=\"1210\" data-end=\"1343\">10 vuoden takuun ja vankan polykarbonaattikotelon ansiosta t\u00e4m\u00e4 manuaalinen h\u00e4lytyspiste on kest\u00e4v\u00e4 ja turvallinen ratkaisu paloh\u00e4lytysj\u00e4rjestelmiin.<\/p>","protected":false},"excerpt":{"rendered":"<p>Apollo PP2526 Discovery Intelligent Manual Scout Pointia k\u00e4ytet\u00e4\u00e4n h\u00e4lytyksen manuaaliseen k\u00e4ynnist\u00e4miseen palonhavaitsemisj\u00e4rjestelm\u00e4ss\u00e4.<\/p>\n<p>Siin\u00e4 on nollattava toiminto, 170\u00b0 n\u00e4kyv\u00e4 LED ja se on sertifioitu EN 54-11 mukaisesti.<\/p>","protected":false},"featured_media":140460,"template":"","meta":{"_acf_changed":false},"product_brand":[],"product_cat":[4748],"product_tag":[],"class_list":{"0":"post-87759","1":"product","2":"type-product","3":"status-publish","4":"has-post-thumbnail","6":"product_cat-discovery-serien","7":"product_shipping_class-postnord-varubrev","8":"pa_brands-apollo-fire-detectors","9":"tm-no-options","11":"first","12":"instock","13":"sale","14":"featured","15":"taxable","16":"shipping-taxable","17":"purchasable","18":"product-type-simple"},"acf":[],"_links":{"self":[{"href":"https:\/\/secureus.se\/fi\/wp-json\/wp\/v2\/product\/87759","targetHints":{"allow":["GET"]}}],"collection":[{"href":"https:\/\/secureus.se\/fi\/wp-json\/wp\/v2\/product"}],"about":[{"href":"https:\/\/secureus.se\/fi\/wp-json\/wp\/v2\/types\/product"}],"wp:featuredmedia":[{"embeddable":true,"href":"https:\/\/secureus.se\/fi\/wp-json\/wp\/v2\/media\/140460"}],"wp:attachment":[{"href":"https:\/\/secureus.se\/fi\/wp-json\/wp\/v2\/media?parent=87759"}],"wp:term":[{"taxonomy":"product_brand","embeddable":true,"href":"https:\/\/secureus.se\/fi\/wp-json\/wp\/v2\/product_brand?post=87759"},{"taxonomy":"product_cat","embeddable":true,"href":"https:\/\/secureus.se\/fi\/wp-json\/wp\/v2\/product_cat?post=87759"},{"taxonomy":"product_tag","embeddable":true,"href":"https:\/\/secureus.se\/fi\/wp-json\/wp\/v2\/product_tag?post=87759"}],"curies":[{"name":"wp","href":"https:\/\/api.w.org\/{rel}","templated":true}]}}