{"id":87767,"date":"2023-09-14T14:45:32","date_gmt":"2023-09-14T12:45:32","guid":{"rendered":"https:\/\/secureus.se\/produkt\/siren-blixt-multiton-rod-en54-utom-inomhus-2\/"},"modified":"2026-03-12T13:13:03","modified_gmt":"2026-03-12T12:13:03","slug":"siren-blixt-multiton-rod-en54-utom-inomhus-bs-ah03127-s_low","status":"publish","type":"product","link":"https:\/\/secureus.se\/fi\/siren-blixt-multiton-rod-en54-utom-inomhus-bs-ah03127-s_low\/","title":{"rendered":"Sireeni\/Flash Multitone Red EN54, ulko\/sis\u00e4 BS-AH03127-S_LOW"},"content":{"rendered":"<h3 class=\"\" data-start=\"196\" data-end=\"289\"><strong data-start=\"200\" data-end=\"289\">Vilkkuuttava sireeni \u2013 Punainen (BS-AH03127-S_LOW) \u2013 EN54-sertifioitu sis\u00e4- ja ulkok\u00e4ytt\u00f6\u00f6n<\/strong><\/h3>\n<p class=\"\" data-start=\"291\" data-end=\"589\">Tehokas \u00e4\u00e4ni- ja valoh\u00e4lyttimien yhdistelm\u00e4 \u2013 t\u00e4ydellinen teollisuustiloihin, varastoihin, pys\u00e4k\u00f6intihalleihin ja muihin ymp\u00e4rist\u00f6ihin, joissa tarvitaan selkeit\u00e4 varoituksia.<br data-start=\"436\" data-end=\"439\" \/>Sireeni\/v\u00e4l\u00e4hdysvalo BS-AH03127-S_LOW on edistynyt h\u00e4lytysyksikk\u00f6, jonka \u00e4\u00e4nitaso on jopa 114 dB ja jossa on voimakas visuaalinen merkkivalo v\u00e4l\u00e4hdyksen avulla. Se on sertifioitu standardin EN54 mukaisesti.<\/p>\n<hr class=\"\" data-start=\"591\" data-end=\"594\" \/>\n<h4 class=\"\" data-start=\"596\" data-end=\"616\"><strong data-start=\"601\" data-end=\"616\">Ominaisuudet:<\/strong><\/h4>\n<ul data-start=\"617\" data-end=\"1222\">\n<li class=\"\" data-start=\"617\" data-end=\"690\">\n<p class=\"\" data-start=\"619\" data-end=\"690\">\ud83d\udd0a <strong data-start=\"622\" data-end=\"656\">Korkea \u00e4\u00e4nenvoimakkuus jopa 114 dB<\/strong> \u2013 kuuluu my\u00f6s meluisissa ymp\u00e4rist\u00f6iss\u00e4.<\/p>\n<\/li>\n<li class=\"\" data-start=\"691\" data-end=\"769\">\n<p class=\"\" data-start=\"693\" data-end=\"769\">\ud83d\udca1 <strong data-start=\"696\" data-end=\"737\">Integroitu salama ja tehokas objektiivi<\/strong> \u2013 selke\u00e4\u00e4 visuaalista varoitusta varten.<\/p>\n<\/li>\n<li class=\"\" data-start=\"770\" data-end=\"856\">\n<p class=\"\" data-start=\"772\" data-end=\"856\">\ud83d\udd27 <strong data-start=\"775\" data-end=\"797\">Yksinkertainen asennus<\/strong> \u2013 kaksoisliittimet helppoa sarjaankytkent\u00e4\u00e4 varten.<\/p>\n<\/li>\n<li class=\"\" data-start=\"857\" data-end=\"915\">\n<p class=\"\" data-start=\"859\" data-end=\"915\">\ud83c\udf9b\ufe0f <strong data-start=\"863\" data-end=\"880\">\u00c4\u00e4nenvoimakkuuden s\u00e4\u00e4t\u00f6<\/strong> \u2013 s\u00e4\u00e4d\u00e4 \u00e4\u00e4nenvoimakkuutta tarpeen mukaan.<\/p>\n<\/li>\n<li class=\"\" data-start=\"916\" data-end=\"1001\">\n<p class=\"\" data-start=\"918\" data-end=\"1001\">\ud83d\udd04 <strong data-start=\"921\" data-end=\"939\">32 merkki\u00e4\u00e4nt\u00e4<\/strong> \u2013 valitse helposti DIP-kytkimell\u00e4 eri tilanteisiin sopivaksi.<\/p>\n<\/li>\n<li class=\"\" data-start=\"1002\" data-end=\"1060\">\n<p class=\"\" data-start=\"1004\" data-end=\"1060\">\u26a1 <strong data-start=\"1006\" data-end=\"1030\">Pieni virrankulutus<\/strong> \u2013 vain 14,5 mA k\u00e4yt\u00f6n aikana.<\/p>\n<\/li>\n<li class=\"\" data-start=\"1061\" data-end=\"1132\">\n<p class=\"\" data-start=\"1063\" data-end=\"1132\">\ud83d\udee1\ufe0f <strong data-start=\"1067\" data-end=\"1087\">Suojausluokka IP44<\/strong> \u2013 kest\u00e4\u00e4 sek\u00e4 sis\u00e4- ett\u00e4 ulkoymp\u00e4rist\u00f6j\u00e4.<\/p>\n<\/li>\n<li class=\"\" data-start=\"1133\" data-end=\"1222\">\n<p class=\"\" data-start=\"1135\" data-end=\"1222\">\u2705 <strong data-start=\"1137\" data-end=\"1157\">EN54-sertifioitu<\/strong> \u2013 hyv\u00e4ksytty eurooppalaisten paloilmoitinlaitteita koskevien standardien mukaisesti.<\/p>\n<\/li>\n<\/ul>\n<hr class=\"\" data-start=\"1224\" data-end=\"1227\" \/>\n<h4 class=\"\" data-start=\"1229\" data-end=\"1258\"><strong data-start=\"1234\" data-end=\"1258\">Tekniset tiedot:<\/strong><\/h4>\n<div class=\"_tableContainer_16hzy_1\">\n<div class=\"_tableWrapper_16hzy_14 group flex w-fit flex-col-reverse\">\n<table class=\"w-fit min-w-(--thread-content-width)\" data-start=\"1260\" data-end=\"1744\">\n<thead data-start=\"1260\" data-end=\"1285\">\n<tr data-start=\"1260\" data-end=\"1285\">\n<th data-start=\"1260\" data-end=\"1276\" data-col-size=\"sm\">Erittely<\/th>\n<th data-start=\"1276\" data-end=\"1285\" data-col-size=\"sm\">Arvo<\/th>\n<\/tr>\n<\/thead>\n<tbody data-start=\"1312\" data-end=\"1744\">\n<tr data-start=\"1312\" data-end=\"1345\">\n<td data-start=\"1312\" data-end=\"1325\" data-col-size=\"sm\"><strong data-start=\"1314\" data-end=\"1324\">Malli<\/strong><\/td>\n<td data-start=\"1325\" data-end=\"1345\" data-col-size=\"sm\">BS-AH03127-S_LOW<\/td>\n<\/tr>\n<tr data-start=\"1346\" data-end=\"1380\">\n<td data-start=\"1346\" data-end=\"1356\" data-col-size=\"sm\"><strong data-start=\"1348\" data-end=\"1355\">Tyyppi<\/strong><\/td>\n<td data-start=\"1356\" data-end=\"1380\" data-col-size=\"sm\">Palosireeni vilkulla<\/td>\n<\/tr>\n<tr data-start=\"1381\" data-end=\"1406\">\n<td data-start=\"1381\" data-end=\"1396\" data-col-size=\"sm\"><strong data-start=\"1383\" data-end=\"1395\">J\u00e4nnite<\/strong><\/td>\n<td data-start=\"1396\" data-end=\"1406\" data-col-size=\"sm\">24V DC<\/td>\n<\/tr>\n<tr data-start=\"1407\" data-end=\"1449\">\n<td data-start=\"1407\" data-end=\"1438\" data-col-size=\"sm\"><strong data-start=\"1409\" data-end=\"1437\">Virrankulutus (h\u00e4lytys)<\/strong><\/td>\n<td data-col-size=\"sm\" data-start=\"1438\" data-end=\"1449\">14,5mA<\/td>\n<\/tr>\n<tr data-start=\"1450\" data-end=\"1496\">\n<td data-start=\"1450\" data-end=\"1465\" data-col-size=\"sm\"><strong data-start=\"1452\" data-end=\"1464\">\u00c4\u00e4nitaso<\/strong><\/td>\n<td data-col-size=\"sm\" data-start=\"1465\" data-end=\"1496\">Jopa 114 dB 1 metrin et\u00e4isyydell\u00e4<\/td>\n<\/tr>\n<tr data-start=\"1497\" data-end=\"1529\">\n<td data-start=\"1497\" data-end=\"1515\" data-col-size=\"sm\"><strong data-start=\"1499\" data-end=\"1514\">\u00c4\u00e4nimerkit<\/strong><\/td>\n<td data-col-size=\"sm\" data-start=\"1515\" data-end=\"1529\">32 valittavissa<\/td>\n<\/tr>\n<tr data-start=\"1530\" data-end=\"1548\">\n<td data-start=\"1530\" data-end=\"1541\" data-col-size=\"sm\"><strong data-start=\"1532\" data-end=\"1540\">Maali<\/strong><\/td>\n<td data-col-size=\"sm\" data-start=\"1541\" data-end=\"1548\">PUNAINEN<\/td>\n<\/tr>\n<tr data-start=\"1549\" data-end=\"1580\">\n<td data-start=\"1549\" data-end=\"1565\" data-col-size=\"sm\"><strong data-start=\"1551\" data-end=\"1564\">Asennus<\/strong><\/td>\n<td data-start=\"1565\" data-end=\"1580\" data-col-size=\"sm\">Pinta-asennus<\/td>\n<\/tr>\n<tr data-start=\"1581\" data-end=\"1607\">\n<td data-start=\"1581\" data-end=\"1599\" data-col-size=\"sm\"><strong data-start=\"1583\" data-end=\"1598\">Suojausluokka<\/strong><\/td>\n<td data-col-size=\"sm\" data-start=\"1599\" data-end=\"1607\">IP44<\/td>\n<\/tr>\n<tr data-start=\"1608\" data-end=\"1651\">\n<td data-start=\"1608\" data-end=\"1631\" data-col-size=\"sm\"><strong data-start=\"1610\" data-end=\"1630\">Mitat (\u00d8 x K x S)<\/strong><\/td>\n<td data-col-size=\"sm\" data-start=\"1631\" data-end=\"1651\">93 x 110 x 90 mm<\/td>\n<\/tr>\n<tr data-start=\"1652\" data-end=\"1672\">\n<td data-start=\"1652\" data-end=\"1663\" data-col-size=\"sm\"><strong data-start=\"1654\" data-end=\"1662\">Paino<\/strong><\/td>\n<td data-start=\"1663\" data-end=\"1672\" data-col-size=\"sm\">278 g<\/td>\n<\/tr>\n<tr data-start=\"1673\" data-end=\"1716\">\n<td data-start=\"1673\" data-end=\"1696\" data-col-size=\"sm\"><strong data-start=\"1675\" data-end=\"1695\">Ty\u00f6l\u00e4mp\u00f6tila<\/strong><\/td>\n<td data-col-size=\"sm\" data-start=\"1696\" data-end=\"1716\">-25\u00b0C - +80\u00b0C<\/td>\n<\/tr>\n<tr data-start=\"1717\" data-end=\"1744\">\n<td data-start=\"1717\" data-end=\"1736\" data-col-size=\"sm\"><strong data-start=\"1719\" data-end=\"1735\">Sertifiointi<\/strong><\/td>\n<td data-col-size=\"sm\" data-start=\"1736\" data-end=\"1744\">EN54<\/td>\n<\/tr>\n<\/tbody>\n<\/table>\n<div class=\"sticky end-(--thread-content-margin) h-0 self-end select-none\">\n<div class=\"absolute end-0 flex items-end\"><\/div>\n<\/div>\n<\/div>\n<\/div>\n<hr class=\"\" data-start=\"1746\" data-end=\"1749\" \/>\n<h4 class=\"\" data-start=\"1751\" data-end=\"1794\"><strong data-start=\"1756\" data-end=\"1794\">Suositellut k\u00e4ytt\u00f6tarkoitukset:<\/strong><\/h4>\n<ul data-start=\"1795\" data-end=\"1976\">\n<li class=\"\" data-start=\"1795\" data-end=\"1837\">\n<p class=\"\" data-start=\"1797\" data-end=\"1837\">Tehtaat ja teollisuuslaitokset<\/p>\n<\/li>\n<li class=\"\" data-start=\"1838\" data-end=\"1866\">\n<p class=\"\" data-start=\"1840\" data-end=\"1866\">Varastot ja logistiikkakeskukset<\/p>\n<\/li>\n<li class=\"\" data-start=\"1867\" data-end=\"1918\">\n<p class=\"\" data-start=\"1869\" data-end=\"1918\">Pys\u00e4k\u00f6intihallit ja suuremmat liikerakennukset<\/p>\n<\/li>\n<li class=\"\" data-start=\"1919\" data-end=\"1976\">\n<p class=\"\" data-start=\"1921\" data-end=\"1976\">Julkiset tilat, joissa tarvitaan sek\u00e4 \u00e4\u00e4ni- ett\u00e4 valoh\u00e4lyttimi\u00e4<\/p>\n<\/li>\n<\/ul>\n<hr class=\"\" data-start=\"1978\" data-end=\"1981\" \/>\n<h4 class=\"\" data-start=\"1983\" data-end=\"2017\"><strong data-start=\"1988\" data-end=\"2017\">Asennus ja huolto:<\/strong><\/h4>\n<p class=\"\" data-start=\"2018\" data-end=\"2310\">Asenna paikkaan, jossa sek\u00e4 \u00e4\u00e4ni ett\u00e4 valo voivat levit\u00e4 vapaasti ilman esteit\u00e4. Varmista vakaa virransy\u00f6tt\u00f6 ja oikea kytkent\u00e4 ohjeiden mukaisesti.<br data-start=\"2164\" data-end=\"2167\" \/>Parhaan suorituskyvyn saavuttamiseksi tarkista s\u00e4\u00e4nn\u00f6llisesti, ettei mik\u00e4\u00e4n est\u00e4 \u00e4\u00e4nen tai valon p\u00e4\u00e4sy\u00e4, ja puhdista laite tarvittaessa kuivalla, pehme\u00e4ll\u00e4 liinalla.<\/p>","protected":false},"excerpt":{"rendered":"<p>Tehokas sireeni vilkulla (114 dB) sis\u00e4- ja ulkok\u00e4ytt\u00f6\u00f6n \u2013 32 \u00e4\u00e4nimerkki\u00e4, alhainen virrankulutus ja EN54-sertifioitu. T\u00e4ydellinen teollisuuteen, varastoihin ja julkisiin tiloihin.<\/p>","protected":false},"featured_media":140358,"template":"","meta":{"_acf_changed":false},"product_brand":[],"product_cat":[1825,5097],"product_tag":[2959,3042],"class_list":{"0":"post-87767","1":"product","2":"type-product","3":"status-publish","4":"has-post-thumbnail","6":"product_cat-sirener-brand","7":"product_cat-kombisiren-blixt-brand","8":"product_tag-certifierad-en54","9":"product_tag-kombi-siren-blixt","10":"pa_farg-rod","11":"tm-no-options","13":"first","14":"onbackorder","15":"sale","16":"featured","17":"taxable","18":"shipping-taxable","19":"purchasable","20":"product-type-simple"},"acf":[],"_links":{"self":[{"href":"https:\/\/secureus.se\/fi\/wp-json\/wp\/v2\/product\/87767","targetHints":{"allow":["GET"]}}],"collection":[{"href":"https:\/\/secureus.se\/fi\/wp-json\/wp\/v2\/product"}],"about":[{"href":"https:\/\/secureus.se\/fi\/wp-json\/wp\/v2\/types\/product"}],"wp:featuredmedia":[{"embeddable":true,"href":"https:\/\/secureus.se\/fi\/wp-json\/wp\/v2\/media\/140358"}],"wp:attachment":[{"href":"https:\/\/secureus.se\/fi\/wp-json\/wp\/v2\/media?parent=87767"}],"wp:term":[{"taxonomy":"product_brand","embeddable":true,"href":"https:\/\/secureus.se\/fi\/wp-json\/wp\/v2\/product_brand?post=87767"},{"taxonomy":"product_cat","embeddable":true,"href":"https:\/\/secureus.se\/fi\/wp-json\/wp\/v2\/product_cat?post=87767"},{"taxonomy":"product_tag","embeddable":true,"href":"https:\/\/secureus.se\/fi\/wp-json\/wp\/v2\/product_tag?post=87767"}],"curies":[{"name":"wp","href":"https:\/\/api.w.org\/{rel}","templated":true}]}}