{"id":87773,"date":"2023-03-28T14:23:31","date_gmt":"2023-03-28T12:23:31","guid":{"rendered":"https:\/\/secureus.se\/produkt\/apollo-xp95-serien-isolerande-manuell-callpoint-larmknapp\/"},"modified":"2026-04-23T13:30:19","modified_gmt":"2026-04-23T11:30:19","slug":"apollo-55100-908sca-xp95-series-isolerande-manuell-anropspunkt","status":"publish","type":"product","link":"https:\/\/secureus.se\/fi\/apollo-55100-908sca-xp95-series-isolerande-manuell-anropspunkt\/","title":{"rendered":"Apollo 55100-908SCA XP95 -sarja, erist\u00e4v\u00e4 manuaalinen palopistoke, EN 54-11 -sertifioitu, punainen"},"content":{"rendered":"<h1>Apollo 55100-908SCA XP95 -sarja, erist\u00e4v\u00e4 manuaalinen palopistoke, EN 54-11 -sertifioitu, punainen<\/h1>\n<p class=\"\" data-start=\"458\" data-end=\"816\">Apollo 55100-908SCA XP95 -sarjan erist\u00e4v\u00e4 manuaalinen h\u00e4lytyspiste on suunniteltu tarjoamaan nopea ja tehokas paloh\u00e4lyttimen aktivointi.<\/p>\n<p class=\"\" data-start=\"458\" data-end=\"816\">Laite on varustettu nollattavalla elementill\u00e4, jonka avulla laite voidaan nollata k\u00e4yt\u00f6n j\u00e4lkeen.<\/p>\n<p class=\"\" data-start=\"458\" data-end=\"816\">Siin\u00e4 on my\u00f6s kaksiv\u00e4rinen LED, joka palaa punaisena, kun h\u00e4lytys aktivoituu, ja keltaisena, kun oikosulku tapahtuu.<\/p>\n<p class=\"\" data-start=\"818\" data-end=\"1120\">&quot;Plug and Play&quot; -liit\u00e4nn\u00e4t helpottavat asennusta ja lyhent\u00e4v\u00e4t asennusaikaa.<\/p>\n<p class=\"\" data-start=\"818\" data-end=\"1120\">Jatkuvuuslinkki mahdollistaa kaapelin testauksen ennen asennusta ja varmistaa, ett\u00e4 j\u00e4rjestelm\u00e4 toimii kunnolla ennen kuin se otetaan k\u00e4ytt\u00f6\u00f6n.<\/p>\n<p class=\"\" data-start=\"818\" data-end=\"1120\">On my\u00f6s mahdollisuus sek\u00e4 puoliksi upotettuun ett\u00e4 pinta-asennukseen.<\/p>\n<p data-start=\"818\" data-end=\"1120\">T\u00e4m\u00e4 h\u00e4lytyspiste on yhteensopiva XP95-, Discovery- ja CoreProtocol-j\u00e4rjestelmien kanssa, ja sill\u00e4 on 10 vuoden takuu.<\/p>\n<p data-start=\"818\" data-end=\"1120\">Laite on IP45-luokiteltu ja toimii -20\u00b0C - +60\u00b0C l\u00e4mp\u00f6tila-alueella, joten se on luotettava ratkaisu sis\u00e4k\u00e4ytt\u00f6\u00f6n.<\/p>","protected":false},"excerpt":{"rendered":"<p>Apollo 55100-908SCA XP95 -sarjan erist\u00e4v\u00e4\u00e4 manuaalista h\u00e4lytyspistett\u00e4 k\u00e4ytet\u00e4\u00e4n h\u00e4lytyksen k\u00e4ynnist\u00e4miseen manuaalisesti palonhavaitsemisj\u00e4rjestelm\u00e4ss\u00e4.<\/p>\n<p>Siin\u00e4 on nollattava toiminto, Plug and Play -liit\u00e4nn\u00e4t nopeaa asennusta varten ja se on EN 54-11 -sertifioitu.<\/p>","protected":false},"featured_media":140673,"template":"","meta":{"_acf_changed":false},"product_brand":[],"product_cat":[4748,4751],"product_tag":[3045,3046],"class_list":{"0":"post-87773","1":"product","2":"type-product","3":"status-publish","4":"has-post-thumbnail","6":"product_cat-discovery-serien","7":"product_cat-xp95-serien","8":"product_tag-apollo-discovery","9":"product_tag-apollo-xp95","10":"product_shipping_class-postnord-varubrev","11":"pa_brands-apollo-fire-detectors","12":"tm-no-options","14":"first","15":"instock","16":"sale","17":"featured","18":"taxable","19":"shipping-taxable","20":"purchasable","21":"product-type-simple"},"acf":[],"_links":{"self":[{"href":"https:\/\/secureus.se\/fi\/wp-json\/wp\/v2\/product\/87773","targetHints":{"allow":["GET"]}}],"collection":[{"href":"https:\/\/secureus.se\/fi\/wp-json\/wp\/v2\/product"}],"about":[{"href":"https:\/\/secureus.se\/fi\/wp-json\/wp\/v2\/types\/product"}],"wp:featuredmedia":[{"embeddable":true,"href":"https:\/\/secureus.se\/fi\/wp-json\/wp\/v2\/media\/140673"}],"wp:attachment":[{"href":"https:\/\/secureus.se\/fi\/wp-json\/wp\/v2\/media?parent=87773"}],"wp:term":[{"taxonomy":"product_brand","embeddable":true,"href":"https:\/\/secureus.se\/fi\/wp-json\/wp\/v2\/product_brand?post=87773"},{"taxonomy":"product_cat","embeddable":true,"href":"https:\/\/secureus.se\/fi\/wp-json\/wp\/v2\/product_cat?post=87773"},{"taxonomy":"product_tag","embeddable":true,"href":"https:\/\/secureus.se\/fi\/wp-json\/wp\/v2\/product_tag?post=87773"}],"curies":[{"name":"wp","href":"https:\/\/api.w.org\/{rel}","templated":true}]}}