{"id":87822,"date":"2023-09-26T14:16:47","date_gmt":"2023-09-26T12:16:47","guid":{"rendered":"https:\/\/secureus.se\/produkt\/dorrsensor-dorrautomatik-active-infrared-sensor-oa-203c-silver\/"},"modified":"2026-01-06T21:05:14","modified_gmt":"2026-01-06T20:05:14","slug":"dorrsensor-dorrautomatik-active-infrared-sensor-oa-203c-silver","status":"publish","type":"product","link":"https:\/\/secureus.se\/fi\/dorrsensor-dorrautomatik-active-infrared-sensor-oa-203c-silver\/","title":{"rendered":"Ovianturi Oviautomaatio Aktiivinen infrapuna-anturi OA-203C Hopea"},"content":{"rendered":"<h1>Ovianturi OA-203C on aktiivinen infrapuna-anturi, jossa on eritt\u00e4in tarkkoja ja r\u00e4\u00e4t\u00e4l\u00f6ityj\u00e4 vaihtoehtoja. Se on ihanteellinen varmistamaan turvallinen ja tehokas oviautomaatio erilaisissa ymp\u00e4rist\u00f6iss\u00e4.<\/h1>\n<p>Sen edistyneet ominaisuudet ja luotettava suorituskyky tekev\u00e4t siit\u00e4 yhden parhaista ratkaisuista luotettavaan oventunnistukseen.<\/p>\n<h4>Mukautettavat tunnistusalueet<\/h4>\n<p>OA-203C mahdollistaa tunnistusalueiden tarkan s\u00e4\u00e4d\u00f6n vasemmassa, oikeassa ja pituussuunnassa.<\/p>\n<p>Jopa 720 mahdollisen tunnistusmallin ansiosta laite voidaan helposti konfiguroida sopimaan tiettyihin ymp\u00e4rist\u00f6ihin ja sovelluksiin.<\/p>\n<p>Jopa 3,0 metrin asennuskorkeus tekee anturista monipuolisen ja sopivan monenlaisiin asennuksiin kaupallisista julkisiin ymp\u00e4rist\u00f6ihin.<\/p>\n<h4>Ylivoimainen vakaus<\/h4>\n<p>Edistyksellisen infrapunateknologiansa ansiosta OA-203C kest\u00e4\u00e4 ulkoisten tekij\u00f6iden, kuten sateen, lumen ja hy\u00f6nteisten, aiheuttamia h\u00e4iri\u00f6it\u00e4.<\/p>\n<p>T\u00e4m\u00e4 takaa vakaan ja luotettavan suorituskyvyn sek\u00e4 sis\u00e4- ett\u00e4 ulkotiloissa.<\/p>\n<p>Anturi k\u00e4ytt\u00e4\u00e4 mikro-ohjaimia parantaakseen entisest\u00e4\u00e4n sen vastustuskyky\u00e4 ymp\u00e4rist\u00f6vaikutuksille, mik\u00e4 v\u00e4hent\u00e4\u00e4 v\u00e4\u00e4rien h\u00e4lytysten riski\u00e4.<\/p>\n<h4>Helppo asennus ja s\u00e4\u00e4t\u00f6<\/h4>\n<p>OA-203C on suunniteltu helppoa asennusta ja konfigurointia varten.<\/p>\n<p>Siin\u00e4 on kaksi sivusuunnan asetusta (\u00b13,5\u00b0) ja kahdeksan syvyyden (\u00b11\u00b0) asetusta, mik\u00e4 takaa suuren joustavuuden asennuksessa.<\/p>\n<p>Mukana tuleva s\u00e4\u00e4t\u00f6ty\u00f6kalu ja selke\u00e4 asennusohje helpottavat laitteen nopeaa k\u00e4ytt\u00f6\u00f6nottoa ja optimointia.<\/p>\n<h4>P\u00e4\u00e4ominaisuudet:<\/h4>\n<ul>\n<li><strong>Aktiivinen infrapunatekniikka:<\/strong> Varmistaa tarkan ja nopean havaitsemisen.<\/li>\n<li><strong>Mukautettavat tunnistusalueet:<\/strong> Jopa 720 tunnistusmallia optimaalista joustavuutta varten.<\/li>\n<li><strong>Joustava muotoilu:<\/strong> Kest\u00e4\u00e4 l\u00e4mp\u00f6tiloja -20\u00b0C - +55\u00b0C ja on s\u00e4\u00e4nkest\u00e4v\u00e4.<\/li>\n<li><strong>Helppo asentaa:<\/strong> S\u00e4\u00e4t\u00f6mahdollisuudet ja mukana tulevat ty\u00f6kalut helpottavat asennusta.<\/li>\n<li><strong>Vakaa ja luotettava:<\/strong> Immuuni sateen, lumen ja hy\u00f6nteisten aiheuttamille h\u00e4iri\u00f6ille.<\/li>\n<\/ul>\n<h4>T\u00e4ydellinen monenlaisiin sovelluksiin<\/h4>\n<p>OA-203C on ihanteellinen ratkaisu oven havaitsemiseen liikerakennuksissa, myym\u00e4l\u00f6iss\u00e4, julkisissa tiloissa ja muilla alueilla, joissa tarvitaan luotettavaa automaattiovien aktivointia.<\/p>\n<p>Sen laadukas suorituskyky ja monipuolisuus tekev\u00e4t siit\u00e4 luotettavan valinnan sek\u00e4 uusiin asennuksiin ett\u00e4 p\u00e4ivityksiin.<\/p>\n<p>Ovitunnistimella OA-203C saat vakaan, monipuolisen ja helposti asennettavan ratkaisun, joka parantaa turvallisuutta ja helppok\u00e4ytt\u00f6isyytt\u00e4 kaikenlaisissa ymp\u00e4rist\u00f6iss\u00e4.<\/p>","protected":false},"excerpt":{"rendered":"<p>Aktiivisella infrapunatekniikalla varustettu ovianturi OA-203C tarjoaa s\u00e4\u00e4dett\u00e4v\u00e4t tunnistusalueet luotettavaa aktivointia ja tunnistusta varten.<\/p>\n<p>T\u00e4ydellinen erilaisiin sovelluksiin erinomaisen vakauden ja helpon asennuksen ansiosta.<\/p>","protected":false},"featured_media":155442,"template":"","meta":{"_acf_changed":false},"product_brand":[],"product_cat":[4867],"product_tag":[],"class_list":{"0":"post-87822","1":"product","2":"type-product","3":"status-publish","4":"has-post-thumbnail","6":"product_cat-oppnaknappar-kategorier","7":"product_shipping_class-tunga-paket","8":"pa_brands-optex","9":"tm-no-options","11":"first","12":"onbackorder","13":"sale","14":"taxable","15":"shipping-taxable","16":"purchasable","17":"product-type-simple"},"acf":[],"_links":{"self":[{"href":"https:\/\/secureus.se\/fi\/wp-json\/wp\/v2\/product\/87822","targetHints":{"allow":["GET"]}}],"collection":[{"href":"https:\/\/secureus.se\/fi\/wp-json\/wp\/v2\/product"}],"about":[{"href":"https:\/\/secureus.se\/fi\/wp-json\/wp\/v2\/types\/product"}],"wp:featuredmedia":[{"embeddable":true,"href":"https:\/\/secureus.se\/fi\/wp-json\/wp\/v2\/media\/155442"}],"wp:attachment":[{"href":"https:\/\/secureus.se\/fi\/wp-json\/wp\/v2\/media?parent=87822"}],"wp:term":[{"taxonomy":"product_brand","embeddable":true,"href":"https:\/\/secureus.se\/fi\/wp-json\/wp\/v2\/product_brand?post=87822"},{"taxonomy":"product_cat","embeddable":true,"href":"https:\/\/secureus.se\/fi\/wp-json\/wp\/v2\/product_cat?post=87822"},{"taxonomy":"product_tag","embeddable":true,"href":"https:\/\/secureus.se\/fi\/wp-json\/wp\/v2\/product_tag?post=87822"}],"curies":[{"name":"wp","href":"https:\/\/api.w.org\/{rel}","templated":true}]}}