{"id":89260,"date":"2024-01-04T15:43:16","date_gmt":"2024-01-04T14:43:16","guid":{"rendered":"https:\/\/secureus.se\/produkt\/fonsterbroms-160s-3-l800mm-hoger\/"},"modified":"2026-04-23T12:20:08","modified_gmt":"2026-04-23T10:20:08","slug":"fonsterbroms-dorrbroms-160s-3-l800mm-hoger","status":"publish","type":"product","link":"https:\/\/secureus.se\/fi\/fonsterbroms-dorrbroms-160s-3-l800mm-hoger\/","title":{"rendered":"ASSA Fix 160S\/3 Ikkunajarru \/ Ovenjarru \u2013 Oikea \u2013 352 mm"},"content":{"rendered":"<div>ASSA ABLOY 160S on ikkunoiden ja ikkunoiden ovien ikkunajarru yhdess\u00e4 spanielin kanssa, jossa on voimansiirto (merkitty F:ll\u00e4 nimikkeess\u00e4). K\u00e4ytet\u00e4\u00e4n yleisesti ikkunoihin ja ikkunaoviin yhdess\u00e4 ASSA\/FIX-spanjoletin kanssa, jossa on ovijarrun voimansiirto. 160S on tyyppihyv\u00e4ksytty lapsiturvalliseksi lukitukseksi Ruotsin asuntoviraston BBR:n rakennusm\u00e4\u00e4r\u00e4ysten mukaisesti, t\u00e4m\u00e4 koskee, kun avain irrotetaan s\u00e4\u00e4timest\u00e4 4570 (ostettava erikseen). K\u00e4ytet\u00e4\u00e4n pit\u00e4m\u00e4\u00e4n ikkunat ja lasiovet auki halutussa tuuletusasennossa. Ikkunajarrussa 160S on irrotettava runkokannatin ja se asennetaan erikseen hankittavalla runkokannattimella 5580 tai 5550T.<\/div>\n<div><b><br \/>\nOminaisuudet:<\/b><\/div>\n<div>\n<ul>\n<li>Tyyppihyv\u00e4ksytty lapsilukko BBR:n mukaan<\/li>\n<li>P\u00e4tee, jos avain on poistettu ohjausnupilla 4570<\/li>\n<li>Irrotettavalla kehystelineell\u00e4 (150 ja 150S on kiinte\u00e4 kiinnitys)<\/li>\n<li>Ikkunoihin ja ikkunaoviin, joissa on oltava turvavarusteet.<\/li>\n<li>Toimii spanielin kahvalla.<\/li>\n<li>Kahvan ollessa kiinni-asennossa kitka pit\u00e4\u00e4 valokaaren halutussa tuuletusasennossa.<\/li>\n<li>Rungon ja saranoiden suojaamiseksi ikkunajarru luistaa ylikuormitettuna.<\/li>\n<li>Kahvan ollessa auki, jousella on tilaa.<\/li>\n<li>Pitokitka kasvaa suuremmalla avautumiskulmalla.<\/li>\n<li>Oikea tai vasen m\u00e4\u00e4r\u00e4ytyy spagnoletista ja oven saranoista riippuen.<\/li>\n<\/ul>\n<\/div>\n<div><b><br \/>\nTeht\u00e4v\u00e4:<\/b><\/div>\n<div>\n<ul>\n<li>Lukitusm\u00e4nt\u00e4, joka rajoittaa aukon sallittuun tuuletusasentoon lasten turvallisuuden vuoksi (max. 100 mm aukkov\u00e4li).<\/li>\n<li>Avataksesi lukitusasennon ohi, irrotettava avain on asetettava sis\u00e4\u00e4n ja avattava.<\/li>\n<li>Avainta k\u00e4\u00e4nnet\u00e4\u00e4n ennen kuin jousi saavuttaa lukitusasennon, kun jousi avautuu.<\/li>\n<li>Lukitustoiminto palautuu automaattisesti, kun kaari suljetaan ja avain poistetaan.<\/li>\n<\/ul>\n<\/div>\n<div><b><br \/>\nMitat koko 160S\/3:<\/b><\/div>\n<div>\n<ul>\n<li>Kaaren leveys: 551-800 mm<\/li>\n<li>Lukitusakselin pituus maksimikaaren leveydell\u00e4: 657 mm.<\/li>\n<li>Jarrukotelon pituus: 352 mm.<\/li>\n<li>Varren pituus: 280 mm.<\/li>\n<li>Leveys: 20mm<\/li>\n<\/ul>\n<p><strong>Katso kuvista, mink\u00e4 mallin tarvitset. Diaesityksen ensimm\u00e4inen kuva n\u00e4ytt\u00e4\u00e4 aina sen tietyn jarrun, jolla parhaillaan k\u00e4yt\u00e4t.\u00a0<\/strong><\/p>\n<p><strong>Sill\u00e4, ett\u00e4 tuotteen nimi on &quot;oikea&quot; tai &quot;vasen&quot;, ei ole mit\u00e4\u00e4n tekemist\u00e4 sen kanssa, onko ovi vasemmalle vai oikealle. Esimerkiksi &quot;vasen&quot; tarkoittaa, ett\u00e4 jarruvipu on vasemmalla puolella jarrulaatikon\/kotelon sis\u00e4ll\u00e4, kun laatikon avoin puoli on yl\u00f6sp\u00e4in.\u00a0<\/strong><\/p>\n<p><strong>Monet tilaavat v\u00e4\u00e4r\u00e4n t\u00e4m\u00e4n tyyppisen tuotteen, joten jos olet ep\u00e4varma sopiiko kotona oleva olevasi kuvaan, pyyd\u00e4mme sinua kiinnitt\u00e4m\u00e4\u00e4n erityist\u00e4 huomiota.<\/strong><\/p>\n<\/div>","protected":false},"excerpt":{"rendered":"<div style=\"background: #f6f8fa;padding: 14px;border-radius: 6px;margin: 15px 0\">\n<p><strong>\u2714 T\u00e4m\u00e4 malli on OIKEA<\/strong><\/p>\n<p>Tarkista nykyinen ikkunajarrusi ennen tilaamista. Kun pid\u00e4t jarrukoteloa aukko yl\u00f6sp\u00e4in ja lyhyt sivu itseesi p\u00e4in, <strong>Jarrutappi on oikealla puolella t\u00e4t\u00e4 mallia ostettaessa.<\/strong><\/p>\n<p><img decoding=\"async\" style=\"max-width: 300px;width: 100%;margin-top: 10px;border-radius: 6px\" src=\"https:\/\/secureus.se\/wp-content\/uploads\/2026\/03\/hoger-vanster-enkel.jpg\" alt=\"Ohjaa vasen tai oikea ikkunajarru\" \/><\/p>\n<\/div>","protected":false},"featured_media":138474,"template":"","meta":{"_acf_changed":false},"product_brand":[],"product_cat":[3126,4795],"product_tag":[4100,4109,4102,4863],"class_list":{"0":"post-89260","1":"product","2":"type-product","3":"status-publish","4":"has-post-thumbnail","6":"product_cat-fonsterbroms","7":"product_cat-assa-fix-160s","8":"product_tag-4100","9":"product_tag-4109","10":"product_tag-hoger","11":"product_tag-pf","12":"product_shipping_class-tunga-paket","13":"pa_brands-abloy","14":"tm-no-options","16":"first","17":"instock","18":"sale","19":"taxable","20":"shipping-taxable","21":"purchasable","22":"product-type-simple"},"acf":[],"_links":{"self":[{"href":"https:\/\/secureus.se\/fi\/wp-json\/wp\/v2\/product\/89260","targetHints":{"allow":["GET"]}}],"collection":[{"href":"https:\/\/secureus.se\/fi\/wp-json\/wp\/v2\/product"}],"about":[{"href":"https:\/\/secureus.se\/fi\/wp-json\/wp\/v2\/types\/product"}],"wp:featuredmedia":[{"embeddable":true,"href":"https:\/\/secureus.se\/fi\/wp-json\/wp\/v2\/media\/138474"}],"wp:attachment":[{"href":"https:\/\/secureus.se\/fi\/wp-json\/wp\/v2\/media?parent=89260"}],"wp:term":[{"taxonomy":"product_brand","embeddable":true,"href":"https:\/\/secureus.se\/fi\/wp-json\/wp\/v2\/product_brand?post=89260"},{"taxonomy":"product_cat","embeddable":true,"href":"https:\/\/secureus.se\/fi\/wp-json\/wp\/v2\/product_cat?post=89260"},{"taxonomy":"product_tag","embeddable":true,"href":"https:\/\/secureus.se\/fi\/wp-json\/wp\/v2\/product_tag?post=89260"}],"curies":[{"name":"wp","href":"https:\/\/api.w.org\/{rel}","templated":true}]}}