{"id":89280,"date":"2024-01-04T15:43:21","date_gmt":"2024-01-04T14:43:21","guid":{"rendered":"https:\/\/secureus.se\/produkt\/fonsterbroms-150-4-l1100mm-hoger\/"},"modified":"2026-03-25T15:36:50","modified_gmt":"2026-03-25T14:36:50","slug":"fonsterbroms-dorrbroms-150-4-l1100mm-hoger","status":"publish","type":"product","link":"https:\/\/secureus.se\/fi\/fonsterbroms-dorrbroms-150-4-l1100mm-hoger\/","title":{"rendered":"ASSA Fix 150\/4 Ikkunajarru \/ Ovenjarru \u2013 Oikea \u2013 452 mm"},"content":{"rendered":"<p><strong>ASSA Fix 150\/4<\/strong> on klassikko <strong>ikkunajarru ikkunoihin ja terassioviin<\/strong> jota k\u00e4ytet\u00e4\u00e4n yhdess\u00e4 <strong>ASSA-tankosalpa siirtopainikkeella<\/strong>. Jarru pit\u00e4\u00e4 oven tai ikkunan auki tuuletusasennossa sen sijaan, ett\u00e4 se paiskautuisi kiinni tai avautuisi kokonaan.<\/p>\n<p>Sit\u00e4 k\u00e4ytet\u00e4\u00e4n espagnolette-kahvalla, ja se luo kitkaa jarrutankoon, jotta ovi pysyy halutussa asennossa.<\/p>\n<h3>Ominaisuudet<\/h3>\n<ul>\n<li>Kiinte\u00e4 runkokiinnitys<\/li>\n<li>K\u00e4ytet\u00e4\u00e4n yhdess\u00e4 ASSA\/FIX -pitk\u00e4n sulkimen kanssa siirtopainikkeella<\/li>\n<li>Sopii ikkunoihin ja ranskalaisiin oviin<\/li>\n<li>K\u00e4ytt\u00f6 espagnolette-kahvalla<\/li>\n<li>Pit\u00e4\u00e4 oven tuuletusasennossa<\/li>\n<li>Liukastuu ylikuormitettuna saranoiden ja helojen suojaamiseksi<\/li>\n<\/ul>\n<h3>Mitat \u2013 ASSA Fix 150\/4<\/h3>\n<ul>\n<li>Kaarileveydelle: 801\u20131100 mm<\/li>\n<li>Lukkoakselin pituus kaaren suurimmalla leveydell\u00e4: 907 mm<\/li>\n<li>Jarrukotelon pituus: 452 mm<\/li>\n<li>Varren pituus: 450 mm<\/li>\n<li>Jarrukotelon leveys: 20 mm<\/li>\n<\/ul>\n<h3>T\u00e4rke\u00e4\u00e4 tietoa vasemmasta ja oikeasta<\/h3>\n<p>Nimi <strong>vasemmalle tai oikealle<\/strong> ei ole mit\u00e4\u00e4n tekemist\u00e4 sen kanssa, onko ovi vasen- vai oikeak\u00e4tinen.<br \/>\nVariantti m\u00e4\u00e4r\u00e4ytyy sen sijaan seuraavasti: <strong>jarrutapin asento jarrukotelon sis\u00e4ll\u00e4<\/strong>.<\/p>\n<p>\u2022 Tappi vasemmalla puolella = vasen malli<br \/>\n\u2022 Oikealla puolella oleva tappi = oikea malli<\/p>\n<p>Pid\u00e4 jarrukoteloa aukko yl\u00f6sp\u00e4in ja lyhyt sivu itseesi p\u00e4in t\u00e4t\u00e4 tarkastettaessa.<\/p>\n<div style=\"background: #f6f8fa;padding: 14px;border-radius: 6px;margin: 18px 0\">\n<p><strong>Etk\u00f6 ole varma, mit\u00e4 mallia tarvitset?<\/strong><br \/>\nVertaa nykyist\u00e4 jarruasi tuotekuviin tai katso koko valikoima.<a style=\"font-weight: bold\" href=\"https:\/\/secureus.se\/fi\/fonsterbroms\/\"><br \/>\nKatso kaikki ikkunajarrut t\u00e4\u00e4lt\u00e4 \u2192<br \/>\n<\/a><\/p>\n<\/div>","protected":false},"excerpt":{"rendered":"<div style=\"background: #f6f8fa;padding: 14px;border-radius: 6px;margin: 15px 0\">\n<p><strong>\u2714 T\u00e4m\u00e4 malli on OIKEA<\/strong><\/p>\n<p>Tarkista nykyinen ikkunajarrusi ennen tilaamista. Kun pid\u00e4t jarrukoteloa aukko yl\u00f6sp\u00e4in ja lyhyt sivu itseesi p\u00e4in, <strong>Jarrutappi on oikealla puolella t\u00e4t\u00e4 mallia ostettaessa.<\/strong><\/p>\n<p><img decoding=\"async\" style=\"max-width: 300px;width: 100%;margin-top: 10px;border-radius: 6px\" src=\"https:\/\/secureus.se\/wp-content\/uploads\/2026\/03\/hoger-vanster-enkel.jpg\" alt=\"Ohjaa vasen tai oikea ikkunajarru\" \/><\/p>\n<\/div>","protected":false},"featured_media":139552,"template":"","meta":{"_acf_changed":false},"product_brand":[],"product_cat":[3126,4793],"product_tag":[4101,4108,4102,4863],"class_list":{"0":"post-89280","1":"product","2":"type-product","3":"status-publish","4":"has-post-thumbnail","6":"product_cat-fonsterbroms","7":"product_cat-assa-fix-150","8":"product_tag-4101","9":"product_tag-4108","10":"product_tag-hoger","11":"product_tag-pf","12":"product_shipping_class-tunga-paket","13":"pa_brands-abloy","14":"tm-no-options","16":"first","17":"instock","18":"taxable","19":"shipping-taxable","20":"purchasable","21":"product-type-simple"},"acf":[],"_links":{"self":[{"href":"https:\/\/secureus.se\/fi\/wp-json\/wp\/v2\/product\/89280","targetHints":{"allow":["GET"]}}],"collection":[{"href":"https:\/\/secureus.se\/fi\/wp-json\/wp\/v2\/product"}],"about":[{"href":"https:\/\/secureus.se\/fi\/wp-json\/wp\/v2\/types\/product"}],"wp:featuredmedia":[{"embeddable":true,"href":"https:\/\/secureus.se\/fi\/wp-json\/wp\/v2\/media\/139552"}],"wp:attachment":[{"href":"https:\/\/secureus.se\/fi\/wp-json\/wp\/v2\/media?parent=89280"}],"wp:term":[{"taxonomy":"product_brand","embeddable":true,"href":"https:\/\/secureus.se\/fi\/wp-json\/wp\/v2\/product_brand?post=89280"},{"taxonomy":"product_cat","embeddable":true,"href":"https:\/\/secureus.se\/fi\/wp-json\/wp\/v2\/product_cat?post=89280"},{"taxonomy":"product_tag","embeddable":true,"href":"https:\/\/secureus.se\/fi\/wp-json\/wp\/v2\/product_tag?post=89280"}],"curies":[{"name":"wp","href":"https:\/\/api.w.org\/{rel}","templated":true}]}}