{"id":89287,"date":"2024-01-04T15:43:23","date_gmt":"2024-01-04T14:43:23","guid":{"rendered":"https:\/\/secureus.se\/produkt\/karmfaste-5550t-zink\/"},"modified":"2026-04-10T21:08:32","modified_gmt":"2026-04-10T19:08:32","slug":"karmfaste-5550t-zink","status":"publish","type":"product","link":"https:\/\/secureus.se\/fi\/karmfaste-5550t-zink\/","title":{"rendered":"ASSA Fix -karmikiinnike 5550T \u2013 Sinkki"},"content":{"rendered":"<p>5550T on runkokannatin sis. Fix ovi- ja ikkunajarrun 160 ja 160S. Valmistettu sinkist\u00e4.<\/p>\n<p><b>Ominaisuudet:<\/b><\/p>\n<ul>\n<li>Kierretty puurunkoon<\/li>\n<li>Keskell\u00e4 oleva reik\u00e4 oven jarrutapille 8 mm<\/li>\n<li>Kierreosan ulkohalkaisija: 14 mm + kierteet<\/li>\n<li>Ulkohalkaisija: 18 mm<\/li>\n<li>Korkeus: 15mm (13mm kierreosa)<\/li>\n<\/ul>","protected":false},"excerpt":{"rendered":"<p>5550T on kehyskiinnike sis. Fix ovi- ja ikkunajarrun 160 ja 160S. Valmistettu sinkist\u00e4. Ominaisuudet: Kierretty puurunkoon Keskell\u00e4 oleva reik\u00e4 oven jarrutappia varten 8 mm Ulkohalkaisija<\/p>","protected":false},"featured_media":138517,"template":"","meta":{"_acf_changed":false},"product_brand":[],"product_cat":[3126],"product_tag":[4863],"class_list":{"0":"post-89287","1":"product","2":"type-product","3":"status-publish","4":"has-post-thumbnail","6":"product_cat-fonsterbroms","7":"product_tag-pf","8":"product_shipping_class-postnord-varubrev","9":"pa_brands-abloy","10":"tm-no-options","12":"first","13":"instock","14":"taxable","15":"shipping-taxable","16":"purchasable","17":"product-type-simple"},"acf":[],"_links":{"self":[{"href":"https:\/\/secureus.se\/fi\/wp-json\/wp\/v2\/product\/89287","targetHints":{"allow":["GET"]}}],"collection":[{"href":"https:\/\/secureus.se\/fi\/wp-json\/wp\/v2\/product"}],"about":[{"href":"https:\/\/secureus.se\/fi\/wp-json\/wp\/v2\/types\/product"}],"wp:featuredmedia":[{"embeddable":true,"href":"https:\/\/secureus.se\/fi\/wp-json\/wp\/v2\/media\/138517"}],"wp:attachment":[{"href":"https:\/\/secureus.se\/fi\/wp-json\/wp\/v2\/media?parent=89287"}],"wp:term":[{"taxonomy":"product_brand","embeddable":true,"href":"https:\/\/secureus.se\/fi\/wp-json\/wp\/v2\/product_brand?post=89287"},{"taxonomy":"product_cat","embeddable":true,"href":"https:\/\/secureus.se\/fi\/wp-json\/wp\/v2\/product_cat?post=89287"},{"taxonomy":"product_tag","embeddable":true,"href":"https:\/\/secureus.se\/fi\/wp-json\/wp\/v2\/product_tag?post=89287"}],"curies":[{"name":"wp","href":"https:\/\/api.w.org\/{rel}","templated":true}]}}