{"id":89291,"date":"2024-01-04T15:43:24","date_gmt":"2024-01-04T14:43:24","guid":{"rendered":"https:\/\/secureus.se\/produkt\/fonsterbroms-160-3-l800mm-hoger\/"},"modified":"2026-04-29T18:59:17","modified_gmt":"2026-04-29T16:59:17","slug":"fonsterbroms-dorrbroms-160-3-l800mm-hoger","status":"publish","type":"product","link":"https:\/\/secureus.se\/fi\/fonsterbroms-dorrbroms-160-3-l800mm-hoger\/","title":{"rendered":"ASSA Fix 160\/3 Ikkunajarru \/ Ovenjarru \u2013 Oikea \u2013 352 mm"},"content":{"rendered":"<p><strong>ASSA Fix 160\/3<\/strong> on yksi <strong>ikkunajarru ikkunoihin ja ranskalaisiin oviin<\/strong> jota k\u00e4ytet\u00e4\u00e4n yhdess\u00e4 <strong>ASSA\/FIX -tankosalpa siirtopainikkeella<\/strong> (nimess\u00e4 F-kirjain). Sit\u00e4 k\u00e4ytet\u00e4\u00e4n pit\u00e4m\u00e4\u00e4n ikkunat tai terassiovet auki hallitusti. <strong>ilmanvaihtotila<\/strong>.<\/p>\n<p>Ikkunajarrua k\u00e4ytet\u00e4\u00e4n espagnolette-kahvan avulla. Kun kahva on suljetussa asennossa, jarruun syntyy kitkaa, joka pit\u00e4\u00e4 ikkunan puitteen halutussa tuuletusasennossa. Kun kahva avataan, ikkunan puite p\u00e4\u00e4see liikkumaan vapaasti. Rakenteen ansiosta jarru luistaa ylikuormituksen sattuessa saranoiden ja helojen suojaamiseksi.<\/p>\n<p>Malli <strong>160<\/strong> on <strong>irrotettava runkokiinnike<\/strong> ja se asennetaan yhdess\u00e4 runkokiinnikkeen kanssa <strong>5580<\/strong> tai <strong>5550T<\/strong> jotka ostetaan erikseen.<\/p>\n<h3>Ominaisuudet<\/h3>\n<ul>\n<li>Irrotettava runkokiinnike (150- ja 150S-malleissa on kiinte\u00e4 kiinnike)<\/li>\n<li>Ikkunoille ja ranskalaisille oville, joissa on turvahelat<\/li>\n<li>K\u00e4ytet\u00e4\u00e4n yhdess\u00e4 ASSA\/FIX -pitk\u00e4n sulkimen kanssa siirtopainikkeella<\/li>\n<li>K\u00e4ytt\u00f6 espagnolette-kahvalla<\/li>\n<li>Pit\u00e4\u00e4 ikkunat tai terassiovet tuuletustilassa<\/li>\n<li>Liukastuu ylikuormitettuna saranoiden ja helojen suojaamiseksi<\/li>\n<li>Vapaa liike kahvan ollessa auki<\/li>\n<li>Pitokitka kasvaa suuremmalla avautumiskulmalla<\/li>\n<\/ul>\n<h3>Mitat \u2013 ASSA Fix 160\/3<\/h3>\n<ul>\n<li>Kaarileveydelle: 551\u2013800 mm<\/li>\n<li>Lukitusakselin pituus kaaren suurimmalla leveydell\u00e4: 657 mm<\/li>\n<li>Jarrukotelon pituus: 352 mm<\/li>\n<li>Varren pituus: 280 mm<\/li>\n<li>Jarrukotelon leveys: 20 mm<\/li>\n<\/ul>\n<h3>T\u00e4rke\u00e4\u00e4 tietoa vasemmasta ja oikeasta<\/h3>\n<p>Nimi <strong>vasemmalle tai oikealle<\/strong> ei ole mit\u00e4\u00e4n tekemist\u00e4 sen kanssa, onko ovi vasen- vai oikeak\u00e4tinen.<\/p>\n<p>Variantti m\u00e4\u00e4r\u00e4ytyy sen sijaan seuraavasti: <strong>jarruvivun sijainti jarrukotelon sis\u00e4ll\u00e4<\/strong>.<\/p>\n<p>\u2022 Vasemmalla puolella oleva jarruvipu = vasenk\u00e4tinen malli<br \/>\n\u2022 Oikeanpuoleinen jarruvipu = oikeak\u00e4tinen malli<\/p>\n<p>Pid\u00e4 jarrukoteloa aukko yl\u00f6sp\u00e4in ja lyhyt sivu itseesi p\u00e4in t\u00e4t\u00e4 tarkastettaessa.<\/p>\n<p><strong>Katso tuotekuvat oikean mallin tunnistamiseksi.<\/strong> Diaesityksen ensimm\u00e4isess\u00e4 kuvassa n\u00e4kyy aina se jarru, joka on parhaillaan p\u00e4\u00e4ll\u00e4.<\/p>\n<p><strong>Monet ihmiset tilaavat v\u00e4\u00e4r\u00e4n mallin t\u00e4llaista tuotetta.<\/strong> Jos et ole varma, vastaako nykyinen jarrusi kuvissa olevia, suosittelemme tarkistamaan sen huolellisesti ennen tilaamista.<\/p>","protected":false},"excerpt":{"rendered":"<div style=\"background: #f6f8fa;padding: 14px;border-radius: 6px;margin: 15px 0\">\n<p><strong>\u2714 T\u00e4m\u00e4 malli on OIKEA<\/strong><\/p>\n<p>Tarkista nykyinen ikkunajarrusi ennen tilaamista. Kun pid\u00e4t jarrukoteloa aukko yl\u00f6sp\u00e4in ja lyhyt sivu itseesi p\u00e4in, <strong>Jarrutappi on oikealla puolella t\u00e4t\u00e4 mallia ostettaessa.<\/strong><\/p>\n<p><img decoding=\"async\" style=\"max-width: 300px;width: 100%;margin-top: 10px;border-radius: 6px\" src=\"https:\/\/secureus.se\/wp-content\/uploads\/2026\/03\/hoger-vanster-enkel.jpg\" alt=\"Ohjaa vasen tai oikea ikkunajarru\" \/><\/p>\n<\/div>","protected":false},"featured_media":138510,"template":"","meta":{"_acf_changed":false},"product_brand":[],"product_cat":[3126,4794],"product_tag":[4100,4109,4102,4863],"class_list":{"0":"post-89291","1":"product","2":"type-product","3":"status-publish","4":"has-post-thumbnail","6":"product_cat-fonsterbroms","7":"product_cat-assa-fix-160","8":"product_tag-4100","9":"product_tag-4109","10":"product_tag-hoger","11":"product_tag-pf","12":"product_shipping_class-tunga-paket","13":"pa_brands-abloy","14":"tm-no-options","16":"first","17":"instock","18":"sale","19":"taxable","20":"shipping-taxable","21":"purchasable","22":"product-type-simple"},"acf":[],"_links":{"self":[{"href":"https:\/\/secureus.se\/fi\/wp-json\/wp\/v2\/product\/89291","targetHints":{"allow":["GET"]}}],"collection":[{"href":"https:\/\/secureus.se\/fi\/wp-json\/wp\/v2\/product"}],"about":[{"href":"https:\/\/secureus.se\/fi\/wp-json\/wp\/v2\/types\/product"}],"wp:featuredmedia":[{"embeddable":true,"href":"https:\/\/secureus.se\/fi\/wp-json\/wp\/v2\/media\/138510"}],"wp:attachment":[{"href":"https:\/\/secureus.se\/fi\/wp-json\/wp\/v2\/media?parent=89291"}],"wp:term":[{"taxonomy":"product_brand","embeddable":true,"href":"https:\/\/secureus.se\/fi\/wp-json\/wp\/v2\/product_brand?post=89291"},{"taxonomy":"product_cat","embeddable":true,"href":"https:\/\/secureus.se\/fi\/wp-json\/wp\/v2\/product_cat?post=89291"},{"taxonomy":"product_tag","embeddable":true,"href":"https:\/\/secureus.se\/fi\/wp-json\/wp\/v2\/product_tag?post=89291"}],"curies":[{"name":"wp","href":"https:\/\/api.w.org\/{rel}","templated":true}]}}