{"id":89321,"date":"2024-01-09T12:15:26","date_gmt":"2024-01-09T11:15:26","guid":{"rendered":"https:\/\/secureus.se\/produkt\/testare-for-glaskrossdetektor-indigo\/"},"modified":"2026-01-06T21:06:28","modified_gmt":"2026-01-06T20:06:28","slug":"testare-for-glaskrossdetektor-indigo","status":"publish","type":"product","link":"https:\/\/secureus.se\/fi\/testare-for-glaskrossdetektor-indigo\/","title":{"rendered":"Testeri lasinrikkoilmaisin Indigolle"},"content":{"rendered":"<h1>Testeri lasinrikkoilmaisimelle INDIGO \u2013 tarkkuus turvaj\u00e4rjestelmille<\/h1>\n<p>Tester for Glass Break Detector INDIGO -tuotteella Satelilta varmistat, ett\u00e4 akustiset lasinrikkoilmaisimet toimivat optimaalisesti.<\/p>\n<p>Ty\u00f6kalu simuloi rikkoutuneen lasin \u00e4\u00e4nt\u00e4 testatakseen ja s\u00e4\u00e4t\u00e4\u00e4kseen ilmaisimia ennen lopullista asennusta.<\/p>\n<h5>P\u00e4\u00e4toiminnot<\/h5>\n<ul>\n<li><strong>J\u00e4ljittelee lasin rikkoutuvaa \u00e4\u00e4nt\u00e4<\/strong>: Kolme signaalityyppi\u00e4 tavalliselle, karkaistulle ja laminoidulle lasille.<\/li>\n<li><strong>K\u00e4ytt\u00e4j\u00e4yst\u00e4v\u00e4llinen muotoilu<\/strong>: Turvalaite, joka est\u00e4\u00e4 tahattoman aktivoitumisen ja akun heikon ilmaisimen.<\/li>\n<li><strong>Joustava testaus<\/strong>: Mahdollistaa ilmaisimien viritt\u00e4misen parhaan suorituskyvyn saavuttamiseksi.<\/li>\n<li><strong>Akkuk\u00e4ytt\u00f6inen<\/strong>: Virtal\u00e4hteen\u00e4 yksi 9V 6LR61-alkaliparisto k\u00e4yt\u00f6n helpottamiseksi.<\/li>\n<\/ul>\n<h5>Edut<\/h5>\n<ul>\n<li><strong>Tarkka s\u00e4\u00e4t\u00f6<\/strong>: Auttaa valitsemaan parhaan paikan ilmaisimille asennuksen aikana.<\/li>\n<li><strong>Turvallinen k\u00e4ytt\u00f6<\/strong>: Sis\u00e4\u00e4nrakennetut turvaominaisuudet suojaavat kuuloa testauksen aikana.<\/li>\n<li><strong>Pitk\u00e4 k\u00e4ytt\u00f6ik\u00e4<\/strong>: Vankka ja luotettava muotoilu p\u00e4ivitt\u00e4iseen k\u00e4ytt\u00f6\u00f6n.<\/li>\n<\/ul>\n<h5>K\u00e4ytt\u00f6alueet<\/h5>\n<ul>\n<li><strong>kodit ja yritykset<\/strong>: T\u00e4ydellinen turvallisuuden optimointiin eri kiinteist\u00f6iss\u00e4.<\/li>\n<li><strong>Liiketilat<\/strong>: Varmista, ett\u00e4 kaikki ilmaisimet toimivat oikein liikkeiss\u00e4 ja toimistoissa.<\/li>\n<li><strong>Teollisuuskiinteist\u00f6t<\/strong>: Suojaa herkki\u00e4 alueita testaamalla turvaj\u00e4rjestelmi\u00e4.<\/li>\n<\/ul>\n<p>Kanssa <strong>INDIGO-TESTI<\/strong> saat luotettavan ja tehokkaan ratkaisun akustisten lasinrikkoilmaisimien turvallisuuden ja toiminnan optimointiin.<\/p>","protected":false},"excerpt":{"rendered":"<p>Satelin INDIGO TESTER on ty\u00f6kalu lasins\u00e4rkymis\u00e4\u00e4nien simulointiin ja akustisten lasinrikkoilmaisimien optimaalisen toiminnan varmistamiseen.<\/p>","protected":false},"featured_media":138811,"template":"","meta":{"_acf_changed":false},"product_brand":[],"product_cat":[3085],"product_tag":[2280],"class_list":{"0":"post-89321","1":"product","2":"type-product","3":"status-publish","4":"has-post-thumbnail","6":"product_cat-vibationsdetektorer-glaskrossdetektorer","7":"product_tag-glaskross-testare","8":"product_shipping_class-postnord-varubrev","9":"pa_brands-satel","10":"tm-no-options","12":"first","13":"onbackorder","14":"sale","15":"featured","16":"taxable","17":"shipping-taxable","18":"purchasable","19":"product-type-simple"},"acf":[],"_links":{"self":[{"href":"https:\/\/secureus.se\/fi\/wp-json\/wp\/v2\/product\/89321","targetHints":{"allow":["GET"]}}],"collection":[{"href":"https:\/\/secureus.se\/fi\/wp-json\/wp\/v2\/product"}],"about":[{"href":"https:\/\/secureus.se\/fi\/wp-json\/wp\/v2\/types\/product"}],"wp:featuredmedia":[{"embeddable":true,"href":"https:\/\/secureus.se\/fi\/wp-json\/wp\/v2\/media\/138811"}],"wp:attachment":[{"href":"https:\/\/secureus.se\/fi\/wp-json\/wp\/v2\/media?parent=89321"}],"wp:term":[{"taxonomy":"product_brand","embeddable":true,"href":"https:\/\/secureus.se\/fi\/wp-json\/wp\/v2\/product_brand?post=89321"},{"taxonomy":"product_cat","embeddable":true,"href":"https:\/\/secureus.se\/fi\/wp-json\/wp\/v2\/product_cat?post=89321"},{"taxonomy":"product_tag","embeddable":true,"href":"https:\/\/secureus.se\/fi\/wp-json\/wp\/v2\/product_tag?post=89321"}],"curies":[{"name":"wp","href":"https:\/\/api.w.org\/{rel}","templated":true}]}}