{"id":89441,"date":"2024-01-17T12:29:19","date_gmt":"2024-01-17T11:29:19","guid":{"rendered":"https:\/\/secureus.se\/produkt\/testgas-aerosol-918-5\/"},"modified":"2026-04-08T16:44:59","modified_gmt":"2026-04-08T14:44:59","slug":"testgas-aerosol-918-5","status":"publish","type":"product","link":"https:\/\/secureus.se\/fi\/testgas-aerosol-918-5\/","title":{"rendered":"Savunilmaisimetesteri \u2013 Testaa kaasun savunilmaisin, palovaroitin \u2013 150 ml k\u00e4dess\u00e4 pidett\u00e4v\u00e4 aerosoli 918-5"},"content":{"rendered":"<h1>TESTIAAEROSOLI 918-5<\/h1>\n<p>Testaa kaasua savuilmaisimille. Sis\u00e4lt\u00f6\u00e4 riitt\u00e4\u00e4 n. 200 testi\u00e4. Ei sis\u00e4ll\u00e4 halogenoituja hiilivetyj\u00e4.<\/p>\n<p>Sopii SOLOA5 \/ SOLO A5 testikaasuun perustuvaan pidikkeeseen<\/p>\n<h3>Mit\u00e4 paloh\u00e4lyttimen testikaasu tarkoittaa?<\/h3>\n<p>Testikaasu on v\u00e4ltt\u00e4m\u00e4t\u00f6n osa paloilmaisimien oikean toiminnan varmistamiseksi. Esimerkki tehokkaasta testikaasusta on TESTGAS AEROSOL 918-5.<\/p>\n<p>T\u00e4m\u00e4 aerosoli on erityisesti kehitetty varmistamaan paloilmaisimien tarkat ja luotettavat testaukset.<\/p>\n<p>TESTGAS AEROSOL 918-5 sis\u00e4lt\u00e4\u00e4 tarkan ainekoostumuksen, joka mahdollistaa erilaisten palo-olosuhteiden simuloinnin.<\/p>\n<p>K\u00e4ytt\u00e4m\u00e4ll\u00e4 t\u00e4t\u00e4 testikaasua voidaan tarkasti ja turvallisesti testata ilmaisimen vastetta erilaisiin palotilanteisiin, mukaan lukien nopea palaminen, hidas kyteminen ja muut mahdollisesti vaaralliset tilanteet.<\/p>\n<p>On eritt\u00e4in t\u00e4rke\u00e4\u00e4 testata paloilmaisimia s\u00e4\u00e4nn\u00f6llisesti, jotta varmistetaan niiden toimivuus ja reagointikyky tarvittaessa.<\/p>\n<p>TESTGAS AEROSOL 918-5 tarjoaa k\u00e4yt\u00e4nn\u00f6llisen ja luotettavan tavan suorittaa n\u00e4m\u00e4 testit turvallisesti.<\/p>\n<p>Sen aerosolimuoto helpottaa testikaasun levitt\u00e4mist\u00e4 ja jakamista hallitusti.<\/p>\n<p>Maksimaalisen turvallisuuden ja tehokkuuden varmistamiseksi on t\u00e4rke\u00e4\u00e4 noudattaa valmistajan ohjeita ja suosituksia k\u00e4ytett\u00e4ess\u00e4 TESTGAS AEROSOL 918-5 tai vastaavia tuotteita.<\/p>\n<p>N\u00e4m\u00e4 testit tulee tehd\u00e4 s\u00e4\u00e4nn\u00f6llisesti sen varmistamiseksi, ett\u00e4 paloilmaisimet ovat valmiita suojaamaan henki\u00e4 ja omaisuutta tarvittaessa.<\/p>\n<p>Yhteenvetona voidaan todeta, ett\u00e4 TESTGAS AEROSOL 918-5 on luotettava ratkaisu paloilmaisimien oikean toiminnan testaamiseen ja todentamiseen.<\/p>\n<p>Investoimalla s\u00e4\u00e4nn\u00f6llisiin testeihin ja kunnossapitoon varmistat korkean palosuojan ja turvallisuuden eri ymp\u00e4rist\u00f6iss\u00e4.<\/p>","protected":false},"excerpt":{"rendered":"<p>Testaa kaasua savuilmaisimille. Sis\u00e4lt\u00f6\u00e4 riitt\u00e4\u00e4 n. 200 testi\u00e4. Ei sis\u00e4ll\u00e4 halogenoituja hiilivetyj\u00e4.<\/p>\n<p>Sopii SOLOA5 \/ SOLO A5 testikaasuun perustuvaan pidikkeeseen<\/p>","protected":false},"featured_media":138566,"template":"","meta":{"_acf_changed":false},"product_brand":[],"product_cat":[2943,1764],"product_tag":[],"class_list":{"0":"post-89441","1":"product","2":"type-product","3":"status-publish","4":"has-post-thumbnail","6":"product_cat-provgas-testgas-rokdetektorer","7":"product_cat-professionella-verktyg-for-prov-och-underhall","8":"product_shipping_class-postnord-varubrev","9":"tm-no-options","11":"first","12":"instock","13":"taxable","14":"shipping-taxable","15":"purchasable","16":"product-type-simple"},"acf":[],"_links":{"self":[{"href":"https:\/\/secureus.se\/fi\/wp-json\/wp\/v2\/product\/89441","targetHints":{"allow":["GET"]}}],"collection":[{"href":"https:\/\/secureus.se\/fi\/wp-json\/wp\/v2\/product"}],"about":[{"href":"https:\/\/secureus.se\/fi\/wp-json\/wp\/v2\/types\/product"}],"wp:featuredmedia":[{"embeddable":true,"href":"https:\/\/secureus.se\/fi\/wp-json\/wp\/v2\/media\/138566"}],"wp:attachment":[{"href":"https:\/\/secureus.se\/fi\/wp-json\/wp\/v2\/media?parent=89441"}],"wp:term":[{"taxonomy":"product_brand","embeddable":true,"href":"https:\/\/secureus.se\/fi\/wp-json\/wp\/v2\/product_brand?post=89441"},{"taxonomy":"product_cat","embeddable":true,"href":"https:\/\/secureus.se\/fi\/wp-json\/wp\/v2\/product_cat?post=89441"},{"taxonomy":"product_tag","embeddable":true,"href":"https:\/\/secureus.se\/fi\/wp-json\/wp\/v2\/product_tag?post=89441"}],"curies":[{"name":"wp","href":"https:\/\/api.w.org\/{rel}","templated":true}]}}