{"id":89646,"date":"2024-01-31T16:34:29","date_gmt":"2024-01-31T15:34:29","guid":{"rendered":"https:\/\/secureus.se\/produkt\/transformator-200ma\/"},"modified":"2026-04-08T16:50:20","modified_gmt":"2026-04-08T14:50:20","slug":"transformator-200ma","status":"publish","type":"product","link":"https:\/\/secureus.se\/fi\/transformator-200ma\/","title":{"rendered":"MUUNTAJA 200MA"},"content":{"rendered":"<p>Muuntaja asennettavaksi laitelaatikkoon 60mm kiinnitysruuviv\u00e4lill\u00e4 tai ulkoiseen asennukseen nousurunkoon.<\/p>\n<p>Tekniset tiedot Voltage Primary 230V, 5VA, 50Hz.<\/p>\n<p>J\u00e4nnite toisio 24V. Max virta 200mA.<\/p>\n<p>L\u00e4mp\u00f6tilasuoja Automaattinen.<\/p>\n<p>Sulake Ensisijainen 50mA.<\/p>\n<p>Eristyset\u00e4isyys prim\u00e4\u00e4ri\/sekundaarinen 25mm.<\/p>\n<p>Asennussyvyys 32mm.<\/p>\n<p>V\u00e4ri vuoren valkoinen<\/p>","protected":false},"excerpt":{"rendered":"<p>Muuntaja asennettavaksi laitelaatikkoon 60mm kiinnitysruuviv\u00e4lill\u00e4 tai ulkoiseen asennukseen nousurunkoon. Tekniset tiedot Voltage Primary 230V, 5VA, 50Hz. J\u00e4nnite toisio 24V. Max virta 200mA. L\u00e4mp\u00f6tilasuoja Automaattinen. Sulake Ensisijainen 50mA.<\/p>","protected":false},"featured_media":139164,"template":"","meta":{"_acf_changed":false},"product_brand":[],"product_cat":[1604],"product_tag":[],"class_list":{"0":"post-89646","1":"product","2":"type-product","3":"status-publish","4":"has-post-thumbnail","6":"product_cat-stromforsorjning-till-rwc-larm","7":"product_shipping_class-tunga-paket","8":"tm-no-options","10":"first","11":"instock","12":"sale","13":"taxable","14":"shipping-taxable","15":"purchasable","16":"product-type-simple"},"acf":[],"_links":{"self":[{"href":"https:\/\/secureus.se\/fi\/wp-json\/wp\/v2\/product\/89646","targetHints":{"allow":["GET"]}}],"collection":[{"href":"https:\/\/secureus.se\/fi\/wp-json\/wp\/v2\/product"}],"about":[{"href":"https:\/\/secureus.se\/fi\/wp-json\/wp\/v2\/types\/product"}],"wp:featuredmedia":[{"embeddable":true,"href":"https:\/\/secureus.se\/fi\/wp-json\/wp\/v2\/media\/139164"}],"wp:attachment":[{"href":"https:\/\/secureus.se\/fi\/wp-json\/wp\/v2\/media?parent=89646"}],"wp:term":[{"taxonomy":"product_brand","embeddable":true,"href":"https:\/\/secureus.se\/fi\/wp-json\/wp\/v2\/product_brand?post=89646"},{"taxonomy":"product_cat","embeddable":true,"href":"https:\/\/secureus.se\/fi\/wp-json\/wp\/v2\/product_cat?post=89646"},{"taxonomy":"product_tag","embeddable":true,"href":"https:\/\/secureus.se\/fi\/wp-json\/wp\/v2\/product_tag?post=89646"}],"curies":[{"name":"wp","href":"https:\/\/api.w.org\/{rel}","templated":true}]}}