{"id":89733,"date":"2024-02-09T11:25:15","date_gmt":"2024-02-09T10:25:15","guid":{"rendered":"https:\/\/secureus.se\/produkt\/fargo-86177-printer-cleaning-kit-pack-of-4\/"},"modified":"2026-04-08T16:57:52","modified_gmt":"2026-04-08T14:57:52","slug":"fargo-86177-printer-cleaning-kit-pack-of-4","status":"publish","type":"product","link":"https:\/\/secureus.se\/fi\/fargo-86177-printer-cleaning-kit-pack-of-4\/","title":{"rendered":"Puhdistussarja Fargo \u2013 86177"},"content":{"rendered":"<h1>Puhdistussarja<br \/>\n  Fargo \u2013 86177<\/h1>\n<p>Fargo-puhdistussarja 86177 on puhdistussarja s\u00e4\u00e4nn\u00f6lliseen k\u00e4ytt\u00f6\u00f6n.<br \/>\n  korttitulostimen huolto. Pakkaus auttaa poistamaan p\u00f6lyn, mustej\u00e4\u00e4m\u00e4t<br \/>\n  ja likaa tulostuslaadun yll\u00e4pit\u00e4miseksi ja tulostimen k\u00e4ytt\u00f6i\u00e4n pident\u00e4miseksi<br \/>\n  el\u00e4m\u00e4.<\/p>\n<p>S\u00e4\u00e4nn\u00f6llinen puhdistus v\u00e4hent\u00e4\u00e4 toimintah\u00e4iri\u00f6iden riski\u00e4 ja<br \/>\n  auttaa tulostinta tuottamaan tasalaatuisia tulosteita ajan kuluessa.<\/p>\n<ul>\n<li>Sis\u00e4lt\u00e4\u00e4 10 puhdistuskorttia<\/li>\n<li>Mukana 4 tulostusp\u00e4\u00e4n puhdistuspuikkoa<\/li>\n<li>Tuotenumero: 86177<\/li>\n<\/ul>\n<p><strong>Yhteensopiva Fargo DTC1250:n ja<br \/>\n  Vikakoodi 4250.<\/strong><\/p>\n<p><strong>Tuotteen paino:<\/strong> 0,28 kg<\/p>","protected":false},"excerpt":{"rendered":"<p>Reng\u00f6ringskit Fargo &#8211; 86177 Reng\u00f6ringskit Fargo &#8211; 86177 \u00e4r ett reng\u00f6ringskit f\u00f6r regelbundet underh\u00e5ll av kortskrivare. Kitet hj\u00e4lper till att avl\u00e4gsna damm, bl\u00e4ckrester och smuts f\u00f6r att h\u00e5lla utskriftskvaliteten h\u00f6g<\/p>","protected":false},"featured_media":139118,"template":"","meta":{"_acf_changed":false},"product_brand":[],"product_cat":[4807,4842,4845],"product_tag":[2830,3177,3201,4863],"class_list":{"0":"post-89733","1":"product","2":"type-product","3":"status-publish","4":"has-post-thumbnail","6":"product_cat-rengoringskit","7":"product_cat-dtc1250-band","8":"product_cat-dtc4250-band","9":"product_tag-kortprinter-direct-to-card","10":"product_tag-fargo","11":"product_tag-fargo-tillbehor","12":"product_tag-pf","13":"product_shipping_class-tunga-paket","14":"pa_brands-fargo","15":"tm-no-options","17":"first","18":"instock","19":"sale","20":"taxable","21":"shipping-taxable","22":"purchasable","23":"product-type-simple"},"acf":[],"_links":{"self":[{"href":"https:\/\/secureus.se\/fi\/wp-json\/wp\/v2\/product\/89733","targetHints":{"allow":["GET"]}}],"collection":[{"href":"https:\/\/secureus.se\/fi\/wp-json\/wp\/v2\/product"}],"about":[{"href":"https:\/\/secureus.se\/fi\/wp-json\/wp\/v2\/types\/product"}],"wp:featuredmedia":[{"embeddable":true,"href":"https:\/\/secureus.se\/fi\/wp-json\/wp\/v2\/media\/139118"}],"wp:attachment":[{"href":"https:\/\/secureus.se\/fi\/wp-json\/wp\/v2\/media?parent=89733"}],"wp:term":[{"taxonomy":"product_brand","embeddable":true,"href":"https:\/\/secureus.se\/fi\/wp-json\/wp\/v2\/product_brand?post=89733"},{"taxonomy":"product_cat","embeddable":true,"href":"https:\/\/secureus.se\/fi\/wp-json\/wp\/v2\/product_cat?post=89733"},{"taxonomy":"product_tag","embeddable":true,"href":"https:\/\/secureus.se\/fi\/wp-json\/wp\/v2\/product_tag?post=89733"}],"curies":[{"name":"wp","href":"https:\/\/api.w.org\/{rel}","templated":true}]}}