{"id":89831,"date":"2024-02-21T15:15:56","date_gmt":"2024-02-21T14:15:56","guid":{"rendered":"https:\/\/secureus.se\/produkt\/cardpresso-xxs-card-design-software-cp1000-usb-dongle-s-cpxxs\/"},"modified":"2026-04-07T12:51:24","modified_gmt":"2026-04-07T10:51:24","slug":"cardpresso-xxs-card-design-software-cp1000-usb-dongle-s-cpxxs","status":"publish","type":"product","link":"https:\/\/secureus.se\/fi\/cardpresso-xxs-card-design-software-cp1000-usb-dongle-s-cpxxs\/","title":{"rendered":"cardPresso XXS Card Design Software, CP1000 &#8211; USB Dongle [S-CPXXS]"},"content":{"rendered":"<p><strong>Tehokas korttisuunnittelu cardPresso XXS:ll\u00e4:<\/strong> cardPresso XXS on intuitiivinen ohjelmisto, joka sopii sek\u00e4 aloittelijoille ett\u00e4 kokeneille k\u00e4ytt\u00e4jille korttitulostuksessa. Monipuolisten ominaisuuksien ja ty\u00f6kalujen ansiosta se on t\u00e4ydellinen laadukkaiden henkil\u00f6korttien, j\u00e4senkorttien ja muiden korttituotteiden luomiseen.<\/p>\n<p><strong>Ominaisuudet ja edut:<\/strong><\/p>\n<ul>\n<li><strong>K\u00e4ytt\u00e4j\u00e4yst\u00e4v\u00e4llinen muotoilu:<\/strong> Intuitiivisen k\u00e4ytt\u00f6liittym\u00e4n avulla on helppo suunnitella ja mukauttaa kortteja erilaisilla malleilla ja graafisilla elementeill\u00e4.<\/li>\n<li><strong>Sis\u00e4inen tietokanta:<\/strong> Sis\u00e4\u00e4nrakennettu tietokanta pystyy k\u00e4sittelem\u00e4\u00e4n rajattoman m\u00e4\u00e4r\u00e4n tietueita, ja siin\u00e4 on valokuvalinkki, jonka avulla voit helposti lis\u00e4t\u00e4 kuvia korteille.<\/li>\n<li><strong>Yhteensopivuus:<\/strong> cardPresso XXS on yhteensopiva sek\u00e4 MacOS:n ett\u00e4 Windowsin kanssa, mik\u00e4 tekee siit\u00e4 joustavan erilaisiin k\u00e4ytt\u00f6ymp\u00e4rist\u00f6ihin.<\/li>\n<li><strong>Graafiset ty\u00f6kalut:<\/strong> Sis\u00e4lt\u00e4\u00e4 graafisen suunnittelun ja personointity\u00f6kalut, joiden avulla voit luoda mukautettuja kortteja erilaisiin tarpeisiin.<\/li>\n<\/ul>\n<p><strong>P\u00e4ivitysmahdollisuudet:<\/strong> Ohjelmisto tarjoaa joustavan p\u00e4ivityspolun viidell\u00e4 saatavilla olevalla versiolla, jotka lis\u00e4\u00e4v\u00e4t ominaisuuksia, kuten QR-koodeja, tietokantayhteyksi\u00e4 ja kehittyneempi\u00e4 koodausvaihtoehtoja. Voit helposti mukauttaa ohjelmiston tarpeisiisi.<\/p>\n<p><strong>J\u00e4rjestelm\u00e4vaatimukset:<\/strong> cardPresso XXS vaatii Intel-pohjaisen Macin tai PC:n, jossa on Microsoft\u00ae Windows\u00ae XP tai uudempi, ja v\u00e4hint\u00e4\u00e4n 512 Mt RAM-muistia ja 500 Mt vapaata kiintolevytilaa.<\/p>\n<p>Valitse cardPresso XXS virtaviivaistaaksesi korttisi suunnittelua ja tulostusprosessia. T\u00e4m\u00e4 ohjelmisto on tehokas ty\u00f6kalu kaikille, jotka haluavat luoda ammattikortteja helposti ja nopeasti.<\/p>","protected":false},"excerpt":{"rendered":"<p>cardPresso XXS -korttisuunnitteluohjelmisto yksinkertaistaa korttituotantoa k\u00e4ytt\u00e4j\u00e4yst\u00e4v\u00e4llisell\u00e4 k\u00e4ytt\u00f6liittym\u00e4ll\u00e4 ja sis\u00e4\u00e4nrakennetuilla korttimalleilla.<\/p>\n<p>Ohjelmisto on ihanteellinen korttitulostukseen ja tarjoaa joustavan p\u00e4ivityspolun erilaisiin tulostustarpeisiin.<\/p>\n<p>Se on yhteensopiva sek\u00e4 MacOS:n ett\u00e4 Windowsin kanssa ja sis\u00e4lt\u00e4\u00e4 graafisen suunnittelun ja personointity\u00f6kalut.<\/p>","protected":false},"featured_media":139014,"template":"","meta":{"_acf_changed":false},"product_brand":[],"product_cat":[3211],"product_tag":[4863],"class_list":{"0":"post-89831","1":"product","2":"type-product","3":"status-publish","4":"has-post-thumbnail","6":"product_cat-software-programvara","7":"product_tag-pf","8":"product_shipping_class-postnord-varubrev","9":"tm-no-options","11":"first","12":"onbackorder","13":"sale","14":"taxable","15":"shipping-taxable","16":"purchasable","17":"product-type-simple"},"acf":[],"_links":{"self":[{"href":"https:\/\/secureus.se\/fi\/wp-json\/wp\/v2\/product\/89831","targetHints":{"allow":["GET"]}}],"collection":[{"href":"https:\/\/secureus.se\/fi\/wp-json\/wp\/v2\/product"}],"about":[{"href":"https:\/\/secureus.se\/fi\/wp-json\/wp\/v2\/types\/product"}],"wp:featuredmedia":[{"embeddable":true,"href":"https:\/\/secureus.se\/fi\/wp-json\/wp\/v2\/media\/139014"}],"wp:attachment":[{"href":"https:\/\/secureus.se\/fi\/wp-json\/wp\/v2\/media?parent=89831"}],"wp:term":[{"taxonomy":"product_brand","embeddable":true,"href":"https:\/\/secureus.se\/fi\/wp-json\/wp\/v2\/product_brand?post=89831"},{"taxonomy":"product_cat","embeddable":true,"href":"https:\/\/secureus.se\/fi\/wp-json\/wp\/v2\/product_cat?post=89831"},{"taxonomy":"product_tag","embeddable":true,"href":"https:\/\/secureus.se\/fi\/wp-json\/wp\/v2\/product_tag?post=89831"}],"curies":[{"name":"wp","href":"https:\/\/api.w.org\/{rel}","templated":true}]}}