{"id":89899,"date":"2024-02-27T13:54:35","date_gmt":"2024-02-27T12:54:35","guid":{"rendered":"https:\/\/secureus.se\/produkt\/batteribackup-24v-2a\/"},"modified":"2026-04-15T16:44:20","modified_gmt":"2026-04-15T14:44:20","slug":"batteribackup-24v-2a","status":"publish","type":"product","link":"https:\/\/secureus.se\/fi\/batteribackup-24v-2a\/","title":{"rendered":"Vara-akku 24V 2A"},"content":{"rendered":"<h1>Varaparisto 24V 2A \u2013 vakaa virtal\u00e4hde kriittisiin j\u00e4rjestelmiin<\/h1>\n<p>Pid\u00e4 j\u00e4rjestelm\u00e4si k\u00e4ynniss\u00e4 my\u00f6s s\u00e4hk\u00f6katkojen aikana <strong>Vara-akku 24V 2A<\/strong>.<\/p>\n<p>T\u00e4m\u00e4 ratkaisu on ihanteellinen pienj\u00e4nnitej\u00e4rjestelmiin koteihin, toimistoihin ja teollisuusymp\u00e4rist\u00f6ihin.<\/p>\n<p>Siin\u00e4 on tilaa kahdelle 7 Ah:n akulle ja edistyneille suojatoiminnoille, joten se tarjoaa korkean luotettavuuden ja turvallisuuden.<\/p>\n<h5>P\u00e4\u00e4toiminnot<\/h5>\n<ul>\n<li><strong>Tehokas virtal\u00e4hde<\/strong>: 2,2 A l\u00e4ht\u00f6virta 27,6 V DC:ll\u00e4 ja tukee akkujen lataamista.<\/li>\n<li><strong>Suojaustoiminnot<\/strong>: Varustettu oikosulkusuojauksella (SCP), ylikuormitussuojalla (OLP), ylij\u00e4nnitesuojalla (OVP) ja syv\u00e4purkaussuojauksella (UVP).<\/li>\n<li><strong>Tilaa kahdelle akulle<\/strong>: Suunniteltu kahdelle 7 Ah:n akulle, jotka takaavat pitk\u00e4aikaisen virransy\u00f6t\u00f6n.<\/li>\n<li><strong>Visuaalinen tila<\/strong>: LED-ilmaisin helpottaa j\u00e4rjestelm\u00e4n tilan valvontaa.<\/li>\n<li><strong>Kest\u00e4v\u00e4 rakenne<\/strong>: Metallikotelo, valkoinen RAL9003, IP20-luokituksen kest\u00e4v\u00e4 ja luotettava toiminta.<\/li>\n<\/ul>\n<h5>Edut<\/h5>\n<ul>\n<li><strong>Turvallisuus ja vakaus<\/strong>: Varmistaa kriittisten j\u00e4rjestelmien keskeytym\u00e4tt\u00f6m\u00e4n toiminnan.<\/li>\n<li><strong>Monipuolinen k\u00e4ytt\u00f6<\/strong>: T\u00e4ydellinen turvaj\u00e4rjestelmiin, tietoliikenteeseen ja teollisuuteen.<\/li>\n<li><strong>Pitk\u00e4 k\u00e4ytt\u00f6ik\u00e4<\/strong>: V\u00e4h\u00e4iset huoltovaatimukset ja kest\u00e4v\u00e4 rakenne.<\/li>\n<\/ul>\n<h5>Tekniset tiedot<\/h5>\n<ul>\n<li><strong>Virtal\u00e4hde<\/strong>: 200-240 V AC<\/li>\n<li><strong>L\u00e4ht\u00f6j\u00e4nnite<\/strong>: 27,6 V DC<\/li>\n<li><strong>Tehokkuus<\/strong>: 90%<\/li>\n<li><strong>Akun kapasiteetti<\/strong>2x7Ah<\/li>\n<li><strong>Mitat<\/strong>: 230 x 300 x 82 mm<\/li>\n<\/ul>\n<p>Valita <strong>Vara-akku 24V 2A<\/strong> luotettavasta ja joustavasta ratkaisusta, joka suojaa t\u00e4rkeimpi\u00e4 j\u00e4rjestelmi\u00e4si s\u00e4hk\u00f6katkoksista.<\/p>\n<p>&nbsp;<\/p>\n<p><img decoding=\"async\" class=\"alignnone size-medium wp-image-123514565\" src=\"https:\/\/securityonline.se\/wp-content\/uploads\/2024\/02\/HPSB-24V2A-B-300x206.png\" alt=\"\" width=\"300\" height=\"206\" \/><\/p>","protected":false},"excerpt":{"rendered":"<p>Tehokas ja kompakti 24V 2A akkuvarasto, jossa tilaa kahdelle 7Ah akulle.<\/p>\n<p>Suojaa j\u00e4rjestelmi\u00e4si s\u00e4hk\u00f6katkojen varalta ja tarjoaa luotettavan toiminnan.<\/p>","protected":false},"featured_media":138925,"template":"","meta":{"_acf_changed":false},"product_brand":[],"product_cat":[2721],"product_tag":[3197,3195],"class_list":{"0":"post-89899","1":"product","2":"type-product","3":"status-publish","4":"has-post-thumbnail","6":"product_cat-batteribackuper","7":"product_tag-backup-24v","8":"product_tag-batteribackup-hpsb-12-24v-serie","9":"product_shipping_class-tunga-paket","10":"pa_brands-pulsar","11":"tm-no-options","13":"first","14":"onbackorder","15":"featured","16":"taxable","17":"shipping-taxable","18":"purchasable","19":"product-type-simple"},"acf":[],"_links":{"self":[{"href":"https:\/\/secureus.se\/fi\/wp-json\/wp\/v2\/product\/89899","targetHints":{"allow":["GET"]}}],"collection":[{"href":"https:\/\/secureus.se\/fi\/wp-json\/wp\/v2\/product"}],"about":[{"href":"https:\/\/secureus.se\/fi\/wp-json\/wp\/v2\/types\/product"}],"wp:featuredmedia":[{"embeddable":true,"href":"https:\/\/secureus.se\/fi\/wp-json\/wp\/v2\/media\/138925"}],"wp:attachment":[{"href":"https:\/\/secureus.se\/fi\/wp-json\/wp\/v2\/media?parent=89899"}],"wp:term":[{"taxonomy":"product_brand","embeddable":true,"href":"https:\/\/secureus.se\/fi\/wp-json\/wp\/v2\/product_brand?post=89899"},{"taxonomy":"product_cat","embeddable":true,"href":"https:\/\/secureus.se\/fi\/wp-json\/wp\/v2\/product_cat?post=89899"},{"taxonomy":"product_tag","embeddable":true,"href":"https:\/\/secureus.se\/fi\/wp-json\/wp\/v2\/product_tag?post=89899"}],"curies":[{"name":"wp","href":"https:\/\/api.w.org\/{rel}","templated":true}]}}