{"id":89902,"date":"2024-02-27T13:54:14","date_gmt":"2024-02-27T12:54:14","guid":{"rendered":"https:\/\/secureus.se\/produkt\/batteribackup-24v-5a\/"},"modified":"2026-02-02T15:03:28","modified_gmt":"2026-02-02T14:03:28","slug":"batteribackup-24v-5a","status":"publish","type":"product","link":"https:\/\/secureus.se\/fi\/batteribackup-24v-5a\/","title":{"rendered":"Vara-akku 24V 5A"},"content":{"rendered":"<h1>Varaparisto 24V 5A \u2013 Luotettavaan ja jatkuvaan toimintaan<\/h1>\n<p>Pid\u00e4 kriittiset j\u00e4rjestelm\u00e4si k\u00e4ynniss\u00e4 my\u00f6s s\u00e4hk\u00f6katkojen aikana <strong>Vara-akku 24V 5A<\/strong>.<\/p>\n<p>T\u00e4m\u00e4 tehokas laite sopii erinomaisesti pienj\u00e4nnitej\u00e4rjestelmiin koteihin, toimistoihin ja teollisuuteen.<\/p>\n<p>Siin\u00e4 on tilaa kahdelle 18 Ah:n akulle, vankka rakenne ja edistyneet suojatoiminnot, joten se tarjoaa korkean turvallisuuden ja luotettavuuden.<\/p>\n<h5>P\u00e4\u00e4toiminnot<\/h5>\n<ul>\n<li><strong>Tehokas virtal\u00e4hde<\/strong>: 5A l\u00e4ht\u00f6virta 27,6V DC joustavalla latauskapasiteetilla.<\/li>\n<li><strong>Suojaustoiminnot<\/strong>: Oikosulkusuojaus (SCP), ylikuormitussuoja (OLP), ylij\u00e4nnitesuoja (OVP) ja syv\u00e4purkaussuoja (UVP).<\/li>\n<li><strong>Joustava akun k\u00e4ytt\u00f6<\/strong>: Suunniteltu kahdelle 18 Ah:n akulle takaamaan pitk\u00e4aikaisen toiminnan s\u00e4hk\u00f6katkosten aikana.<\/li>\n<li><strong>Optinen ilmaisin<\/strong>: LED-valot n\u00e4ytt\u00e4v\u00e4t akun tilan, virtal\u00e4hteen ja mahdolliset virheet.<\/li>\n<li><strong>Kest\u00e4v\u00e4 muotoilu<\/strong>: Valmistettu kest\u00e4v\u00e4st\u00e4 metallista, valkoinen RAL9003-pinnoite, IP20-luokitus.<\/li>\n<\/ul>\n<h5>Edut<\/h5>\n<ul>\n<li><strong>Turvallisuus ja vakaus<\/strong>: Varmistaa kriittisten j\u00e4rjestelmien keskeytym\u00e4tt\u00f6m\u00e4n toiminnan.<\/li>\n<li><strong>K\u00e4ytt\u00e4j\u00e4yst\u00e4v\u00e4llinen asennus<\/strong>: Helppo asentaa pinta-asennuksella ja pultattavalla sulkimella.<\/li>\n<li><strong>Pitk\u00e4 k\u00e4ytt\u00f6ik\u00e4<\/strong>: Kest\u00e4v\u00e4 muotoilu kahden vuoden takuulla.<\/li>\n<\/ul>\n<h5>Tekniset tiedot<\/h5>\n<ul>\n<li><strong>Sy\u00f6tt\u00f6j\u00e4nnite<\/strong>: 200-240 V AC<\/li>\n<li><strong>L\u00e4ht\u00f6j\u00e4nnite<\/strong>: 27,6 V DC<\/li>\n<li><strong>Tehokkuus<\/strong>: 90%<\/li>\n<li><strong>Akun kapasiteetti<\/strong>: 2 x 18 Ah<\/li>\n<li><strong>Mitat<\/strong>: 330 x 380 x 173 mm<\/li>\n<\/ul>\n<p>Sijoita <strong>Vara-akku 24V 5A<\/strong> turvallinen ja vakaa ratkaisu, joka suojaa t\u00e4rkeimpi\u00e4 j\u00e4rjestelmi\u00e4si s\u00e4hk\u00f6katkoksista.<\/p>\n<h4><img decoding=\"async\" class=\"alignnone size-medium wp-image-123514569\" src=\"https:\/\/securityonline.se\/wp-content\/uploads\/2024\/02\/HPSB-24V5A-C-300x206.png\" alt=\"\" width=\"300\" height=\"206\" \/><\/h4>","protected":false},"excerpt":{"rendered":"<p>Tehokas akkuvarmistus 24V 5A, suunniteltu pienj\u00e4nnitej\u00e4rjestelmiin.<\/p>\n<p>Varmistaa jatkuvan toiminnan kahdelle 18 Ah:n akulle ja kehittyneill\u00e4 suojaustoiminnoilla.<\/p>","protected":false},"featured_media":138925,"template":"","meta":{"_acf_changed":false},"product_brand":[],"product_cat":[2721],"product_tag":[3197,3195],"class_list":{"0":"post-89902","1":"product","2":"type-product","3":"status-publish","4":"has-post-thumbnail","6":"product_cat-batteribackuper","7":"product_tag-backup-24v","8":"product_tag-batteribackup-hpsb-12-24v-serie","9":"product_shipping_class-tunga-paket","10":"pa_brands-pulsar","11":"tm-no-options","13":"first","14":"onbackorder","15":"featured","16":"taxable","17":"shipping-taxable","18":"purchasable","19":"product-type-simple"},"acf":[],"_links":{"self":[{"href":"https:\/\/secureus.se\/fi\/wp-json\/wp\/v2\/product\/89902","targetHints":{"allow":["GET"]}}],"collection":[{"href":"https:\/\/secureus.se\/fi\/wp-json\/wp\/v2\/product"}],"about":[{"href":"https:\/\/secureus.se\/fi\/wp-json\/wp\/v2\/types\/product"}],"wp:featuredmedia":[{"embeddable":true,"href":"https:\/\/secureus.se\/fi\/wp-json\/wp\/v2\/media\/138925"}],"wp:attachment":[{"href":"https:\/\/secureus.se\/fi\/wp-json\/wp\/v2\/media?parent=89902"}],"wp:term":[{"taxonomy":"product_brand","embeddable":true,"href":"https:\/\/secureus.se\/fi\/wp-json\/wp\/v2\/product_brand?post=89902"},{"taxonomy":"product_cat","embeddable":true,"href":"https:\/\/secureus.se\/fi\/wp-json\/wp\/v2\/product_cat?post=89902"},{"taxonomy":"product_tag","embeddable":true,"href":"https:\/\/secureus.se\/fi\/wp-json\/wp\/v2\/product_tag?post=89902"}],"curies":[{"name":"wp","href":"https:\/\/api.w.org\/{rel}","templated":true}]}}