{"id":89904,"date":"2024-02-27T12:40:39","date_gmt":"2024-02-27T11:40:39","guid":{"rendered":"https:\/\/secureus.se\/produkt\/batteribackup-12v-2a\/"},"modified":"2026-04-15T16:48:46","modified_gmt":"2026-04-15T14:48:46","slug":"batteribackup-12v-2a","status":"publish","type":"product","link":"https:\/\/secureus.se\/fi\/batteribackup-12v-2a\/","title":{"rendered":"Vara-akku 12V 2A"},"content":{"rendered":"<h1>Varaakku 12V 2A - Vakaa virtal\u00e4hde kriittisiin j\u00e4rjestelmiin<\/h1>\n<p>Suojaa j\u00e4rjestelm\u00e4si <strong>Vara-akku 12V 2A<\/strong> joka tarjoaa vakaan virransy\u00f6t\u00f6n ja keskeytym\u00e4tt\u00f6m\u00e4n toiminnan my\u00f6s s\u00e4hk\u00f6katkojen aikana.<\/p>\n<p>T\u00e4m\u00e4 laite sopii erinomaisesti koti-, toimisto- ja yritysk\u00e4ytt\u00f6\u00f6n, sill\u00e4 siin\u00e4 on tilaa 7 Ah:n akulle.<\/p>\n<h5>P\u00e4\u00e4toiminnot<\/h5>\n<ul>\n<li><strong>Tehokas virtal\u00e4hde<\/strong>: Antaa 2,5 A l\u00e4ht\u00f6virran 13,8 V DC:ll\u00e4 ja sis\u00e4lt\u00e4\u00e4 akun latauksen.<\/li>\n<li><strong>Lis\u00e4suojaustoiminnot<\/strong>: Suojaus oikosulkua (SCP), ylikuormitusta (OLP), ylikuumenemista (OHP) ja syv\u00e4purkausta (UVP) vastaan.<\/li>\n<li><strong>Joustava muotoilu<\/strong>: Tilaa 7 Ah:n akulle optimoidulla tilalla ja asennusvaihtoehdoilla.<\/li>\n<li><strong>LED-ilmaisin<\/strong>: Optiset LED-valot tilan valvontaan ja virheiden ilmaisemiseen.<\/li>\n<li><strong>Vankka rakenne<\/strong>: Valmistettu kest\u00e4v\u00e4st\u00e4 metallista, valkoinen RAL9003, IP20-luokitus.<\/li>\n<\/ul>\n<h5>Edut<\/h5>\n<ul>\n<li><strong>Turvallisuus ja vakaus<\/strong>: Varmistaa herkkien j\u00e4rjestelmien keskeytym\u00e4tt\u00f6m\u00e4n toiminnan.<\/li>\n<li><strong>K\u00e4ytt\u00e4j\u00e4yst\u00e4v\u00e4llinen asennus<\/strong>: Kompakti rakenne pinta-asennuksella ja helpolla liit\u00e4nn\u00e4ll\u00e4.<\/li>\n<li><strong>Pitk\u00e4 k\u00e4ytt\u00f6ik\u00e4<\/strong>: Suunniteltu kest\u00e4m\u00e4\u00e4n, kahden vuoden takuulla.<\/li>\n<\/ul>\n<h5>Tekniset tiedot<\/h5>\n<ul>\n<li><strong>Sy\u00f6tt\u00f6j\u00e4nnite<\/strong>: 200\u2013240 V AC<\/li>\n<li><strong>L\u00e4ht\u00f6j\u00e4nnite<\/strong>: 13,8 V DC<\/li>\n<li><strong>Akun kapasiteetti<\/strong>1x7Ah<\/li>\n<li><strong>Tehokkuus<\/strong>: 87%<\/li>\n<li><strong>Mitat<\/strong>: 170 x 180 x 82 mm<\/li>\n<\/ul>\n<p>Sijoita <strong>Vara-akku 12V 2A<\/strong> varmistaaksesi vakaan virransy\u00f6t\u00f6n ja suojataksesi t\u00e4rkeimpi\u00e4 j\u00e4rjestelmi\u00e4si.<\/p>\n<p><img decoding=\"async\" class=\"alignnone size-medium wp-image-123514570\" src=\"https:\/\/securityonline.se\/wp-content\/uploads\/2024\/02\/HPSB-12V2A-B-300x206.png\" alt=\"\" width=\"300\" height=\"206\" \/><\/p>","protected":false},"excerpt":{"rendered":"<p>Kompakti ja tehokas akkuvaraus 12V 2A, jossa tilaa 7Ah akulle.<\/p>\n<p>Suojaa j\u00e4rjestelmi\u00e4si edistyneill\u00e4 suojaustoiminnoilla ja vakaalla toiminnalla.<\/p>","protected":false},"featured_media":138866,"template":"","meta":{"_acf_changed":false},"product_brand":[],"product_cat":[2721],"product_tag":[3196,3195],"class_list":{"0":"post-89904","1":"product","2":"type-product","3":"status-publish","4":"has-post-thumbnail","6":"product_cat-batteribackuper","7":"product_tag-backup-12v","8":"product_tag-batteribackup-hpsb-12-24v-serie","9":"product_shipping_class-tunga-paket","10":"pa_brands-pulsar","11":"tm-no-options","13":"first","14":"onbackorder","15":"featured","16":"taxable","17":"shipping-taxable","18":"purchasable","19":"product-type-simple"},"acf":[],"_links":{"self":[{"href":"https:\/\/secureus.se\/fi\/wp-json\/wp\/v2\/product\/89904","targetHints":{"allow":["GET"]}}],"collection":[{"href":"https:\/\/secureus.se\/fi\/wp-json\/wp\/v2\/product"}],"about":[{"href":"https:\/\/secureus.se\/fi\/wp-json\/wp\/v2\/types\/product"}],"wp:featuredmedia":[{"embeddable":true,"href":"https:\/\/secureus.se\/fi\/wp-json\/wp\/v2\/media\/138866"}],"wp:attachment":[{"href":"https:\/\/secureus.se\/fi\/wp-json\/wp\/v2\/media?parent=89904"}],"wp:term":[{"taxonomy":"product_brand","embeddable":true,"href":"https:\/\/secureus.se\/fi\/wp-json\/wp\/v2\/product_brand?post=89904"},{"taxonomy":"product_cat","embeddable":true,"href":"https:\/\/secureus.se\/fi\/wp-json\/wp\/v2\/product_cat?post=89904"},{"taxonomy":"product_tag","embeddable":true,"href":"https:\/\/secureus.se\/fi\/wp-json\/wp\/v2\/product_tag?post=89904"}],"curies":[{"name":"wp","href":"https:\/\/api.w.org\/{rel}","templated":true}]}}