{"id":89959,"date":"2024-03-04T14:28:01","date_gmt":"2024-03-04T13:28:01","guid":{"rendered":"https:\/\/secureus.se\/produkt\/fargo-84912-ymckk-colour-ribbon-600-prints\/"},"modified":"2026-04-08T16:59:21","modified_gmt":"2026-04-08T14:59:21","slug":"fargo-84912-ymckk-colour-ribbon-600-prints","status":"publish","type":"product","link":"https:\/\/secureus.se\/fi\/fargo-84912-ymckk-colour-ribbon-600-prints\/","title":{"rendered":"F\u00e4rgband Fargo YMCKK &#8211;\n  84912 (600 utskrifter)"},"content":{"rendered":"<h1>Nauha<br \/>\n  Fargo YMCKK &#8211; 84912 (600 utskrifter)<\/h1>\n<p>F\u00e4rgband Fargo YMCKK &#8211; 84912 (600 utskrifter) \u00e4r ett f\u00e4rgband f\u00f6r<br \/>\n  muovikorttien tulostaminen ter\u00e4vill\u00e4 v\u00e4reill\u00e4, selke\u00e4ll\u00e4 tekstill\u00e4 ja hyv\u00e4ll\u00e4<br \/>\n  detalj\u00e5tergivning. Bandtypen YMCKK ger r\u00e4tt kombination av f\u00e4rgpaneler f\u00f6r<br \/>\n  professionella kortutskrifter.<\/p>\n<p>Sopii henkil\u00f6korteille, kulkukorteille, j\u00e4senkorteille ja muille<br \/>\n  muovikortteja, joissa vaaditaan korkeaa tulostuslaatua ja luotettavuutta<br \/>\n  t\u00e4rke\u00e4.<\/p>\n<ul>\n<li>Kapasiteetti: jopa 600 tulostetta<\/li>\n<li>Bandtyp: YMCKK<\/li>\n<li>Sopii kaksipuoliseen korttitulostukseen<\/li>\n<li>Artikelnummer: &#8211;<\/li>\n<\/ul>","protected":false},"excerpt":{"rendered":"<p>F\u00e4rgband Fargo YMCKK &#8211; 84912 (600 utskrifter) F\u00e4rgband Fargo YMCKK &#8211; 84912 (600 utskrifter) \u00e4r ett f\u00e4rgband f\u00f6r utskrift av plastkort med skarpa f\u00e4rger, tydlig text och bra detalj\u00e5tergivning. Bandtypen<\/p>","protected":false},"featured_media":138578,"template":"","meta":{"_acf_changed":false},"product_brand":[],"product_cat":[3214,4852],"product_tag":[3201,4863],"class_list":{"0":"post-89959","1":"product","2":"type-product","3":"status-publish","4":"has-post-thumbnail","6":"product_cat-fargo-fargband-retransfer","7":"product_cat-hdp6600-band","8":"product_tag-fargo-tillbehor","9":"product_tag-pf","10":"product_shipping_class-tunga-paket","11":"pa_brands-fargo","12":"tm-has-options","14":"first","15":"outofstock","16":"sale","17":"taxable","18":"shipping-taxable","19":"purchasable","20":"product-type-simple"},"acf":[],"_links":{"self":[{"href":"https:\/\/secureus.se\/fi\/wp-json\/wp\/v2\/product\/89959","targetHints":{"allow":["GET"]}}],"collection":[{"href":"https:\/\/secureus.se\/fi\/wp-json\/wp\/v2\/product"}],"about":[{"href":"https:\/\/secureus.se\/fi\/wp-json\/wp\/v2\/types\/product"}],"wp:featuredmedia":[{"embeddable":true,"href":"https:\/\/secureus.se\/fi\/wp-json\/wp\/v2\/media\/138578"}],"wp:attachment":[{"href":"https:\/\/secureus.se\/fi\/wp-json\/wp\/v2\/media?parent=89959"}],"wp:term":[{"taxonomy":"product_brand","embeddable":true,"href":"https:\/\/secureus.se\/fi\/wp-json\/wp\/v2\/product_brand?post=89959"},{"taxonomy":"product_cat","embeddable":true,"href":"https:\/\/secureus.se\/fi\/wp-json\/wp\/v2\/product_cat?post=89959"},{"taxonomy":"product_tag","embeddable":true,"href":"https:\/\/secureus.se\/fi\/wp-json\/wp\/v2\/product_tag?post=89959"}],"curies":[{"name":"wp","href":"https:\/\/api.w.org\/{rel}","templated":true}]}}