{"id":89961,"date":"2024-03-04T14:28:03","date_gmt":"2024-03-04T13:28:03","guid":{"rendered":"https:\/\/secureus.se\/produkt\/fargo-84900-clear-retransfer-film-1500-prints\/"},"modified":"2026-04-08T16:58:55","modified_gmt":"2026-04-08T14:58:55","slug":"fargo-84900-clear-retransfer-film-1500-prints","status":"publish","type":"product","link":"https:\/\/secureus.se\/fi\/fargo-84900-clear-retransfer-film-1500-prints\/","title":{"rendered":"Fargo-siirtofilmi \u2013 84900 (1500 tulostetta)"},"content":{"rendered":"<h1>Siirtokalvo<br \/>\n  Fargo &#8211; 84900 (1500 utskrifter)<\/h1>\n<p>Retransferfilm Fargo &#8211; 84900 (1500 utskrifter) \u00e4r ett f\u00e4rgband f\u00f6r<br \/>\n  muovikorttien tulostaminen ter\u00e4vill\u00e4 v\u00e4reill\u00e4, selke\u00e4ll\u00e4 tekstill\u00e4 ja hyv\u00e4ll\u00e4<br \/>\n  yksityiskohtien toisto. YMCK-v\u00e4rinauha tarjoaa oikean v\u00e4ripaneelien yhdistelm\u00e4n yksityiskohtien toistoon.<br \/>\n  ammattimainen korttien painatus.<\/p>\n<p>Sopii henkil\u00f6korteille, kulkukorteille, j\u00e4senkorteille ja muille<br \/>\n  muovikortteja, joissa vaaditaan korkeaa tulostuslaatua ja luotettavuutta<br \/>\n  t\u00e4rke\u00e4.<\/p>\n<ul>\n<li>Kapacitet: upp till 1 500 utskrifter<\/li>\n<li>Nauhatyyppi: YMCK<\/li>\n<li>Artikelnummer: 84900<\/li>\n<\/ul>\n<p><strong>Kompatibel med The Fargo 84900 standard clear film<br \/>\n  is endast compatible with the HDP6600 card printer och adds a layer of<br \/>\n  laminate protection to cards, increasing durability against everyday<br \/>\n  abrasions.<\/strong><\/p>","protected":false},"excerpt":{"rendered":"<p>Retransferfilm Fargo &#8211; 84900 (1500 utskrifter) Retransferfilm Fargo &#8211; 84900 (1500 utskrifter) \u00e4r ett f\u00e4rgband f\u00f6r utskrift av plastkort med skarpa f\u00e4rger, tydlig text och bra detalj\u00e5tergivning. Bandtypen YMCK ger<\/p>","protected":false},"featured_media":138560,"template":"","meta":{"_acf_changed":false},"product_brand":[],"product_cat":[3214,4852],"product_tag":[3201,4863],"class_list":{"0":"post-89961","1":"product","2":"type-product","3":"status-publish","4":"has-post-thumbnail","6":"product_cat-fargo-fargband-retransfer","7":"product_cat-hdp6600-band","8":"product_tag-fargo-tillbehor","9":"product_tag-pf","10":"product_shipping_class-tunga-paket","11":"pa_brands-fargo","12":"tm-has-options","14":"first","15":"instock","16":"sale","17":"taxable","18":"shipping-taxable","19":"purchasable","20":"product-type-simple"},"acf":[],"_links":{"self":[{"href":"https:\/\/secureus.se\/fi\/wp-json\/wp\/v2\/product\/89961","targetHints":{"allow":["GET"]}}],"collection":[{"href":"https:\/\/secureus.se\/fi\/wp-json\/wp\/v2\/product"}],"about":[{"href":"https:\/\/secureus.se\/fi\/wp-json\/wp\/v2\/types\/product"}],"wp:featuredmedia":[{"embeddable":true,"href":"https:\/\/secureus.se\/fi\/wp-json\/wp\/v2\/media\/138560"}],"wp:attachment":[{"href":"https:\/\/secureus.se\/fi\/wp-json\/wp\/v2\/media?parent=89961"}],"wp:term":[{"taxonomy":"product_brand","embeddable":true,"href":"https:\/\/secureus.se\/fi\/wp-json\/wp\/v2\/product_brand?post=89961"},{"taxonomy":"product_cat","embeddable":true,"href":"https:\/\/secureus.se\/fi\/wp-json\/wp\/v2\/product_cat?post=89961"},{"taxonomy":"product_tag","embeddable":true,"href":"https:\/\/secureus.se\/fi\/wp-json\/wp\/v2\/product_tag?post=89961"}],"curies":[{"name":"wp","href":"https:\/\/api.w.org\/{rel}","templated":true}]}}