{"id":89963,"date":"2024-03-04T14:28:03","date_gmt":"2024-03-04T13:28:03","guid":{"rendered":"https:\/\/secureus.se\/produkt\/fargo-84911-ymck-colour-ribbon-750-prints\/"},"modified":"2025-10-21T12:29:37","modified_gmt":"2025-10-21T10:29:37","slug":"fargo-84911-ymck-colour-ribbon-750-prints","status":"publish","type":"product","link":"https:\/\/secureus.se\/fi\/fargo-84911-ymck-colour-ribbon-750-prints\/","title":{"rendered":"Fargo 84911 YMCK v\u00e4rinauha (750 tulostetta)"},"content":{"rendered":"<p>Fargo 84911 YMCK -t\u00e4ysv\u00e4rinen nauha tuottaa korkealaatuisia yksipuolisia tulosteita.<\/p>\n<p>T\u00e4ysv\u00e4riset paneelit luovat eloisia, valokuvamaisia kuvia, kun taas musta hartsi tuottaa yksityiskohtaista teksti\u00e4 ja tarkkoja viivakoodeja.<\/p>\n<p>Huomaa, ett\u00e4 t\u00e4t\u00e4 nauhaa tulee k\u00e4ytt\u00e4\u00e4 rinnalla\u00a0<a href=\"https:\/\/www.digitalid.co.uk\/product\/fargo-84900-standard-clear-film-2737\" target=\"_blank\" rel=\"noopener\">Fargo 84900 uudelleensiirto elokuva<\/a>.<\/p>\n<ul>\n<li>750 tulostetta per rulla<\/li>\n<li>YMCK-nauha (keltainen, magenta, syaani ja musta paneelit)<\/li>\n<li>Valmistajan osanumero \u2013 84911<\/li>\n<\/ul>","protected":false},"excerpt":{"rendered":"<p>Fargo 84911 YMCK -t\u00e4ysv\u00e4rinen nauha tuottaa korkealaatuisia yksipuolisia tulosteita. T\u00e4ysv\u00e4riset paneelit luovat eloisia, valokuvamaisia kuvia, kun taas musta hartsi tuottaa yksityiskohtaista teksti\u00e4 ja tarkkoja viivakoodeja. Huomaa,<\/p>","protected":false},"featured_media":138569,"template":"","meta":{"_acf_changed":false},"product_brand":[],"product_cat":[3214],"product_tag":[3201,4863],"class_list":{"0":"post-89963","1":"product","2":"type-product","3":"status-publish","4":"has-post-thumbnail","6":"product_cat-fargo-fargband-retransfer","7":"product_tag-fargo-tillbehor","8":"product_tag-pf","9":"product_shipping_class-tunga-paket","10":"pa_brands-fargo","11":"tm-has-options","13":"first","14":"outofstock","15":"sale","16":"taxable","17":"shipping-taxable","18":"purchasable","19":"product-type-simple"},"acf":[],"_links":{"self":[{"href":"https:\/\/secureus.se\/fi\/wp-json\/wp\/v2\/product\/89963","targetHints":{"allow":["GET"]}}],"collection":[{"href":"https:\/\/secureus.se\/fi\/wp-json\/wp\/v2\/product"}],"about":[{"href":"https:\/\/secureus.se\/fi\/wp-json\/wp\/v2\/types\/product"}],"wp:featuredmedia":[{"embeddable":true,"href":"https:\/\/secureus.se\/fi\/wp-json\/wp\/v2\/media\/138569"}],"wp:attachment":[{"href":"https:\/\/secureus.se\/fi\/wp-json\/wp\/v2\/media?parent=89963"}],"wp:term":[{"taxonomy":"product_brand","embeddable":true,"href":"https:\/\/secureus.se\/fi\/wp-json\/wp\/v2\/product_brand?post=89963"},{"taxonomy":"product_cat","embeddable":true,"href":"https:\/\/secureus.se\/fi\/wp-json\/wp\/v2\/product_cat?post=89963"},{"taxonomy":"product_tag","embeddable":true,"href":"https:\/\/secureus.se\/fi\/wp-json\/wp\/v2\/product_tag?post=89963"}],"curies":[{"name":"wp","href":"https:\/\/api.w.org\/{rel}","templated":true}]}}