{"id":90166,"date":"2024-03-12T10:37:30","date_gmt":"2024-03-12T09:37:30","guid":{"rendered":"https:\/\/secureus.se\/?post_type=product&#038;p=90166"},"modified":"2025-12-31T21:01:14","modified_gmt":"2025-12-31T20:01:14","slug":"risco-wifi-2mp-pan-tilt-camera","status":"publish","type":"product","link":"https:\/\/secureus.se\/fi\/risco-wifi-2mp-pan-tilt-camera\/","title":{"rendered":"Risco WiFi 2MP Pan Tilt -kamera"},"content":{"rendered":"<h1>Risco WiFi 2MP Pan Tilt -kamera<\/h1>\n<p data-start=\"369\" data-end=\"676\">Risco WiFi 2MP Pan Tilt -kamera tarjoaa ter\u00e4v\u00e4piirtoista turvallisuutta 2 megapikselin progressiivisella CMOS-kuvakennollaan.<\/p>\n<p data-start=\"369\" data-end=\"676\">Kamerassa on s\u00e4\u00e4dett\u00e4v\u00e4 3,6 mm:n polttov\u00e4li, ja se mahdollistaa 355\u00b0 panoroinnin ja 0\u201390\u00b0 kallistuksen, mik\u00e4 tarjoaa t\u00e4ydellisen yleiskuvan valvonta-alueesta.<\/p>\n<p data-start=\"678\" data-end=\"1008\">Jopa 10 metrin infrapunas\u00e4teilyn ansiosta kamera sopii erinomaisesti sek\u00e4 p\u00e4iv\u00e4- ett\u00e4 y\u00f6valvontaan. Paremman vuorovaikutteisuuden ja turvallisuuden takaamiseksi kamerassa on sis\u00e4\u00e4nrakennettu kaiutin ja mikrofoni kaksisuuntaista viestint\u00e4\u00e4 varten.<\/p>\n<p data-start=\"678\" data-end=\"1008\">Se on varustettu Wi-Fi-yhteydell\u00e4 helppoa asennusta ja verkkoon yhdist\u00e4mist\u00e4 varten, ja sen Wi-Fi-teho on jopa 20 dBm.<\/p>\n<p data-start=\"1010\" data-end=\"1137\">Risco WiFi 2MP -pan-tilt-kamera tukee my\u00f6s jopa 128 Gt:n Micro SD -kortteja videomateriaalin paikalliseen tallennukseen.<\/p>\n<p data-start=\"1139\" data-end=\"1168\"><strong data-start=\"1139\" data-end=\"1168\">Tekniset tiedot:<\/strong><\/p>\n<ul data-start=\"1169\" data-end=\"1556\">\n<li data-start=\"1169\" data-end=\"1209\">\n<p data-start=\"1171\" data-end=\"1209\">Malli: Risco WiFi 2MP panorointi- ja kallistuskamera<\/p>\n<\/li>\n<li data-start=\"1210\" data-end=\"1257\">\n<p data-start=\"1212\" data-end=\"1257\">Kuvakenno: 1\/2,7&quot; 2 megapikselin progressiivinen CMOS<\/p>\n<\/li>\n<li data-start=\"1258\" data-end=\"1280\">\n<p data-start=\"1260\" data-end=\"1280\">IR-et\u00e4isyys: 10 metri\u00e4<\/p>\n<\/li>\n<li data-start=\"1281\" data-end=\"1300\">\n<p data-start=\"1283\" data-end=\"1300\">Polttov\u00e4li: 3,6 mm<\/p>\n<\/li>\n<li data-start=\"1301\" data-end=\"1336\">\n<p data-start=\"1303\" data-end=\"1336\">Panorointi \/ kallistus: 355\u00b0 Pan &amp; 0~90\u00b0 kallistus<\/p>\n<\/li>\n<li data-start=\"1337\" data-end=\"1369\">\n<p data-start=\"1339\" data-end=\"1369\">Virtal\u00e4hde: 5V \/ 1,5A DC<\/p>\n<\/li>\n<li data-start=\"1370\" data-end=\"1394\">\n<p data-start=\"1372\" data-end=\"1394\">Virrankulutus: 5,5W<\/p>\n<\/li>\n<li data-start=\"1395\" data-end=\"1427\">\n<p data-start=\"1397\" data-end=\"1427\">Wi-Fi L\u00e4ht\u00f6teho: 20 dBm max.<\/p>\n<\/li>\n<li data-start=\"1428\" data-end=\"1453\">\n<p data-start=\"1430\" data-end=\"1453\">Wi-Fi-taajuus: 2,4 GHz<\/p>\n<\/li>\n<li data-start=\"1454\" data-end=\"1493\">\n<p data-start=\"1456\" data-end=\"1493\">Toiminnot: Panorointi \/ Kallistus \/ Digitaalinen zoomaus<\/p>\n<\/li>\n<li data-start=\"1494\" data-end=\"1524\">\n<p data-start=\"1496\" data-end=\"1524\">Sis\u00e4\u00e4nrakennettu kaiutin ja mikrofoni<\/p>\n<\/li>\n<li data-start=\"1525\" data-end=\"1556\">\n<p data-start=\"1527\" data-end=\"1556\">Tallennustila: Micro SD, enint. 128 Gt<\/p>\n<\/li>\n<\/ul>","protected":false},"excerpt":{"rendered":"<p>Risco WiFi 2MP Pan Tilt -kamera on joustava turvakamera, jossa on 2 megapikselin kuvakenno, jopa 10 metrin infrapunan\u00e4kyvyys sek\u00e4 355\u00b0 panorointi ja 0\u201390\u00b0 kallistus.<\/p>\n<p>T\u00e4ydellinen valvontaan Wi-Fi-yhteyden sek\u00e4 sis\u00e4\u00e4nrakennetun kaiuttimen ja mikrofonin ansiosta.<\/p>","protected":false},"featured_media":138324,"template":"","meta":{"_acf_changed":false},"product_brand":[],"product_cat":[3192],"product_tag":[],"class_list":{"0":"post-90166","1":"product","2":"type-product","3":"status-publish","4":"has-post-thumbnail","6":"product_cat-risco-ip-kamera","7":"product_shipping_class-tunga-paket","8":"pa_brands-4risco","9":"tm-no-options","11":"first","12":"onbackorder","13":"sale","14":"taxable","15":"shipping-taxable","16":"purchasable","17":"product-type-simple"},"acf":[],"_links":{"self":[{"href":"https:\/\/secureus.se\/fi\/wp-json\/wp\/v2\/product\/90166","targetHints":{"allow":["GET"]}}],"collection":[{"href":"https:\/\/secureus.se\/fi\/wp-json\/wp\/v2\/product"}],"about":[{"href":"https:\/\/secureus.se\/fi\/wp-json\/wp\/v2\/types\/product"}],"wp:featuredmedia":[{"embeddable":true,"href":"https:\/\/secureus.se\/fi\/wp-json\/wp\/v2\/media\/138324"}],"wp:attachment":[{"href":"https:\/\/secureus.se\/fi\/wp-json\/wp\/v2\/media?parent=90166"}],"wp:term":[{"taxonomy":"product_brand","embeddable":true,"href":"https:\/\/secureus.se\/fi\/wp-json\/wp\/v2\/product_brand?post=90166"},{"taxonomy":"product_cat","embeddable":true,"href":"https:\/\/secureus.se\/fi\/wp-json\/wp\/v2\/product_cat?post=90166"},{"taxonomy":"product_tag","embeddable":true,"href":"https:\/\/secureus.se\/fi\/wp-json\/wp\/v2\/product_tag?post=90166"}],"curies":[{"name":"wp","href":"https:\/\/api.w.org\/{rel}","templated":true}]}}