{"id":90168,"date":"2024-03-12T10:37:30","date_gmt":"2024-03-12T09:37:30","guid":{"rendered":"https:\/\/secureus.se\/?post_type=product&#038;p=90168"},"modified":"2025-12-31T21:01:19","modified_gmt":"2025-12-31T20:01:19","slug":"risco-wifi-2mp-eyeball-camera","status":"publish","type":"product","link":"https:\/\/secureus.se\/fi\/risco-wifi-2mp-eyeball-camera\/","title":{"rendered":"Risco WiFi 2MP silm\u00e4munakamera"},"content":{"rendered":"<h1>Risco WiFi 2MP silm\u00e4munakamera<\/h1>\n<p data-start=\"355\" data-end=\"728\">Risco WiFi 2MP -silm\u00e4kamerassa on korkearesoluutioinen 2 megapikselin progressiivinen CMOS-kuvakenno, joka tuottaa selke\u00e4n ja yksityiskohtaisen kuvanlaadun.<\/p>\n<p data-start=\"355\" data-end=\"728\">Kameran infrapunakantama on jopa 20 metri\u00e4, joten se sopii erinomaisesti sek\u00e4 p\u00e4iv\u00e4- ett\u00e4 y\u00f6valvontaan.<\/p>\n<p data-start=\"355\" data-end=\"728\">2,8 mm:n polttov\u00e4lin ansiosta kamera tallentaa laajan kuvakent\u00e4n ja sopii t\u00e4ydellisesti suurempien alueiden valvontaan.<\/p>\n<p data-start=\"730\" data-end=\"974\">Kamera on IP67-sertifioitu, joten se on sek\u00e4 vedenkest\u00e4v\u00e4 ett\u00e4 p\u00f6lytiivis ja sopii sek\u00e4 sis\u00e4- ett\u00e4 ulkok\u00e4ytt\u00f6\u00f6n.<\/p>\n<p data-start=\"730\" data-end=\"974\">Se tukee my\u00f6s jopa 128 Gt:n Micro SD -kortteja videomateriaalin paikalliseen tallennukseen.<\/p>\n<p data-start=\"976\" data-end=\"1223\">Risco WiFi 2MP -silm\u00e4kamerassa on Wi-Fi-yhteys, joka yksinkertaistaa asennusta ja tarjoaa joustavuutta sijoittaa kamera sinne, miss\u00e4 sit\u00e4 tarvitaan ilman kaapeleita.<\/p>\n<p data-start=\"976\" data-end=\"1223\">Se tukee jopa 20 dBm:n Wi-Fi-tehoa ja toimii 2,4 GHz:n taajuudella.<\/p>\n<p data-start=\"1225\" data-end=\"1254\"><strong data-start=\"1225\" data-end=\"1254\">Tekniset tiedot:<\/strong><\/p>\n<ul data-start=\"1255\" data-end=\"1696\">\n<li data-start=\"1255\" data-end=\"1276\">\n<p data-start=\"1257\" data-end=\"1276\">Malli: RVCM32W1600<\/p>\n<\/li>\n<li data-start=\"1277\" data-end=\"1325\">\n<p data-start=\"1279\" data-end=\"1325\">Kuvakenno: 1\/2,7 tuuman 2 megapikselin progressiivinen CMOS<\/p>\n<\/li>\n<li data-start=\"1326\" data-end=\"1348\">\n<p data-start=\"1328\" data-end=\"1348\">IR-et\u00e4isyys: 20 metri\u00e4<\/p>\n<\/li>\n<li data-start=\"1349\" data-end=\"1368\">\n<p data-start=\"1351\" data-end=\"1368\">Polttov\u00e4li: 2,8 mm<\/p>\n<\/li>\n<li data-start=\"1369\" data-end=\"1399\">\n<p data-start=\"1371\" data-end=\"1399\">Virtal\u00e4hde: 12V DC, 1A<\/p>\n<\/li>\n<li data-start=\"1400\" data-end=\"1425\">\n<p data-start=\"1402\" data-end=\"1425\">Virrankulutus: &lt;4,7W<\/p>\n<\/li>\n<li data-start=\"1426\" data-end=\"1462\">\n<p data-start=\"1428\" data-end=\"1462\">Wi-Fi-teho: Enimm\u00e4isteho 20 dBm<\/p>\n<\/li>\n<li data-start=\"1463\" data-end=\"1488\">\n<p data-start=\"1465\" data-end=\"1488\">Wi-Fi-taajuus: 2,4 GHz<\/p>\n<\/li>\n<li data-start=\"1489\" data-end=\"1565\">\n<p data-start=\"1491\" data-end=\"1565\">K\u00e4ytt\u00f6olosuhteet: -20\u00b0C - 45\u00b0C (-4\u00b0F - 113\u00b0F), kosteus \u2264 95%<\/p>\n<\/li>\n<li data-start=\"1566\" data-end=\"1615\">\n<p data-start=\"1568\" data-end=\"1615\">Suojausluokka: IP67 (veden- ja p\u00f6lytiivis)<\/p>\n<\/li>\n<li data-start=\"1616\" data-end=\"1647\">\n<p data-start=\"1618\" data-end=\"1647\">Tallennustila: Micro SD, enint. 128 Gt<\/p>\n<\/li>\n<li data-start=\"1648\" data-end=\"1696\">\n<p data-start=\"1650\" data-end=\"1696\">Ominaisuudet: P\u00e4iv\u00e4-\/Y\u00f6-ICR (infrapunasuodattimella)<\/p>\n<\/li>\n<\/ul>","protected":false},"excerpt":{"rendered":"<p>Risco WiFi 2MP Eyeball Camera on 2 megapikselin turvakamera, jonka infrapunan\u00e4kyvyys on jopa 20 metri\u00e4.<\/p>\n<p>Se on IP67-sertifioitu ja tarjoaa korkealaatuista videovalvontaa 2,8 mm:n polttov\u00e4lill\u00e4 ja Wi-Fi-yhteydell\u00e4 helppoa asennusta varten.<\/p>","protected":false},"featured_media":138328,"template":"","meta":{"_acf_changed":false},"product_brand":[],"product_cat":[3192],"product_tag":[],"class_list":{"0":"post-90168","1":"product","2":"type-product","3":"status-publish","4":"has-post-thumbnail","6":"product_cat-risco-ip-kamera","7":"product_shipping_class-tunga-paket","8":"pa_brands-4risco","9":"tm-no-options","11":"first","12":"onbackorder","13":"sale","14":"taxable","15":"shipping-taxable","16":"purchasable","17":"product-type-simple"},"acf":[],"_links":{"self":[{"href":"https:\/\/secureus.se\/fi\/wp-json\/wp\/v2\/product\/90168","targetHints":{"allow":["GET"]}}],"collection":[{"href":"https:\/\/secureus.se\/fi\/wp-json\/wp\/v2\/product"}],"about":[{"href":"https:\/\/secureus.se\/fi\/wp-json\/wp\/v2\/types\/product"}],"wp:featuredmedia":[{"embeddable":true,"href":"https:\/\/secureus.se\/fi\/wp-json\/wp\/v2\/media\/138328"}],"wp:attachment":[{"href":"https:\/\/secureus.se\/fi\/wp-json\/wp\/v2\/media?parent=90168"}],"wp:term":[{"taxonomy":"product_brand","embeddable":true,"href":"https:\/\/secureus.se\/fi\/wp-json\/wp\/v2\/product_brand?post=90168"},{"taxonomy":"product_cat","embeddable":true,"href":"https:\/\/secureus.se\/fi\/wp-json\/wp\/v2\/product_cat?post=90168"},{"taxonomy":"product_tag","embeddable":true,"href":"https:\/\/secureus.se\/fi\/wp-json\/wp\/v2\/product_tag?post=90168"}],"curies":[{"name":"wp","href":"https:\/\/api.w.org\/{rel}","templated":true}]}}