{"id":90170,"date":"2024-03-12T10:37:30","date_gmt":"2024-03-12T09:37:30","guid":{"rendered":"https:\/\/secureus.se\/?post_type=product&#038;p=90170"},"modified":"2026-01-06T21:07:10","modified_gmt":"2026-01-06T20:07:10","slug":"risco-poe-4mp-eyeball-camera","status":"publish","type":"product","link":"https:\/\/secureus.se\/fi\/risco-poe-4mp-eyeball-camera\/","title":{"rendered":"Risco PoE 4MP silm\u00e4munakamera"},"content":{"rendered":"<h1><strong>Risco PoE 4MP silm\u00e4munakamera<\/strong><\/h1>\n<p data-start=\"380\" data-end=\"742\">Risco PoE 4MP -silm\u00e4kamera on tehokas turvaratkaisu, joka tuottaa kristallinkirkasta kuvaa 4 megapikselin progressiivisen CMOS-kuvasensorinsa ansiosta.<\/p>\n<p data-start=\"380\" data-end=\"742\">Kameran infrapunakantama on jopa 30 metri\u00e4, joten se soveltuu sek\u00e4 p\u00e4iv\u00e4- ett\u00e4 y\u00f6valvontaan.<\/p>\n<p data-start=\"380\" data-end=\"742\">120 dB:n WDR-arvon (laaja dynaaminen alue) ansiosta saat hyv\u00e4n kuvan my\u00f6s vaikeissa valaistusolosuhteissa.<\/p>\n<p data-start=\"744\" data-end=\"1039\">Asennusta varten kytke kamera Ethernet-kaapelilla reitittimeen tai NVR:n PoE-porttiin.<\/p>\n<p data-start=\"744\" data-end=\"1039\">Jos PoE:t\u00e4 ei k\u00e4ytet\u00e4, k\u00e4yt\u00e4 kameraan sopivaa virtal\u00e4hdett\u00e4.<\/p>\n<p data-start=\"744\" data-end=\"1039\">Kamera voidaan yhdist\u00e4\u00e4 RISCO Cloudiin vain VUpoint NVR:n kautta, ja se on konfiguroitava \u201dRISCO Pro\u201d -kameraksi toimiakseen oikein.<\/p>\n<p data-start=\"1041\" data-end=\"1196\">Risco PoE 4MP -silm\u00e4kamerassa on sis\u00e4\u00e4nrakennettu mikrofoni, ja se on IP67-sertifioitu kest\u00e4m\u00e4\u00e4n sek\u00e4 p\u00f6ly\u00e4 ett\u00e4 vett\u00e4, joten se sopii t\u00e4ydellisesti ulkok\u00e4ytt\u00f6\u00f6n.<\/p>\n<p data-start=\"1198\" data-end=\"1227\"><strong data-start=\"1198\" data-end=\"1227\">Tekniset tiedot:<\/strong><\/p>\n<ul data-start=\"1228\" data-end=\"1767\">\n<li data-start=\"1228\" data-end=\"1249\">\n<p data-start=\"1230\" data-end=\"1249\">Malli: RVCM72P2100<\/p>\n<\/li>\n<li data-start=\"1250\" data-end=\"1296\">\n<p data-start=\"1252\" data-end=\"1296\">Kuvakenno: 1\/3 tuuman 4 megapikselin progressiivinen CMOS<\/p>\n<\/li>\n<li data-start=\"1297\" data-end=\"1319\">\n<p data-start=\"1299\" data-end=\"1319\">IR-et\u00e4isyys: 30 metri\u00e4<\/p>\n<\/li>\n<li data-start=\"1320\" data-end=\"1339\">\n<p data-start=\"1322\" data-end=\"1339\">Polttov\u00e4li: 2,8 mm<\/p>\n<\/li>\n<li data-start=\"1340\" data-end=\"1374\">\n<p data-start=\"1342\" data-end=\"1374\">WDR: 120 dB (laaja dynaaminen alue)<\/p>\n<\/li>\n<li data-start=\"1375\" data-end=\"1426\">\n<p data-start=\"1377\" data-end=\"1426\">Laiteohjelmiston p\u00e4ivitys: Kameran web-k\u00e4ytt\u00f6liittym\u00e4n kautta<\/p>\n<\/li>\n<li data-start=\"1427\" data-end=\"1457\">\n<p data-start=\"1429\" data-end=\"1457\">Virtal\u00e4hde: 12V DC\/POE<\/p>\n<\/li>\n<li data-start=\"1458\" data-end=\"1483\">\n<p data-start=\"1460\" data-end=\"1483\">Virrankulutus: &lt;6,6 W<\/p>\n<\/li>\n<li data-start=\"1484\" data-end=\"1561\">\n<p data-start=\"1486\" data-end=\"1561\">K\u00e4ytt\u00f6olosuhteet: -40\u00b0C - 60\u00b0C (-40\u00b0F - 140\u00b0F), kosteus \u2264 95%<\/p>\n<\/li>\n<li data-start=\"1562\" data-end=\"1618\">\n<p data-start=\"1564\" data-end=\"1618\">S\u00e4ilytysl\u00e4mp\u00f6tila: -40 \u00b0C - 60 \u00b0C (-40 \u00b0F - 140 \u00b0F)<\/p>\n<\/li>\n<li data-start=\"1619\" data-end=\"1662\">\n<p data-start=\"1621\" data-end=\"1662\">Suojausluokka: IP67 (veden- ja p\u00f6lytiivis)<\/p>\n<\/li>\n<li data-start=\"1663\" data-end=\"1693\">\n<p data-start=\"1665\" data-end=\"1693\">Ominaisuudet: Sis\u00e4\u00e4nrakennettu mikrofoni<\/p>\n<\/li>\n<li data-start=\"1694\" data-end=\"1767\">\n<p data-start=\"1696\" data-end=\"1767\">Yhteensopivuus: RISCO Cloud VUpoint NVR:n kautta (\u201dRISCO Pro\u201d -kameratyypill\u00e4)<\/p>\n<\/li>\n<\/ul>\n<p>&nbsp;<\/p>","protected":false},"excerpt":{"rendered":"<p>Risco PoE 4MP -silm\u00e4kamera on korkearesoluutioinen turvakamera, jossa on 4 megapikselin CMOS-kuvakenno ja jopa 30 metrin infrapunan\u00e4kyvyys.<\/p>\n<p>Se on IP67-sertifioitu ja tarjoaa vankan suorituskyvyn sek\u00e4 sis\u00e4- ett\u00e4 ulkok\u00e4ytt\u00f6\u00f6n.<\/p>\n<p>Yhteensopiva RISCO Cloudin kanssa VUpoint NVR:n kautta.<\/p>","protected":false},"featured_media":138411,"template":"","meta":{"_acf_changed":false},"product_brand":[],"product_cat":[3192],"product_tag":[],"class_list":{"0":"post-90170","1":"product","2":"type-product","3":"status-publish","4":"has-post-thumbnail","6":"product_cat-risco-ip-kamera","7":"product_shipping_class-tunga-paket","8":"pa_brands-4risco","9":"tm-no-options","11":"first","12":"onbackorder","13":"sale","14":"taxable","15":"shipping-taxable","16":"purchasable","17":"product-type-simple"},"acf":[],"_links":{"self":[{"href":"https:\/\/secureus.se\/fi\/wp-json\/wp\/v2\/product\/90170","targetHints":{"allow":["GET"]}}],"collection":[{"href":"https:\/\/secureus.se\/fi\/wp-json\/wp\/v2\/product"}],"about":[{"href":"https:\/\/secureus.se\/fi\/wp-json\/wp\/v2\/types\/product"}],"wp:featuredmedia":[{"embeddable":true,"href":"https:\/\/secureus.se\/fi\/wp-json\/wp\/v2\/media\/138411"}],"wp:attachment":[{"href":"https:\/\/secureus.se\/fi\/wp-json\/wp\/v2\/media?parent=90170"}],"wp:term":[{"taxonomy":"product_brand","embeddable":true,"href":"https:\/\/secureus.se\/fi\/wp-json\/wp\/v2\/product_brand?post=90170"},{"taxonomy":"product_cat","embeddable":true,"href":"https:\/\/secureus.se\/fi\/wp-json\/wp\/v2\/product_cat?post=90170"},{"taxonomy":"product_tag","embeddable":true,"href":"https:\/\/secureus.se\/fi\/wp-json\/wp\/v2\/product_tag?post=90170"}],"curies":[{"name":"wp","href":"https:\/\/api.w.org\/{rel}","templated":true}]}}