{"id":90172,"date":"2024-03-12T10:37:30","date_gmt":"2024-03-12T09:37:30","guid":{"rendered":"https:\/\/secureus.se\/?post_type=product&#038;p=90172"},"modified":"2026-04-21T14:46:13","modified_gmt":"2026-04-21T12:46:13","slug":"risco-poe-4mp-cube-camera","status":"publish","type":"product","link":"https:\/\/secureus.se\/fi\/risco-poe-4mp-cube-camera\/","title":{"rendered":"Risco PoE 4MP kuutiokamera"},"content":{"rendered":"<h1>Risco PoE 4MP kuutiokamera<\/h1>\n<p data-start=\"377\" data-end=\"712\">Risco PoE 4MP Cube -kamera tarjoaa erinomaisen kuvanlaadun 4 megapikselin kuvasensorillaan.<\/p>\n<p data-start=\"377\" data-end=\"712\">Se on varustettu WDR:ll\u00e4 (DWDR), joka parantaa kuvanlaatua vaikeissa valaistusolosuhteissa, sek\u00e4 sis\u00e4\u00e4nrakennetulla mikrofonilla kaksisuuntaista viestint\u00e4\u00e4 varten.<\/p>\n<p data-start=\"377\" data-end=\"712\">Jopa 10 metrin infrapunaet\u00e4isyyden ansiosta se tarjoaa selke\u00e4n n\u00e4kyvyyden my\u00f6s h\u00e4m\u00e4r\u00e4ss\u00e4.<\/p>\n<p data-start=\"714\" data-end=\"1033\">Asennusta varten kytke kamera Ethernet-kaapelilla reitittimeen tai NVR-laitteen PoE-porttiin.<\/p>\n<p data-start=\"714\" data-end=\"1033\">Jos kameraa ei k\u00e4ytet\u00e4 PoE:n kanssa, se on kytkett\u00e4v\u00e4 virtal\u00e4hteeseen sopivalla virtal\u00e4hteell\u00e4.<\/p>\n<p data-start=\"714\" data-end=\"1033\">Kameran on oltava yhteydess\u00e4 RISCO Cloudiin VUpoint NVR:n kautta ja konfiguroitu \u201dRISCO Pro\u201d -kameraksi, jotta se toimii oikein.<\/p>\n<p data-start=\"1035\" data-end=\"1155\">Kamera sopii t\u00e4ydellisesti sek\u00e4 sis\u00e4- ett\u00e4 ulkok\u00e4ytt\u00f6\u00f6n, ja se on suunniteltu tarjoamaan luotettavaa valvontaa ja turvallisuutta.<\/p>\n<p data-start=\"1157\" data-end=\"1186\"><strong data-start=\"1157\" data-end=\"1186\">Tekniset tiedot:<\/strong><\/p>\n<ul data-start=\"1187\" data-end=\"1495\">\n<li data-start=\"1187\" data-end=\"1208\">\n<p data-start=\"1189\" data-end=\"1208\">Malli: RVCM11P1800<\/p>\n<\/li>\n<li data-start=\"1209\" data-end=\"1249\">\n<p data-start=\"1211\" data-end=\"1249\">WDR: DWDR (digitaalinen laaja dynaaminen alue)<\/p>\n<\/li>\n<li data-start=\"1250\" data-end=\"1272\">\n<p data-start=\"1252\" data-end=\"1272\">Sis\u00e4\u00e4nrakennettu mikrofoni: Kyll\u00e4<\/p>\n<\/li>\n<li data-start=\"1273\" data-end=\"1300\">\n<p data-start=\"1275\" data-end=\"1300\">IR-et\u00e4isyys: Maks. 10 metri\u00e4<\/p>\n<\/li>\n<li data-start=\"1301\" data-end=\"1372\">\n<p data-start=\"1303\" data-end=\"1372\">Virtal\u00e4hde: POE tai ulkoinen virtal\u00e4hde (jos PoE:t\u00e4 ei k\u00e4ytet\u00e4)<\/p>\n<\/li>\n<li data-start=\"1373\" data-end=\"1446\">\n<p data-start=\"1375\" data-end=\"1446\">Yhteensopivuus: RISCO Cloud VUpoint NVR:n kautta (\u201dRISCO Pro\u201d -kameratyypill\u00e4)<\/p>\n<\/li>\n<li data-start=\"1447\" data-end=\"1495\">\n<p data-start=\"1449\" data-end=\"1495\">Mitat: Kompakti muotoilu joustavaa asennusta varten<\/p>\n<\/li>\n<\/ul>","protected":false},"excerpt":{"rendered":"<p>Risco PoE 4MP Cube -kamera on korkearesoluutioinen turvakamera, jossa on 4 megapikselin kuvakenno, sis\u00e4\u00e4nrakennettu mikrofoni ja jopa 10 metrin infrapunan\u00e4kyvyys.<\/p>\n<p>Kamera on yhteensopiva RISCO Cloudin kanssa VUpoint NVR:n kautta ja sopii erinomaisesti sek\u00e4 sis\u00e4- ett\u00e4 ulkoalueiden valvontaan.<\/p>","protected":false},"featured_media":137905,"template":"","meta":{"_acf_changed":false},"product_brand":[],"product_cat":[3192],"product_tag":[],"class_list":{"0":"post-90172","1":"product","2":"type-product","3":"status-publish","4":"has-post-thumbnail","6":"product_cat-risco-ip-kamera","7":"product_shipping_class-tunga-paket","8":"pa_brands-4risco","9":"tm-no-options","11":"first","12":"instock","13":"sale","14":"taxable","15":"shipping-taxable","16":"purchasable","17":"product-type-simple"},"acf":[],"_links":{"self":[{"href":"https:\/\/secureus.se\/fi\/wp-json\/wp\/v2\/product\/90172","targetHints":{"allow":["GET"]}}],"collection":[{"href":"https:\/\/secureus.se\/fi\/wp-json\/wp\/v2\/product"}],"about":[{"href":"https:\/\/secureus.se\/fi\/wp-json\/wp\/v2\/types\/product"}],"wp:featuredmedia":[{"embeddable":true,"href":"https:\/\/secureus.se\/fi\/wp-json\/wp\/v2\/media\/137905"}],"wp:attachment":[{"href":"https:\/\/secureus.se\/fi\/wp-json\/wp\/v2\/media?parent=90172"}],"wp:term":[{"taxonomy":"product_brand","embeddable":true,"href":"https:\/\/secureus.se\/fi\/wp-json\/wp\/v2\/product_brand?post=90172"},{"taxonomy":"product_cat","embeddable":true,"href":"https:\/\/secureus.se\/fi\/wp-json\/wp\/v2\/product_cat?post=90172"},{"taxonomy":"product_tag","embeddable":true,"href":"https:\/\/secureus.se\/fi\/wp-json\/wp\/v2\/product_tag?post=90172"}],"curies":[{"name":"wp","href":"https:\/\/api.w.org\/{rel}","templated":true}]}}