{"id":90173,"date":"2024-03-12T10:37:30","date_gmt":"2024-03-12T09:37:30","guid":{"rendered":"https:\/\/secureus.se\/?post_type=product&#038;p=90173"},"modified":"2025-12-31T21:05:37","modified_gmt":"2025-12-31T20:05:37","slug":"risco-poe-4m-dome-camera","status":"publish","type":"product","link":"https:\/\/secureus.se\/fi\/risco-poe-4m-dome-camera\/","title":{"rendered":"Risco PoE 4MP Dome-kamera"},"content":{"rendered":"<h1>Risco PoE 4MP Dome-kamera<\/h1>\n<p data-start=\"373\" data-end=\"694\">Risco PoE 4MP -kupukamera tarjoaa kristallinkirkkaan kuvanlaadun 4 megapikselin progressiivisen CMOS-kuvasensorinsa ansiosta.<\/p>\n<p data-start=\"373\" data-end=\"694\">Sen infrapunakantama on jopa 30 metri\u00e4, joten se sopii erinomaisesti sek\u00e4 p\u00e4iv\u00e4- ett\u00e4 y\u00f6valvontaan.<\/p>\n<p data-start=\"373\" data-end=\"694\">2,8 mm:n polttov\u00e4lin ansiosta kamera tarjoaa laajan kuvakent\u00e4n tehokasta valvontaa varten.<\/p>\n<p data-start=\"696\" data-end=\"1030\">Kameran WDR (Wide Dynamic Range) on 120 dB, mik\u00e4 tarkoittaa, ett\u00e4 se tarjoaa erinomaisen kuvanlaadun my\u00f6s vaikeissa valaistusolosuhteissa, kuten kirkkaassa valossa tai varjoisissa paikoissa.<\/p>\n<p data-start=\"696\" data-end=\"1030\">Asennusta varten kytke kamera Ethernet-kaapelilla reitittimeen tai NVR-laitteen PoE-porttiin. Jos PoE:t\u00e4 ei k\u00e4ytet\u00e4, k\u00e4yt\u00e4 kameraan sopivaa virtal\u00e4hdett\u00e4.<\/p>\n<p data-start=\"1032\" data-end=\"1286\">Kamera on IP67-sertifioitu, joten se on sek\u00e4 p\u00f6ly- ett\u00e4 roiskeenkest\u00e4v\u00e4 ja sopii siksi t\u00e4ydellisesti ulkok\u00e4ytt\u00f6\u00f6n vaativissa olosuhteissa.<\/p>\n<p data-start=\"1032\" data-end=\"1286\">Kameran yhdist\u00e4miseksi RISCO Cloudiin se on yhdistett\u00e4v\u00e4 VUpoint NVR -tallentimeen ja konfiguroitava \u201dRISCO Pro\u201d -kameraksi.<\/p>\n<p data-start=\"1288\" data-end=\"1317\"><strong data-start=\"1288\" data-end=\"1317\">Tekniset tiedot:<\/strong><\/p>\n<ul data-start=\"1318\" data-end=\"1768\">\n<li data-start=\"1318\" data-end=\"1353\">\n<p data-start=\"1320\" data-end=\"1353\">Malli: Risco PoE 4MP domekamera<\/p>\n<\/li>\n<li data-start=\"1354\" data-end=\"1400\">\n<p data-start=\"1356\" data-end=\"1400\">Kuvakenno: 1\/3 tuuman 4 megapikselin progressiivinen CMOS<\/p>\n<\/li>\n<li data-start=\"1401\" data-end=\"1423\">\n<p data-start=\"1403\" data-end=\"1423\">IR-et\u00e4isyys: 30 metri\u00e4<\/p>\n<\/li>\n<li data-start=\"1424\" data-end=\"1443\">\n<p data-start=\"1426\" data-end=\"1443\">Polttov\u00e4li: 2,8 mm<\/p>\n<\/li>\n<li data-start=\"1444\" data-end=\"1478\">\n<p data-start=\"1446\" data-end=\"1478\">WDR: 120 dB (laaja dynaaminen alue)<\/p>\n<\/li>\n<li data-start=\"1479\" data-end=\"1530\">\n<p data-start=\"1481\" data-end=\"1530\">Laiteohjelmiston p\u00e4ivitys: Kameran web-k\u00e4ytt\u00f6liittym\u00e4n kautta<\/p>\n<\/li>\n<li data-start=\"1531\" data-end=\"1563\">\n<p data-start=\"1533\" data-end=\"1563\">Virtal\u00e4hde: 12V DC \/ PoE<\/p>\n<\/li>\n<li data-start=\"1564\" data-end=\"1589\">\n<p data-start=\"1566\" data-end=\"1589\">Virrankulutus: &lt;4,9 W<\/p>\n<\/li>\n<li data-start=\"1590\" data-end=\"1667\">\n<p data-start=\"1592\" data-end=\"1667\">K\u00e4ytt\u00f6olosuhteet: -40\u00b0C - 55\u00b0C (-40\u00b0F - 131\u00b0F), kosteus \u2264 95%<\/p>\n<\/li>\n<li data-start=\"1668\" data-end=\"1724\">\n<p data-start=\"1670\" data-end=\"1724\">S\u00e4ilytysl\u00e4mp\u00f6tila: -40 \u00b0C - 60 \u00b0C (-40 \u00b0F - 140 \u00b0F)<\/p>\n<\/li>\n<li data-start=\"1725\" data-end=\"1768\">\n<p data-start=\"1727\" data-end=\"1768\">Suojausluokka: IP67 (veden- ja p\u00f6lytiivis)<\/p>\n<\/li>\n<\/ul>","protected":false},"excerpt":{"rendered":"<p>Risco PoE 4MP -kupukamera on tarkka turvakamera, jossa on 4 megapikselin CMOS-kuvakenno, jopa 30 metrin infrapunan\u00e4kyvyys ja WDR-tekniikka parhaan kuvanlaadun takaamiseksi kaikissa valaistusolosuhteissa.<\/p>\n<p>Kamera on IP67-sertifioitu ja yhteensopiva RISCO Cloudin kanssa VUpoint NVR:n kautta.<\/p>","protected":false},"featured_media":138415,"template":"","meta":{"_acf_changed":false},"product_brand":[],"product_cat":[3192],"product_tag":[],"class_list":{"0":"post-90173","1":"product","2":"type-product","3":"status-publish","4":"has-post-thumbnail","6":"product_cat-risco-ip-kamera","7":"product_shipping_class-tunga-paket","8":"pa_brands-4risco","9":"tm-no-options","11":"first","12":"instock","13":"sale","14":"taxable","15":"shipping-taxable","16":"purchasable","17":"product-type-simple"},"acf":[],"_links":{"self":[{"href":"https:\/\/secureus.se\/fi\/wp-json\/wp\/v2\/product\/90173","targetHints":{"allow":["GET"]}}],"collection":[{"href":"https:\/\/secureus.se\/fi\/wp-json\/wp\/v2\/product"}],"about":[{"href":"https:\/\/secureus.se\/fi\/wp-json\/wp\/v2\/types\/product"}],"wp:featuredmedia":[{"embeddable":true,"href":"https:\/\/secureus.se\/fi\/wp-json\/wp\/v2\/media\/138415"}],"wp:attachment":[{"href":"https:\/\/secureus.se\/fi\/wp-json\/wp\/v2\/media?parent=90173"}],"wp:term":[{"taxonomy":"product_brand","embeddable":true,"href":"https:\/\/secureus.se\/fi\/wp-json\/wp\/v2\/product_brand?post=90173"},{"taxonomy":"product_cat","embeddable":true,"href":"https:\/\/secureus.se\/fi\/wp-json\/wp\/v2\/product_cat?post=90173"},{"taxonomy":"product_tag","embeddable":true,"href":"https:\/\/secureus.se\/fi\/wp-json\/wp\/v2\/product_tag?post=90173"}],"curies":[{"name":"wp","href":"https:\/\/api.w.org\/{rel}","templated":true}]}}