{"id":90175,"date":"2024-03-12T10:37:30","date_gmt":"2024-03-12T09:37:30","guid":{"rendered":"https:\/\/secureus.se\/?post_type=product&#038;p=90175"},"modified":"2026-04-21T13:03:44","modified_gmt":"2026-04-21T11:03:44","slug":"risco-poe-4mp-bullet-camera","status":"publish","type":"product","link":"https:\/\/secureus.se\/fi\/risco-poe-4mp-bullet-camera\/","title":{"rendered":"Risco PoE 4MP Bullet-kamera"},"content":{"rendered":"<h1>Risco PoE 4MP Bullet-kamera<\/h1>\n<p data-start=\"356\" data-end=\"751\">Risco PoE 4MP -bullet-kamera tarjoaa kristallinkirkkaan kuvanlaadun 4 megapikselin progressiivisen CMOS-kuvasensorinsa ansiosta.<\/p>\n<p data-start=\"356\" data-end=\"751\">Sen infrapunakantama on jopa 30 metri\u00e4, mik\u00e4 takaa erinomaisen n\u00e4kyvyyden my\u00f6s h\u00e4m\u00e4r\u00e4ss\u00e4.<\/p>\n<p data-start=\"356\" data-end=\"751\">Kamera on varustettu 120 dB:n WDR-tekniikalla (Wide Dynamic Range), mink\u00e4 ansiosta se pystyy k\u00e4sittelem\u00e4\u00e4n vaikeita valaistusolosuhteita, kuten kirkasta auringonvaloa tai varjoisia alueita.<\/p>\n<p data-start=\"753\" data-end=\"1036\">Asennusta varten kamera kytket\u00e4\u00e4n Ethernet-kaapelilla reitittimeen tai NVR-laitteen PoE-porttiin.<\/p>\n<p data-start=\"753\" data-end=\"1036\">Jos PoE:t\u00e4 ei k\u00e4ytet\u00e4, kamera saa virtansa sopivasta virtal\u00e4hteest\u00e4.<\/p>\n<p data-start=\"753\" data-end=\"1036\">Kamera on IP67-sertifioitu, joten se on vedenkest\u00e4v\u00e4 ja p\u00f6lytiivis, joten se sopii t\u00e4ydellisesti ulkok\u00e4ytt\u00f6\u00f6n ja vaativiin olosuhteisiin.<\/p>\n<p data-start=\"1038\" data-end=\"1067\"><strong data-start=\"1038\" data-end=\"1067\">Tekniset tiedot:<\/strong><\/p>\n<ul data-start=\"1068\" data-end=\"1504\">\n<li data-start=\"1068\" data-end=\"1089\">\n<p data-start=\"1070\" data-end=\"1089\">Malli: RVCM52P2000<\/p>\n<\/li>\n<li data-start=\"1090\" data-end=\"1136\">\n<p data-start=\"1092\" data-end=\"1136\">Kuvakenno: 1\/3 tuuman 4 megapikselin progressiivinen CMOS<\/p>\n<\/li>\n<li data-start=\"1137\" data-end=\"1159\">\n<p data-start=\"1139\" data-end=\"1159\">IR-et\u00e4isyys: 30 metri\u00e4<\/p>\n<\/li>\n<li data-start=\"1160\" data-end=\"1179\">\n<p data-start=\"1162\" data-end=\"1179\">Polttov\u00e4li: 2,8 mm<\/p>\n<\/li>\n<li data-start=\"1180\" data-end=\"1214\">\n<p data-start=\"1182\" data-end=\"1214\">WDR: 120 dB (laaja dynaaminen alue)<\/p>\n<\/li>\n<li data-start=\"1215\" data-end=\"1266\">\n<p data-start=\"1217\" data-end=\"1266\">Laiteohjelmiston p\u00e4ivitys: Kameran web-k\u00e4ytt\u00f6liittym\u00e4n kautta<\/p>\n<\/li>\n<li data-start=\"1267\" data-end=\"1299\">\n<p data-start=\"1269\" data-end=\"1299\">Virtal\u00e4hde: 12V DC \/ PoE<\/p>\n<\/li>\n<li data-start=\"1300\" data-end=\"1325\">\n<p data-start=\"1302\" data-end=\"1325\">Virrankulutus: &lt;5,0 W<\/p>\n<\/li>\n<li data-start=\"1326\" data-end=\"1403\">\n<p data-start=\"1328\" data-end=\"1403\">K\u00e4ytt\u00f6olosuhteet: -40\u00b0C - 55\u00b0C (-40\u00b0F - 131\u00b0F), kosteus \u2264 95%<\/p>\n<\/li>\n<li data-start=\"1404\" data-end=\"1460\">\n<p data-start=\"1406\" data-end=\"1460\">S\u00e4ilytysl\u00e4mp\u00f6tila: -40 \u00b0C - 60 \u00b0C (-40 \u00b0F - 140 \u00b0F)<\/p>\n<\/li>\n<li data-start=\"1461\" data-end=\"1504\">\n<p data-start=\"1463\" data-end=\"1504\">Suojausluokka: IP67 (veden- ja p\u00f6lytiivis)<\/p>\n<\/li>\n<\/ul>","protected":false},"excerpt":{"rendered":"<p>Risco PoE 4MP Bullet -kamera on korkearesoluutioinen turvakamera, jossa on 4 megapikselin CMOS-kuvakenno ja jopa 30 metrin infrapunan\u00e4kyvyys.<\/p>\n<p>Kamerassa on WDR-tekniikka ja IP67-sertifiointi, mik\u00e4 takaa luotettavan suorituskyvyn sek\u00e4 sis\u00e4- ett\u00e4 ulkoymp\u00e4rist\u00f6iss\u00e4.<\/p>","protected":false},"featured_media":138418,"template":"","meta":{"_acf_changed":false},"product_brand":[],"product_cat":[3192],"product_tag":[],"class_list":{"0":"post-90175","1":"product","2":"type-product","3":"status-publish","4":"has-post-thumbnail","6":"product_cat-risco-ip-kamera","7":"product_shipping_class-tunga-paket","8":"pa_brands-4risco","9":"tm-no-options","11":"first","12":"onbackorder","13":"sale","14":"taxable","15":"shipping-taxable","16":"purchasable","17":"product-type-simple"},"acf":[],"_links":{"self":[{"href":"https:\/\/secureus.se\/fi\/wp-json\/wp\/v2\/product\/90175","targetHints":{"allow":["GET"]}}],"collection":[{"href":"https:\/\/secureus.se\/fi\/wp-json\/wp\/v2\/product"}],"about":[{"href":"https:\/\/secureus.se\/fi\/wp-json\/wp\/v2\/types\/product"}],"wp:featuredmedia":[{"embeddable":true,"href":"https:\/\/secureus.se\/fi\/wp-json\/wp\/v2\/media\/138418"}],"wp:attachment":[{"href":"https:\/\/secureus.se\/fi\/wp-json\/wp\/v2\/media?parent=90175"}],"wp:term":[{"taxonomy":"product_brand","embeddable":true,"href":"https:\/\/secureus.se\/fi\/wp-json\/wp\/v2\/product_brand?post=90175"},{"taxonomy":"product_cat","embeddable":true,"href":"https:\/\/secureus.se\/fi\/wp-json\/wp\/v2\/product_cat?post=90175"},{"taxonomy":"product_tag","embeddable":true,"href":"https:\/\/secureus.se\/fi\/wp-json\/wp\/v2\/product_tag?post=90175"}],"curies":[{"name":"wp","href":"https:\/\/api.w.org\/{rel}","templated":true}]}}