{"id":90177,"date":"2024-03-12T10:37:24","date_gmt":"2024-03-12T09:37:24","guid":{"rendered":"https:\/\/secureus.se\/?post_type=product&#038;p=90177"},"modified":"2025-12-31T21:17:06","modified_gmt":"2025-12-31T20:17:06","slug":"risco-bullet-4mp-varifocal-poe-network-camera","status":"publish","type":"product","link":"https:\/\/secureus.se\/fi\/risco-bullet-4mp-varifocal-poe-network-camera\/","title":{"rendered":"Risco Bullet 4MP Varifocal PoE verkkokamera"},"content":{"rendered":"<h1>Risco Bullet 4MP Varifocal PoE verkkokamera<\/h1>\n<p data-start=\"369\" data-end=\"794\">Risco Bullet 4MP Varifocal PoE -verkkokamera on edistynyt turvakamera, joka on suunniteltu tarjoamaan korkean resoluution valvontaa 4 megapikselin progressiivisen CMOS-kuvasensorinsa avulla.<\/p>\n<p data-start=\"369\" data-end=\"794\">Kamerassa on s\u00e4\u00e4dett\u00e4v\u00e4 polttov\u00e4li 2,8 mm:n ja 12 mm:n v\u00e4lill\u00e4, joten voit mukauttaa kuvakulmaa valvontatarpeidesi mukaan.<\/p>\n<p data-start=\"369\" data-end=\"794\">Jopa 50 metrin infrapunaet\u00e4isyyden ansiosta kamera tarjoaa selke\u00e4n kuvanlaadun my\u00f6s h\u00e4m\u00e4r\u00e4ss\u00e4.<\/p>\n<p data-start=\"796\" data-end=\"1070\">Kamera on RISCO Cloud -yhteensopiva, mutta sen yhdist\u00e4minen RISCO Cloudiin edellytt\u00e4\u00e4 VUpoint NVR -tallentimen k\u00e4ytt\u00f6\u00e4.<\/p>\n<p data-start=\"796\" data-end=\"1070\">Asennus tapahtuu Ethernet-portin ja PoE:n (Power over Ethernet) kautta, joten kameran liitt\u00e4minen ja virransy\u00f6tt\u00f6 verkkokaapelin kautta on helppoa.<\/p>\n<p data-start=\"1072\" data-end=\"1383\">Kamerassa on my\u00f6s 120 dB:n laaja dynaaminen alue (WDR), joka parantaa kuvanlaatua vaikeissa valaistusolosuhteissa ja tarjoaa selke\u00e4n ja ter\u00e4v\u00e4n kuvan valaistustasosta riippumatta.<\/p>\n<p data-start=\"1072\" data-end=\"1383\">Se on my\u00f6s IP67-sertifioitu, mik\u00e4 tarkoittaa, ett\u00e4 se on sek\u00e4 vedenkest\u00e4v\u00e4 ett\u00e4 p\u00f6lytiivis \u2013 t\u00e4ydellinen sek\u00e4 sis\u00e4- ett\u00e4 ulkok\u00e4ytt\u00f6\u00f6n.<\/p>\n<p data-start=\"1385\" data-end=\"1414\"><strong data-start=\"1385\" data-end=\"1414\">Tekniset tiedot:<\/strong><\/p>\n<ul data-start=\"1415\" data-end=\"1870\">\n<li data-start=\"1415\" data-end=\"1436\">\n<p data-start=\"1417\" data-end=\"1436\">Malli: RVCM52P2200<\/p>\n<\/li>\n<li data-start=\"1437\" data-end=\"1484\">\n<p data-start=\"1439\" data-end=\"1484\">Kuvakenno: 1\/2,7\u201d 4 megapikselin progressiivinen CMOS<\/p>\n<\/li>\n<li data-start=\"1485\" data-end=\"1503\">\n<p data-start=\"1487\" data-end=\"1503\">IR-et\u00e4isyys: 50 m<\/p>\n<\/li>\n<li data-start=\"1504\" data-end=\"1543\">\n<p data-start=\"1506\" data-end=\"1543\">Polttov\u00e4li: 2,8 mm \u2013 12 mm (s\u00e4\u00e4dett\u00e4v\u00e4)<\/p>\n<\/li>\n<li data-start=\"1544\" data-end=\"1578\">\n<p data-start=\"1546\" data-end=\"1578\">WDR: 120 dB (laaja dynaaminen alue)<\/p>\n<\/li>\n<li data-start=\"1579\" data-end=\"1630\">\n<p data-start=\"1581\" data-end=\"1630\">Laiteohjelmiston p\u00e4ivitys: Kameran web-k\u00e4ytt\u00f6liittym\u00e4n kautta<\/p>\n<\/li>\n<li data-start=\"1631\" data-end=\"1663\">\n<p data-start=\"1633\" data-end=\"1663\">Virtal\u00e4hde: 12V DC \/ PoE<\/p>\n<\/li>\n<li data-start=\"1664\" data-end=\"1689\">\n<p data-start=\"1666\" data-end=\"1689\">Virrankulutus: &lt;5,4 W<\/p>\n<\/li>\n<li data-start=\"1690\" data-end=\"1767\">\n<p data-start=\"1692\" data-end=\"1767\">K\u00e4ytt\u00f6olosuhteet: -40\u00b0C - 60\u00b0C (-40\u00b0F - 140\u00b0F), kosteus \u2264 95%<\/p>\n<\/li>\n<li data-start=\"1768\" data-end=\"1824\">\n<p data-start=\"1770\" data-end=\"1824\">S\u00e4ilytysl\u00e4mp\u00f6tila: -40 \u00b0C - 60 \u00b0C (-40 \u00b0F - 140 \u00b0F)<\/p>\n<\/li>\n<li data-start=\"1825\" data-end=\"1838\">\n<p data-start=\"1827\" data-end=\"1838\">Suojausluokka: IP67<\/p>\n<\/li>\n<li data-start=\"1839\" data-end=\"1870\">\n<p data-start=\"1841\" data-end=\"1870\">Tallennustila: Micro SD, enint. 256 Gt<\/p>\n<\/li>\n<\/ul>","protected":false},"excerpt":{"rendered":"<p>Risco Bullet 4MP Varifocal PoE -verkkokamera on tarkka turvakamera, jossa on s\u00e4\u00e4dett\u00e4v\u00e4 polttov\u00e4li ja jopa 50 metrin infrapunan\u00e4kyvyys.<\/p>\n<p>Se on yhteensopiva RISCO Cloudin kanssa VUpoint NVR:n kautta ja tarjoaa vankan suojauksen IP67-sertifioinnilla.<\/p>","protected":false},"featured_media":138445,"template":"","meta":{"_acf_changed":false},"product_brand":[],"product_cat":[3192],"product_tag":[],"class_list":{"0":"post-90177","1":"product","2":"type-product","3":"status-publish","4":"has-post-thumbnail","6":"product_cat-risco-ip-kamera","7":"product_shipping_class-tunga-paket","8":"pa_brands-4risco","9":"tm-no-options","11":"first","12":"instock","13":"sale","14":"taxable","15":"shipping-taxable","16":"purchasable","17":"product-type-simple"},"acf":[],"_links":{"self":[{"href":"https:\/\/secureus.se\/fi\/wp-json\/wp\/v2\/product\/90177","targetHints":{"allow":["GET"]}}],"collection":[{"href":"https:\/\/secureus.se\/fi\/wp-json\/wp\/v2\/product"}],"about":[{"href":"https:\/\/secureus.se\/fi\/wp-json\/wp\/v2\/types\/product"}],"wp:featuredmedia":[{"embeddable":true,"href":"https:\/\/secureus.se\/fi\/wp-json\/wp\/v2\/media\/138445"}],"wp:attachment":[{"href":"https:\/\/secureus.se\/fi\/wp-json\/wp\/v2\/media?parent=90177"}],"wp:term":[{"taxonomy":"product_brand","embeddable":true,"href":"https:\/\/secureus.se\/fi\/wp-json\/wp\/v2\/product_brand?post=90177"},{"taxonomy":"product_cat","embeddable":true,"href":"https:\/\/secureus.se\/fi\/wp-json\/wp\/v2\/product_cat?post=90177"},{"taxonomy":"product_tag","embeddable":true,"href":"https:\/\/secureus.se\/fi\/wp-json\/wp\/v2\/product_tag?post=90177"}],"curies":[{"name":"wp","href":"https:\/\/api.w.org\/{rel}","templated":true}]}}