{"id":90179,"date":"2024-03-12T10:37:30","date_gmt":"2024-03-12T09:37:30","guid":{"rendered":"https:\/\/secureus.se\/?post_type=product&#038;p=90179"},"modified":"2026-04-21T13:02:13","modified_gmt":"2026-04-21T11:02:13","slug":"risco-poe-4mp-x25-ptz-camera","status":"publish","type":"product","link":"https:\/\/secureus.se\/fi\/risco-poe-4mp-x25-ptz-camera\/","title":{"rendered":"Risco PoE 4MP X25 PTZ -kamera"},"content":{"rendered":"<h1>Risco PoE 4MP X25 PTZ -kamera<\/h1>\n<p data-start=\"362\" data-end=\"848\">Risco PoE 4MP X25 PTZ -kamera tarjoaa edistyneen videovalvontaratkaisun 4 megapikselin STARVIS CMOS -kuvasensorillaan, joka takaa erinomaisen kuvanlaadun my\u00f6s vaikeissa valaistusolosuhteissa.<\/p>\n<p data-start=\"362\" data-end=\"848\">Kamera tarjoaa jopa 100 metrin infrapunan\u00e4kyvyyden ja s\u00e4\u00e4dett\u00e4v\u00e4n polttov\u00e4lin 4,8 mm:n ja 120 mm:n v\u00e4lill\u00e4, joten kuvakulma on laaja tai yksityiskohtainen tarpeiden mukaan.<\/p>\n<p data-start=\"362\" data-end=\"848\">120 dB:n WDR-arvon (laaja dynaaminen alue) ansiosta kuvat ovat varmasti selkeit\u00e4 my\u00f6s h\u00e4m\u00e4r\u00e4ss\u00e4 tai kirkkaassa valaistuksessa.<\/p>\n<p data-start=\"850\" data-end=\"1161\">Asennusta varten kamera kytket\u00e4\u00e4n Ethernet-kaapelilla reitittimeen tai PoE+-porttiin, mutta jos PoE+:aa ei k\u00e4ytet\u00e4, kamera on kytkett\u00e4v\u00e4 sopivalla virtal\u00e4hteell\u00e4.<\/p>\n<p data-start=\"850\" data-end=\"1161\">Kamera on my\u00f6s yhteensopiva RISCO Cloudin kanssa VUpoint NVR:n kautta ja se voidaan konfiguroida &quot;RISCO Pro&quot; -kameraksi helppoa yhteyden muodostamista ja hallintaa varten.<\/p>\n<p data-start=\"1163\" data-end=\"1400\">Se on IP66-sertifioitu, joten se on vedenkest\u00e4v\u00e4 ja p\u00f6lytiivis, ja siksi t\u00e4ydellinen sek\u00e4 sis\u00e4- ett\u00e4 ulkok\u00e4ytt\u00f6\u00f6n.<\/p>\n<p data-start=\"1163\" data-end=\"1400\">PTZ-toiminnon ansiosta kameraa voi panoroida, kallistaa ja zoomata, mik\u00e4 tarjoaa joustavaa ja mukautettavaa valvontaa.<\/p>\n<p data-start=\"1402\" data-end=\"1431\"><strong data-start=\"1402\" data-end=\"1431\">Tekniset tiedot:<\/strong><\/p>\n<ul data-start=\"1432\" data-end=\"1906\">\n<li data-start=\"1432\" data-end=\"1453\">\n<p data-start=\"1434\" data-end=\"1453\">Malli: RVCM82E2500<\/p>\n<\/li>\n<li data-start=\"1454\" data-end=\"1487\">\n<p data-start=\"1456\" data-end=\"1487\">Kuvakenno: 1\/2,8&quot; STARVIS CMOS<\/p>\n<\/li>\n<li data-start=\"1488\" data-end=\"1511\">\n<p data-start=\"1490\" data-end=\"1511\">IR-et\u00e4isyys: 100 metri\u00e4<\/p>\n<\/li>\n<li data-start=\"1512\" data-end=\"1552\">\n<p data-start=\"1514\" data-end=\"1552\">Polttov\u00e4li: 4,8 mm \u2013 120 mm (s\u00e4\u00e4dett\u00e4v\u00e4)<\/p>\n<\/li>\n<li data-start=\"1553\" data-end=\"1587\">\n<p data-start=\"1555\" data-end=\"1587\">WDR: 120 dB (laaja dynaaminen alue)<\/p>\n<\/li>\n<li data-start=\"1588\" data-end=\"1639\">\n<p data-start=\"1590\" data-end=\"1639\">Laiteohjelmiston p\u00e4ivitys: Kameran web-k\u00e4ytt\u00f6liittym\u00e4n kautta<\/p>\n<\/li>\n<li data-start=\"1640\" data-end=\"1676\">\n<p data-start=\"1642\" data-end=\"1676\">Virtal\u00e4hde: 12V\/3A DC \/ POE+<\/p>\n<\/li>\n<li data-start=\"1677\" data-end=\"1716\">\n<p data-start=\"1679\" data-end=\"1716\">Virrankulutus: 13 W (21 W infrapunavalon kanssa)<\/p>\n<\/li>\n<li data-start=\"1717\" data-end=\"1794\">\n<p data-start=\"1719\" data-end=\"1794\">K\u00e4ytt\u00f6olosuhteet: -40\u00b0C - 70\u00b0C (-40\u00b0F - 158\u00b0F), kosteus \u2264 95%<\/p>\n<\/li>\n<li data-start=\"1795\" data-end=\"1838\">\n<p data-start=\"1797\" data-end=\"1838\">Suojausluokka: IP66 (veden- ja p\u00f6lytiivis)<\/p>\n<\/li>\n<li data-start=\"1839\" data-end=\"1874\">\n<p data-start=\"1841\" data-end=\"1874\">Ominaisuudet: PTZ (panorointi, kallistus, zoomaus)<\/p>\n<\/li>\n<li data-start=\"1875\" data-end=\"1906\">\n<p data-start=\"1877\" data-end=\"1906\">Tallennustila: Micro SD, enint. 256 Gt<\/p>\n<\/li>\n<\/ul>","protected":false},"excerpt":{"rendered":"<p>Risco PoE 4MP X25 PTZ -kamera on tehokas turvakamera, jossa on 4 megapikselin STARVIS CMOS -kenno, jopa 100 metrin infrapunan\u00e4kyvyys ja PTZ-toiminto (panor, tilt, zoom).<\/p>\n<p>Kamera on IP66-sertifioitu ja yhteensopiva RISCO Cloudin kanssa VUpoint NVR:n kautta.<\/p>","protected":false},"featured_media":138422,"template":"","meta":{"_acf_changed":false},"product_brand":[],"product_cat":[3192],"product_tag":[],"class_list":{"0":"post-90179","1":"product","2":"type-product","3":"status-publish","4":"has-post-thumbnail","6":"product_cat-risco-ip-kamera","7":"product_shipping_class-tunga-paket","8":"pa_brands-4risco","9":"tm-no-options","11":"first","12":"onbackorder","13":"sale","14":"taxable","15":"shipping-taxable","16":"purchasable","17":"product-type-simple"},"acf":[],"_links":{"self":[{"href":"https:\/\/secureus.se\/fi\/wp-json\/wp\/v2\/product\/90179","targetHints":{"allow":["GET"]}}],"collection":[{"href":"https:\/\/secureus.se\/fi\/wp-json\/wp\/v2\/product"}],"about":[{"href":"https:\/\/secureus.se\/fi\/wp-json\/wp\/v2\/types\/product"}],"wp:featuredmedia":[{"embeddable":true,"href":"https:\/\/secureus.se\/fi\/wp-json\/wp\/v2\/media\/138422"}],"wp:attachment":[{"href":"https:\/\/secureus.se\/fi\/wp-json\/wp\/v2\/media?parent=90179"}],"wp:term":[{"taxonomy":"product_brand","embeddable":true,"href":"https:\/\/secureus.se\/fi\/wp-json\/wp\/v2\/product_brand?post=90179"},{"taxonomy":"product_cat","embeddable":true,"href":"https:\/\/secureus.se\/fi\/wp-json\/wp\/v2\/product_cat?post=90179"},{"taxonomy":"product_tag","embeddable":true,"href":"https:\/\/secureus.se\/fi\/wp-json\/wp\/v2\/product_tag?post=90179"}],"curies":[{"name":"wp","href":"https:\/\/api.w.org\/{rel}","templated":true}]}}