{"id":90181,"date":"2024-03-12T10:37:28","date_gmt":"2024-03-12T09:37:28","guid":{"rendered":"https:\/\/secureus.se\/?post_type=product&#038;p=90181"},"modified":"2026-01-06T21:06:49","modified_gmt":"2026-01-06T20:06:49","slug":"risco-eyeball-4mp-varifocal-poe-network-camera","status":"publish","type":"product","link":"https:\/\/secureus.se\/fi\/risco-eyeball-4mp-varifocal-poe-network-camera\/","title":{"rendered":"Risco Eyeball 4MP Varifocal PoE verkkokamera"},"content":{"rendered":"<h1>Risco Eyeball 4MP Varifocal PoE verkkokamera<\/h1>\n<p data-start=\"376\" data-end=\"758\">Risco Eyeball 4MP Varifocal PoE -verkkokamera tarjoaa erinomaisen kuvanlaadun 4 megapikselin progressiivisen CMOS-kennonsa ansiosta.<\/p>\n<p data-start=\"376\" data-end=\"758\">Kamerassa on s\u00e4\u00e4dett\u00e4v\u00e4 kuva-ala ja polttov\u00e4li 2,8\u201312 mm, mik\u00e4 tarjoaa joustavuutta valvonnan mukauttamiseen tarpeen mukaan.<\/p>\n<p data-start=\"376\" data-end=\"758\">IR-n\u00e4kyvyys ulottuu jopa 50 metriin, joten kamera sopii erinomaisesti sek\u00e4 p\u00e4iv\u00e4- ett\u00e4 y\u00f6valvontaan.<\/p>\n<p data-start=\"760\" data-end=\"1070\">Kamera on varustettu 120 dB:n WDR:ll\u00e4 (Wide Dynamic Range), mink\u00e4 ansiosta se pystyy k\u00e4sittelem\u00e4\u00e4n erilaisia valaistusolosuhteita ja varmistaa selke\u00e4t kuvat my\u00f6s kirkkaissa tai tummissa paikoissa.<\/p>\n<p data-start=\"760\" data-end=\"1070\">Kameran yhdist\u00e4miseksi RISCO Cloudiin se on yhdistett\u00e4v\u00e4 VUpoint NVR -tallentimeen ja konfiguroitava \u201dRISCO Pro\u201d -kameraksi.<\/p>\n<p data-start=\"1072\" data-end=\"1284\">IP67-sertifioinnin ansiosta kamera on sek\u00e4 vedenkest\u00e4v\u00e4 ett\u00e4 p\u00f6lytiivis, joten se soveltuu ulkok\u00e4ytt\u00f6\u00f6n ankarissa s\u00e4\u00e4olosuhteissa.<\/p>\n<p data-start=\"1072\" data-end=\"1284\">Se tukee my\u00f6s Micro SD -kortteja, joiden kapasiteetti on jopa 256 Gt paikallista tallennustilaa varten.<\/p>\n<p data-start=\"1286\" data-end=\"1315\"><strong data-start=\"1286\" data-end=\"1315\">Tekniset tiedot:<\/strong><\/p>\n<ul data-start=\"1316\" data-end=\"1875\">\n<li data-start=\"1316\" data-end=\"1337\">\n<p data-start=\"1318\" data-end=\"1337\">Malli: RVCM72P2300<\/p>\n<\/li>\n<li data-start=\"1338\" data-end=\"1384\">\n<p data-start=\"1340\" data-end=\"1384\">Kuvakenno: 1\/3 tuuman 4 megapikselin progressiivinen CMOS<\/p>\n<\/li>\n<li data-start=\"1385\" data-end=\"1407\">\n<p data-start=\"1387\" data-end=\"1407\">IR-et\u00e4isyys: 50 metri\u00e4<\/p>\n<\/li>\n<li data-start=\"1408\" data-end=\"1444\">\n<p data-start=\"1410\" data-end=\"1444\">Polttov\u00e4li: 2,8\u201312 mm (s\u00e4\u00e4dett\u00e4v\u00e4)<\/p>\n<\/li>\n<li data-start=\"1445\" data-end=\"1479\">\n<p data-start=\"1447\" data-end=\"1479\">WDR: 120 dB (laaja dynaaminen alue)<\/p>\n<\/li>\n<li data-start=\"1480\" data-end=\"1531\">\n<p data-start=\"1482\" data-end=\"1531\">Laiteohjelmiston p\u00e4ivitys: Kameran web-k\u00e4ytt\u00f6liittym\u00e4n kautta<\/p>\n<\/li>\n<li data-start=\"1532\" data-end=\"1564\">\n<p data-start=\"1534\" data-end=\"1564\">Virtal\u00e4hde: 12V DC \/ PoE<\/p>\n<\/li>\n<li data-start=\"1565\" data-end=\"1590\">\n<p data-start=\"1567\" data-end=\"1590\">Virrankulutus: &lt;6,9 W<\/p>\n<\/li>\n<li data-start=\"1591\" data-end=\"1668\">\n<p data-start=\"1593\" data-end=\"1668\">K\u00e4ytt\u00f6olosuhteet: -30\u00b0C - 60\u00b0C (-22\u00b0F - 140\u00b0F), kosteus \u2264 95%<\/p>\n<\/li>\n<li data-start=\"1669\" data-end=\"1725\">\n<p data-start=\"1671\" data-end=\"1725\">S\u00e4ilytysl\u00e4mp\u00f6tila: -40 \u00b0C - 60 \u00b0C (-40 \u00b0F - 140 \u00b0F)<\/p>\n<\/li>\n<li data-start=\"1726\" data-end=\"1769\">\n<p data-start=\"1728\" data-end=\"1769\">Suojausluokka: IP67 (veden- ja p\u00f6lytiivis)<\/p>\n<\/li>\n<li data-start=\"1770\" data-end=\"1801\">\n<p data-start=\"1772\" data-end=\"1801\">Tallennustila: Micro SD, enint. 256 Gt<\/p>\n<\/li>\n<li data-start=\"1802\" data-end=\"1875\">\n<p data-start=\"1804\" data-end=\"1875\">Yhteensopivuus: RISCO Cloud VUpoint NVR:n kautta (\u201dRISCO Pro\u201d -kameratyypill\u00e4)<\/p>\n<\/li>\n<\/ul>","protected":false},"excerpt":{"rendered":"<p>Risco Eyeball 4MP Varifocal PoE -verkkokamera tarjoaa ter\u00e4v\u00e4piirtovideota 4 megapikselin CMOS-kuvakennolla, s\u00e4\u00e4dett\u00e4v\u00e4ll\u00e4 polttov\u00e4lill\u00e4 ja jopa 50 metrin infrapunan\u00e4kyvyydell\u00e4.<\/p>\n<p>Kamera on IP67-sertifioitu ja se voidaan yhdist\u00e4\u00e4 RISCO Cloudiin VUpoint NVR:n kautta.<\/p>","protected":false},"featured_media":138439,"template":"","meta":{"_acf_changed":false},"product_brand":[],"product_cat":[3192],"product_tag":[],"class_list":{"0":"post-90181","1":"product","2":"type-product","3":"status-publish","4":"has-post-thumbnail","6":"product_cat-risco-ip-kamera","7":"product_shipping_class-tunga-paket","8":"pa_brands-4risco","9":"tm-no-options","11":"first","12":"onbackorder","13":"sale","14":"taxable","15":"shipping-taxable","16":"purchasable","17":"product-type-simple"},"acf":[],"_links":{"self":[{"href":"https:\/\/secureus.se\/fi\/wp-json\/wp\/v2\/product\/90181","targetHints":{"allow":["GET"]}}],"collection":[{"href":"https:\/\/secureus.se\/fi\/wp-json\/wp\/v2\/product"}],"about":[{"href":"https:\/\/secureus.se\/fi\/wp-json\/wp\/v2\/types\/product"}],"wp:featuredmedia":[{"embeddable":true,"href":"https:\/\/secureus.se\/fi\/wp-json\/wp\/v2\/media\/138439"}],"wp:attachment":[{"href":"https:\/\/secureus.se\/fi\/wp-json\/wp\/v2\/media?parent=90181"}],"wp:term":[{"taxonomy":"product_brand","embeddable":true,"href":"https:\/\/secureus.se\/fi\/wp-json\/wp\/v2\/product_brand?post=90181"},{"taxonomy":"product_cat","embeddable":true,"href":"https:\/\/secureus.se\/fi\/wp-json\/wp\/v2\/product_cat?post=90181"},{"taxonomy":"product_tag","embeddable":true,"href":"https:\/\/secureus.se\/fi\/wp-json\/wp\/v2\/product_tag?post=90181"}],"curies":[{"name":"wp","href":"https:\/\/api.w.org\/{rel}","templated":true}]}}