{"id":90185,"date":"2024-03-12T10:37:30","date_gmt":"2024-03-12T09:37:30","guid":{"rendered":"https:\/\/secureus.se\/?post_type=product&#038;p=90185"},"modified":"2025-12-31T21:03:12","modified_gmt":"2025-12-31T20:03:12","slug":"risco-vupoint-nvr-poe-8-channel","status":"publish","type":"product","link":"https:\/\/secureus.se\/fi\/risco-vupoint-nvr-poe-8-channel\/","title":{"rendered":"Risco VUPoint NVR PoE 8 -kanava"},"content":{"rendered":"<h1>Risco VUPoint NVR PoE 8 -kanava<\/h1>\n<p data-start=\"323\" data-end=\"609\">Risco VUPoint NVR PoE 8-kanavainen yksikk\u00f6 tarjoaa tehokkaan ja luotettavan ratkaisun videovalvonnan hallintaan.<\/p>\n<p data-start=\"323\" data-end=\"609\">Se voi sy\u00f6tt\u00e4\u00e4 virtaa jopa kahdeksalle PoE-yhteensopivalle kameralle ja tarjoaa tallennustilaa sis\u00e4isen SATA III -portin kautta jopa 6 Tt:n kapasiteetilla (kiintolevy myyd\u00e4\u00e4n erikseen).<\/p>\n<p data-start=\"611\" data-end=\"928\">Laitteen virrankulutus ilman kiintolevy\u00e4 on alle 8,3 W ja se tarjoaa PoE-tuen jopa 25,5 W:lla porttia kohden ja yhteens\u00e4 80 W:lla 8-kanavaisessa versiossa.<\/p>\n<p data-start=\"611\" data-end=\"928\">Risco VUPoint NVR on suunniteltu toimimaan laajalla l\u00e4mp\u00f6tila-alueella -10 \u00b0C - +55 \u00b0C, joten se soveltuu sek\u00e4 sis\u00e4- ett\u00e4 ulkoasennuksiin.<\/p>\n<p data-start=\"930\" data-end=\"1192\">Kompaktin muotoilun ja kest\u00e4v\u00e4n rakenteensa ansiosta t\u00e4m\u00e4 laite on sertifioitu turvalliseen k\u00e4ytt\u00f6\u00f6n ja t\u00e4ytt\u00e4\u00e4 CE- ja FCC-vaatimukset.<\/p>\n<p data-start=\"930\" data-end=\"1192\">Tallennustilaa voidaan helposti laajentaa liitt\u00e4m\u00e4ll\u00e4 jopa 6 Tt:n kiintolevy, mik\u00e4 tekee siit\u00e4 ihanteellisen suuriin turva-asennuksiin.<\/p>\n<p data-start=\"1194\" data-end=\"1223\"><strong data-start=\"1194\" data-end=\"1223\">Tekniset tiedot:<\/strong><\/p>\n<ul data-start=\"1224\" data-end=\"1834\">\n<li data-start=\"1224\" data-end=\"1246\">\n<p data-start=\"1226\" data-end=\"1246\">Malli: RVNVR08002QB<\/p>\n<\/li>\n<li data-start=\"1247\" data-end=\"1276\">\n<p data-start=\"1249\" data-end=\"1276\">Kanavien m\u00e4\u00e4r\u00e4: 8-kanavainen NVR<\/p>\n<\/li>\n<li data-start=\"1277\" data-end=\"1348\">\n<p data-start=\"1279\" data-end=\"1348\">Tallennustila: Sis\u00e4inen SATA III -portti, jopa 6 Tt (kiintolevy myyd\u00e4\u00e4n erikseen)<\/p>\n<\/li>\n<li data-start=\"1349\" data-end=\"1379\">\n<p data-start=\"1351\" data-end=\"1379\">Virtal\u00e4hde: DC48V\/1.5A<\/p>\n<\/li>\n<li data-start=\"1380\" data-end=\"1476\">\n<p data-start=\"1382\" data-end=\"1399\">Virrankulutus:<\/p>\n<ul data-start=\"1403\" data-end=\"1476\">\n<li data-start=\"1403\" data-end=\"1435\">\n<p data-start=\"1405\" data-end=\"1435\">8-kanavainen NVR: &lt;8,3 W (ilman kiintolevy\u00e4)<\/p>\n<\/li>\n<li data-start=\"1439\" data-end=\"1476\">\n<p data-start=\"1441\" data-end=\"1476\">PoE: Maks. 25,5 W porttia kohden, yhteens\u00e4 80 W<\/p>\n<\/li>\n<\/ul>\n<\/li>\n<li data-start=\"1477\" data-end=\"1556\">\n<p data-start=\"1479\" data-end=\"1556\">K\u00e4ytt\u00f6olosuhteet: -10\u00b0C - +55\u00b0C, kosteus \u2264 95%<\/p>\n<\/li>\n<li data-start=\"1557\" data-end=\"1628\">\n<p data-start=\"1559\" data-end=\"1628\">S\u00e4ilytysolosuhteet: -20 \u00b0C - +70 \u00b0C, suhteellinen kosteus 0 ~ 90%<\/p>\n<\/li>\n<li data-start=\"1629\" data-end=\"1683\">\n<p data-start=\"1631\" data-end=\"1683\">Mitat: 270 mm x 204,7 mm x 45,7 mm (10,6 tuumaa x 8,1 tuumaa x 1,8 tuumaa)<\/p>\n<\/li>\n<li data-start=\"1684\" data-end=\"1716\">\n<p data-start=\"1686\" data-end=\"1716\">Nettopaino: 0,65 kg (ilman kiintolevy\u00e4)<\/p>\n<\/li>\n<li data-start=\"1717\" data-end=\"1749\">\n<p data-start=\"1719\" data-end=\"1749\">Kokonaispaino: 1,8 kg (ilman kiintolevy\u00e4)<\/p>\n<\/li>\n<li data-start=\"1750\" data-end=\"1834\">\n<p data-start=\"1752\" data-end=\"1834\">Sertifiointi: CE EN55032, EN55024, EN50130-4, EN60950-1, FCC osa 15 alaosa B<\/p>\n<\/li>\n<\/ul>","protected":false},"excerpt":{"rendered":"<p>Risco VUPoint NVR PoE 8-kanavainen yksikk\u00f6 on tehokas videovalvontaratkaisu, joka on suunniteltu sy\u00f6tt\u00e4m\u00e4\u00e4n virtaa PoE-yhteensopiville kameroille ja tarjoamaan jopa 6 Tt tallennustilaa SATA III -portin kautta.<\/p>\n<p>Kiintolevy myyd\u00e4\u00e4n erikseen.<\/p>\n<div id=\"gtx-trans\" style=\"position: absolute;left: 120px;top: 106.391px\">\n<div class=\"gtx-trans-icon\"><\/div>\n<\/div>","protected":false},"featured_media":138320,"template":"","meta":{"_acf_changed":false},"product_brand":[],"product_cat":[3250],"product_tag":[],"class_list":{"0":"post-90185","1":"product","2":"type-product","3":"status-publish","4":"has-post-thumbnail","6":"product_cat-risco-nvr","7":"product_shipping_class-tunga-paket","8":"pa_brands-4risco","9":"tm-no-options","11":"first","12":"outofstock","13":"sale","14":"taxable","15":"shipping-taxable","16":"purchasable","17":"product-type-simple"},"acf":[],"_links":{"self":[{"href":"https:\/\/secureus.se\/fi\/wp-json\/wp\/v2\/product\/90185","targetHints":{"allow":["GET"]}}],"collection":[{"href":"https:\/\/secureus.se\/fi\/wp-json\/wp\/v2\/product"}],"about":[{"href":"https:\/\/secureus.se\/fi\/wp-json\/wp\/v2\/types\/product"}],"wp:featuredmedia":[{"embeddable":true,"href":"https:\/\/secureus.se\/fi\/wp-json\/wp\/v2\/media\/138320"}],"wp:attachment":[{"href":"https:\/\/secureus.se\/fi\/wp-json\/wp\/v2\/media?parent=90185"}],"wp:term":[{"taxonomy":"product_brand","embeddable":true,"href":"https:\/\/secureus.se\/fi\/wp-json\/wp\/v2\/product_brand?post=90185"},{"taxonomy":"product_cat","embeddable":true,"href":"https:\/\/secureus.se\/fi\/wp-json\/wp\/v2\/product_cat?post=90185"},{"taxonomy":"product_tag","embeddable":true,"href":"https:\/\/secureus.se\/fi\/wp-json\/wp\/v2\/product_tag?post=90185"}],"curies":[{"name":"wp","href":"https:\/\/api.w.org\/{rel}","templated":true}]}}