{"id":90212,"date":"2024-03-13T12:08:59","date_gmt":"2024-03-13T11:08:59","guid":{"rendered":"https:\/\/secureus.se\/batteri-45ah-helios-12v-8-10-ar\/"},"modified":"2026-04-28T11:57:53","modified_gmt":"2026-04-28T09:57:53","slug":"helios-12v-45ah-agm-batteri-vrla-8-10-ar","status":"publish","type":"product","link":"https:\/\/secureus.se\/fi\/helios-12v-45ah-agm-batteri-vrla-8-10-ar\/","title":{"rendered":"Akku 12 V 45 Ah HELIOS 8\u201310 vuotta Pro-versio"},"content":{"rendered":"<p data-start=\"550\" data-end=\"907\">HELIOS 12V 45Ah AGM-akku (VRLA) on kest\u00e4v\u00e4, venttiiliohjattu ja huoltovapaa lyijyakku, joka on kehitetty ammattik\u00e4ytt\u00f6\u00f6n j\u00e4rjestelmiss\u00e4, joissa k\u00e4ytt\u00f6varmuus on ratkaisevan t\u00e4rke\u00e4\u00e4.<br data-start=\"725\" data-end=\"728\" \/>Kanssa a <strong data-start=\"735\" data-end=\"774\">jopa 8\u201310 vuoden suunnitteluik\u00e4<\/strong> T\u00e4m\u00e4 akku sopii erinomaisesti h\u00e4lytyskeskuksiin, UPS-j\u00e4rjestelmiin, televiestint\u00e4j\u00e4rjestelmiin ja muihin 12 V:n laitteisiin, jotka tarvitsevat jatkuvaa valmiustilaa.<\/p>\n<p data-start=\"909\" data-end=\"1209\">Suljettu AGM-j\u00e4rjestelm\u00e4 (Absorbent Glass Mat) tekee akusta t\u00e4ysin roiskeettoman ja t\u00e4rin\u00e4nkest\u00e4v\u00e4n, mik\u00e4 varmistaa ongelmattoman toiminnan my\u00f6s ankarissa olosuhteissa.<br data-start=\"1069\" data-end=\"1072\" \/>Alhaisen vikaantumisasteen (&lt;0,03 %) ja korkean laadunvalvonnan ansiosta HELIOS-sarja on luotettava valinta sek\u00e4 yrityksille ett\u00e4 ammattiasentajille.<\/p>\n<hr data-start=\"1211\" data-end=\"1214\" \/>\n<h3 data-start=\"1216\" data-end=\"1261\"><strong data-start=\"1220\" data-end=\"1261\">Miksi valita HELIOS 45Ah AGM-akku?<\/strong><\/h3>\n<ul data-start=\"1263\" data-end=\"1649\">\n<li data-start=\"1263\" data-end=\"1344\">\n<p data-start=\"1265\" data-end=\"1344\"><strong data-start=\"1265\" data-end=\"1291\">Pitk\u00e4 k\u00e4ytt\u00f6ik\u00e4 8\u201310 vuotta<\/strong> \u2013 ihanteellinen kriittisiin j\u00e4rjestelmiin ja valmiustilaan.<\/p>\n<\/li>\n<li data-start=\"1345\" data-end=\"1426\">\n<p data-start=\"1347\" data-end=\"1426\"><strong data-start=\"1347\" data-end=\"1375\">Huoltovapaa VRLA-AGM-akku<\/strong> \u2013 t\u00e4ysin suljettu, ei vaadi nestet\u00e4ytt\u00f6\u00e4.<\/p>\n<\/li>\n<li data-start=\"1427\" data-end=\"1498\">\n<p data-start=\"1429\" data-end=\"1498\"><strong data-start=\"1429\" data-end=\"1454\">Vakaa j\u00e4nnitek\u00e4yr\u00e4<\/strong> \u2013 tarjoaa sujuvan ja luotettavan virransy\u00f6t\u00f6n.<\/p>\n<\/li>\n<li data-start=\"1499\" data-end=\"1581\">\n<p data-start=\"1501\" data-end=\"1581\"><strong data-start=\"1501\" data-end=\"1524\">Alhainen itsepurkautuminen<\/strong> \u2013 t\u00e4ydellinen varavirtal\u00e4hteeksi ja harvoin aktivoituihin j\u00e4rjestelmiin.<\/p>\n<\/li>\n<li data-start=\"1582\" data-end=\"1649\">\n<p data-start=\"1584\" data-end=\"1649\"><strong data-start=\"1584\" data-end=\"1603\">Laatu varmistettu<\/strong> \u2013 valmistus ISO 9000\/14000\/18000 -standardin mukaisesti.<\/p>\n<\/li>\n<\/ul>\n<hr data-start=\"1651\" data-end=\"1654\" \/>\n<h3 data-start=\"1656\" data-end=\"1690\"><strong data-start=\"1660\" data-end=\"1690\">Tyypillisi\u00e4 k\u00e4ytt\u00f6tarkoituksia<\/strong><\/h3>\n<ul data-start=\"1692\" data-end=\"1933\">\n<li data-start=\"1692\" data-end=\"1736\">\n<p data-start=\"1694\" data-end=\"1736\">H\u00e4lytyspaneelit, sireenit ja kulunvalvontaj\u00e4rjestelm\u00e4t<\/p>\n<\/li>\n<li data-start=\"1737\" data-end=\"1767\">\n<p data-start=\"1739\" data-end=\"1767\">UPS- ja h\u00e4t\u00e4virtaratkaisut<\/p>\n<\/li>\n<li data-start=\"1768\" data-end=\"1811\">\n<p data-start=\"1770\" data-end=\"1811\">Televiestint\u00e4- ja verkkolaitteet<\/p>\n<\/li>\n<li data-start=\"1812\" data-end=\"1843\">\n<p data-start=\"1814\" data-end=\"1843\">Ajoneuvoon asennettavat tukij\u00e4rjestelm\u00e4t<\/p>\n<\/li>\n<li data-start=\"1844\" data-end=\"1887\">\n<p data-start=\"1846\" data-end=\"1887\">Valaistus, h\u00e4t\u00e4valaistus ja varavirtal\u00e4hde<\/p>\n<\/li>\n<li data-start=\"1888\" data-end=\"1933\">\n<p data-start=\"1890\" data-end=\"1933\">S\u00e4hk\u00f6aidat ja teollisuussovellukset<\/p>\n<\/li>\n<\/ul>\n<hr data-start=\"1935\" data-end=\"1938\" \/>\n<h3 data-start=\"1940\" data-end=\"1961\"><strong data-start=\"1944\" data-end=\"1961\">Tekniset tiedot<\/strong><\/h3>\n<div class=\"_tableContainer_1rjym_1\">\n<div class=\"group _tableWrapper_1rjym_13 flex w-fit flex-col-reverse\">\n<table class=\"w-fit min-w-(--thread-content-width)\" data-start=\"1963\" data-end=\"2506\">\n<thead data-start=\"1963\" data-end=\"1983\">\n<tr data-start=\"1963\" data-end=\"1983\">\n<th data-start=\"1963\" data-end=\"1974\" data-col-size=\"sm\">Kiinteist\u00f6<\/th>\n<th data-start=\"1974\" data-end=\"1983\" data-col-size=\"md\">Arvo<\/th>\n<\/tr>\n<\/thead>\n<tbody data-start=\"2007\" data-end=\"2506\">\n<tr data-start=\"2007\" data-end=\"2031\">\n<td data-start=\"2007\" data-end=\"2023\" data-col-size=\"sm\"><strong data-start=\"2009\" data-end=\"2022\">J\u00e4nnite:<\/strong><\/td>\n<td data-start=\"2023\" data-end=\"2031\" data-col-size=\"md\">12 V<\/td>\n<\/tr>\n<tr data-start=\"2032\" data-end=\"2058\">\n<td data-start=\"2032\" data-end=\"2049\" data-col-size=\"sm\"><strong data-start=\"2034\" data-end=\"2048\">Kapasiteetti:<\/strong><\/td>\n<td data-start=\"2049\" data-end=\"2058\" data-col-size=\"md\">45 Ah<\/td>\n<\/tr>\n<tr data-start=\"2059\" data-end=\"2141\">\n<td data-start=\"2059\" data-end=\"2077\" data-col-size=\"sm\"><strong data-start=\"2061\" data-end=\"2076\">Akun tyyppi:<\/strong><\/td>\n<td data-start=\"2077\" data-end=\"2141\" data-col-size=\"md\">AGM (venttiilis\u00e4\u00e4delty lyijyhappoakku, suljettu \/ huoltovapaa)<\/td>\n<\/tr>\n<tr data-start=\"2142\" data-end=\"2176\">\n<td data-start=\"2142\" data-end=\"2165\" data-col-size=\"sm\"><strong data-start=\"2144\" data-end=\"2164\">Suunnitteluik\u00e4:<\/strong><\/td>\n<td data-col-size=\"md\" data-start=\"2165\" data-end=\"2176\">8-10 vuotta<\/td>\n<\/tr>\n<tr data-start=\"2177\" data-end=\"2219\">\n<td data-start=\"2177\" data-end=\"2197\" data-col-size=\"sm\"><strong data-start=\"2179\" data-end=\"2196\">Mitat (P \u00d7 L \u00d7 K):<\/strong><\/td>\n<td data-start=\"2197\" data-end=\"2219\" data-col-size=\"md\">216 \u00d7 186 \u00d7 226 mm<\/td>\n<\/tr>\n<tr data-start=\"2220\" data-end=\"2246\">\n<td data-start=\"2220\" data-end=\"2232\" data-col-size=\"sm\"><strong data-start=\"2222\" data-end=\"2231\">Paino:<\/strong><\/td>\n<td data-start=\"2232\" data-end=\"2246\" data-col-size=\"md\">noin 13,7 kg<\/td>\n<\/tr>\n<tr data-start=\"2247\" data-end=\"2285\">\n<td data-start=\"2247\" data-end=\"2261\" data-col-size=\"sm\"><strong data-start=\"2249\" data-end=\"2260\">Tangon tyyppi:<\/strong><\/td>\n<td data-start=\"2261\" data-end=\"2285\" data-col-size=\"md\">Ruuvattava liitin (M6)<\/td>\n<\/tr>\n<tr data-start=\"2286\" data-end=\"2318\">\n<td data-start=\"2286\" data-end=\"2299\" data-col-size=\"sm\"><strong data-start=\"2288\" data-end=\"2298\">Kansi:<\/strong><\/td>\n<td data-start=\"2299\" data-end=\"2318\" data-col-size=\"md\">Musta ABS-muovi<\/td>\n<\/tr>\n<tr data-start=\"2319\" data-end=\"2363\">\n<td data-start=\"2319\" data-end=\"2339\" data-col-size=\"sm\"><strong data-start=\"2321\" data-end=\"2338\">Ep\u00e4onnistumisprosentti:<\/strong><\/td>\n<td data-start=\"2339\" data-end=\"2363\" data-col-size=\"md\">&lt; 0,03 % tehtaalta<\/td>\n<\/tr>\n<tr data-start=\"2364\" data-end=\"2433\">\n<td data-start=\"2364\" data-end=\"2386\" data-col-size=\"sm\"><strong data-start=\"2366\" data-end=\"2385\">Sertifikaatit:<\/strong><\/td>\n<td data-start=\"2386\" data-end=\"2433\" data-col-size=\"md\">CE, UL, RoHS, ISO9000 \/ ISO14000 \/ ISO18000<\/td>\n<\/tr>\n<tr data-start=\"2434\" data-end=\"2470\">\n<td data-start=\"2434\" data-end=\"2461\" data-col-size=\"sm\"><strong data-start=\"2436\" data-end=\"2460\">Tuotenumero (SKU):<\/strong><\/td>\n<td data-start=\"2461\" data-end=\"2470\" data-col-size=\"md\">50045<\/td>\n<\/tr>\n<tr data-start=\"2471\" data-end=\"2506\">\n<td data-start=\"2471\" data-end=\"2496\" data-col-size=\"sm\"><strong data-start=\"2473\" data-end=\"2495\">Merkki \/ Sarja:<\/strong><\/td>\n<td data-start=\"2496\" data-end=\"2506\" data-col-size=\"md\">HELIOS<\/td>\n<\/tr>\n<\/tbody>\n<\/table>\n<\/div>\n<\/div>\n<hr data-start=\"2508\" data-end=\"2511\" \/>\n<h3 data-start=\"2513\" data-end=\"2546\"><strong data-start=\"2517\" data-end=\"2546\">Lataussuositukset<\/strong><\/h3>\n<ul data-start=\"2548\" data-end=\"2658\">\n<li data-start=\"2548\" data-end=\"2587\">\n<p data-start=\"2550\" data-end=\"2587\"><strong data-start=\"2550\" data-end=\"2571\">Valmiustilan lataus:<\/strong> 13,5\u201313,8 V<\/p>\n<\/li>\n<li data-start=\"2588\" data-end=\"2627\">\n<p data-start=\"2590\" data-end=\"2627\"><strong data-start=\"2590\" data-end=\"2611\">Syklinen lataus:<\/strong> 14,4\u201315,0 V<\/p>\n<\/li>\n<li data-start=\"2628\" data-end=\"2658\">\n<p data-start=\"2630\" data-end=\"2658\"><strong data-start=\"2630\" data-end=\"2649\">Suurin latausvirta:<\/strong> 13,5 A<\/p>\n<\/li>\n<\/ul>\n<p data-start=\"2660\" data-end=\"2901\">Optimaalisen akun k\u00e4ytt\u00f6i\u00e4n saavuttamiseksi akkua ei tule ladata yli 30 prosenttiin sen kapasiteetista syklisen k\u00e4yt\u00f6n aikana.<br data-start=\"2759\" data-end=\"2762\" \/>Valmiustilassa suositellaan yll\u00e4pitolatausta noin 5 % kapasiteetilla.<br data-start=\"2842\" data-end=\"2845\" \/>Noudata aina laturin ja laitteen teknisi\u00e4 tietoja.<\/p>\n<hr data-start=\"2903\" data-end=\"2906\" \/>\n<h3 data-start=\"2908\" data-end=\"2928\"><strong data-start=\"2912\" data-end=\"2928\">Asennus<\/strong><\/h3>\n<ol data-start=\"2930\" data-end=\"3169\">\n<li data-start=\"2930\" data-end=\"2977\">\n<p data-start=\"2933\" data-end=\"2977\">Irrota laite verkkoj\u00e4nnitteest\u00e4.<\/p>\n<\/li>\n<li data-start=\"2978\" data-end=\"3026\">\n<p data-start=\"2981\" data-end=\"3026\">Tarkista napaisuus (punainen = +, musta = \u2013).<\/p>\n<\/li>\n<li data-start=\"3027\" data-end=\"3100\">\n<p data-start=\"3030\" data-end=\"3100\">Kytke kaapelit ruuviliittimiin ja kirist\u00e4 ne tiukasti (ei liian tiukalle).<\/p>\n<\/li>\n<li data-start=\"3101\" data-end=\"3169\">\n<p data-start=\"3104\" data-end=\"3169\">Kiinnit\u00e4 akku lokeroon ja testaa sen toiminta asennuksen j\u00e4lkeen.<\/p>\n<\/li>\n<\/ol>\n<hr data-start=\"3171\" data-end=\"3174\" \/>\n<h3 data-start=\"3176\" data-end=\"3205\"><strong data-start=\"3180\" data-end=\"3205\">Ymp\u00e4rist\u00f6 ja kierr\u00e4tys<\/strong><\/h3>\n<p data-start=\"3207\" data-end=\"3389\">Kaikki HELIOS-akut ovat t\u00e4ysin kierr\u00e4tett\u00e4vi\u00e4.<br data-start=\"3254\" data-end=\"3257\" \/>Vie k\u00e4ytetyt lyijyakut kierr\u00e4tyskeskukseen.<br data-start=\"3310\" data-end=\"3313\" \/>Valmistettu ISO-ymp\u00e4rist\u00f6standardien mukaisesti keskittyen kest\u00e4v\u00e4\u00e4n kehitykseen ja turvallisuuteen.<\/p>\n<hr data-start=\"3391\" data-end=\"3394\" \/>\n<h3 data-start=\"3396\" data-end=\"3407\"><strong data-start=\"3400\" data-end=\"3407\">FAQ<\/strong><\/h3>\n<p data-start=\"3409\" data-end=\"3525\"><strong data-start=\"3409\" data-end=\"3444\">Kuinka kauan t\u00e4m\u00e4 akku kest\u00e4\u00e4?<\/strong><br data-start=\"3444\" data-end=\"3447\" \/>Sen suunniteltu k\u00e4ytt\u00f6ik\u00e4 on 8\u201310 vuotta oikeassa k\u00e4yt\u00f6ss\u00e4 ja l\u00e4mp\u00f6tilassa.<\/p>\n<p data-start=\"3527\" data-end=\"3664\"><strong data-start=\"3527\" data-end=\"3568\">Sopiiko se UPS-\/h\u00e4lytys-\/puhelinj\u00e4rjestelm\u00e4\u00e4n?<\/strong><br data-start=\"3568\" data-end=\"3571\" \/>Kyll\u00e4, jos laitteesi k\u00e4ytt\u00e4\u00e4 12 V ja vaatii noin 45 Ah:n kapasiteetin ruuviliitinliit\u00e4nn\u00e4ll\u00e4 (M6).<\/p>\n<p data-start=\"3666\" data-end=\"3758\"><strong data-start=\"3666\" data-end=\"3693\">Onko se huoltovapaa?<\/strong><br data-start=\"3693\" data-end=\"3696\" \/>Kyll\u00e4, akku on t\u00e4ysin suljettu eik\u00e4 sit\u00e4 tarvitse t\u00e4ytt\u00e4\u00e4.<\/p>\n<hr data-start=\"3760\" data-end=\"3763\" \/>\n<h3 data-start=\"3765\" data-end=\"3787\"><strong data-start=\"3769\" data-end=\"3787\">Yhteenveto<\/strong><\/h3>\n<p data-start=\"3789\" data-end=\"4111\">HELIOS 12V 45Ah AGM-akku (VRLA) tarjoaa korkean k\u00e4ytt\u00f6luotettavuuden, pitk\u00e4n k\u00e4ytt\u00f6i\u00e4n ja kest\u00e4v\u00e4n rakenteen.<br data-start=\"3891\" data-end=\"3894\" \/>Se sopii t\u00e4ydellisesti ammattimaiseen vara- ja varmuuskopiointik\u00e4ytt\u00f6\u00f6n h\u00e4lytysj\u00e4rjestelmiss\u00e4, UPS-laitteissa, televiestint\u00e4- ja teollisuusj\u00e4rjestelmiss\u00e4.<br data-start=\"4015\" data-end=\"4018\" \/>8\u201310 vuoden suunnitellun k\u00e4ytt\u00f6i\u00e4n ansiosta se on kustannustehokas ja turvallinen valinta pitk\u00e4aikaiseen k\u00e4ytt\u00f6\u00f6n.<\/p>","protected":false},"excerpt":{"rendered":"<p>Huoltovapaa 12V 45Ah AGM-akku (VRLA) h\u00e4lytys-, UPS-, tietoliikenne- ja varavoimaj\u00e4rjestelmiin.<br data-start=\"414\" data-end=\"417\" \/>Pitk\u00e4 k\u00e4ytt\u00f6ik\u00e4 8-10 vuotta. Vakiomitat 216\u00d7186\u00d7226 mm. Korkea luotettavuus ja v\u00e4h\u00e4inen itsepurkautuminen.<\/p>","protected":false},"featured_media":159415,"template":"","meta":{"_acf_changed":false},"product_brand":[],"product_cat":[1596,2428],"product_tag":[4406,2419],"class_list":{"0":"post-90212","1":"product","2":"type-product","3":"status-publish","4":"has-post-thumbnail","6":"product_cat-ackumulatorer-12v-agm-batterier","7":"product_cat-stromforsorjning-batterier","8":"product_tag-batteri-13-45-ah","9":"product_tag-rel-batteri","10":"product_shipping_class-tunga-paket","11":"pa_brands-stonehouse-security","12":"tm-no-options","14":"first","15":"instock","16":"sale","17":"featured","18":"taxable","19":"shipping-taxable","20":"purchasable","21":"product-type-simple"},"acf":[],"_links":{"self":[{"href":"https:\/\/secureus.se\/fi\/wp-json\/wp\/v2\/product\/90212","targetHints":{"allow":["GET"]}}],"collection":[{"href":"https:\/\/secureus.se\/fi\/wp-json\/wp\/v2\/product"}],"about":[{"href":"https:\/\/secureus.se\/fi\/wp-json\/wp\/v2\/types\/product"}],"wp:featuredmedia":[{"embeddable":true,"href":"https:\/\/secureus.se\/fi\/wp-json\/wp\/v2\/media\/159415"}],"wp:attachment":[{"href":"https:\/\/secureus.se\/fi\/wp-json\/wp\/v2\/media?parent=90212"}],"wp:term":[{"taxonomy":"product_brand","embeddable":true,"href":"https:\/\/secureus.se\/fi\/wp-json\/wp\/v2\/product_brand?post=90212"},{"taxonomy":"product_cat","embeddable":true,"href":"https:\/\/secureus.se\/fi\/wp-json\/wp\/v2\/product_cat?post=90212"},{"taxonomy":"product_tag","embeddable":true,"href":"https:\/\/secureus.se\/fi\/wp-json\/wp\/v2\/product_tag?post=90212"}],"curies":[{"name":"wp","href":"https:\/\/api.w.org\/{rel}","templated":true}]}}