{"id":90354,"date":"2024-03-13T16:57:47","date_gmt":"2024-03-13T15:57:47","guid":{"rendered":"https:\/\/secureus.se\/mifare-desfire-8k-nxp-ev3-cards-pack-of-100\/"},"modified":"2026-03-24T12:04:11","modified_gmt":"2026-03-24T11:04:11","slug":"mifare-desfire-8k-nxp-ev3-kort-100-pack","status":"publish","type":"product","link":"https:\/\/secureus.se\/fi\/mifare-desfire-8k-nxp-ev3-kort-100-pack\/","title":{"rendered":"Mifare DESFire 8K NXP EV3 -kortti \u2013 100 kpl, 13,56 MHz"},"content":{"rendered":"<h1>Mifare DESFire 8K NXP EV3 -kortti \u2013 100 kpl, 13,56 MHz<\/h1>\n<p>Mifare DESFire 8K NXP EV3 Card tarjoaa \u00e4lykk\u00e4\u00e4n, tehokkaan ja turvallisen kontaktittoman teknologian aidolla NXP-sirulla, joka toimii taajuudella 13,56 MHz. 8 kilotavun muistikapasiteetilla n\u00e4it\u00e4 kortteja voidaan k\u00e4ytt\u00e4\u00e4 useisiin sovelluksiin, kuten identiteetin hallintaan, kulunvalvontaan ja mikromaksuihin. Korttien korkea turvallisuustaso ja monipuolisuus tekev\u00e4t niist\u00e4 ihanteellisia sek\u00e4 yksityisiin ett\u00e4 julkisiin ymp\u00e4rist\u00f6ihin, joissa vaaditaan nopeaa ja luotettavaa todennusta. Jokainen kortti on tavallisessa CR80-luottokorttimuodossa (86 mm x 54 mm) ja myyd\u00e4\u00e4n 100 kappaleen pakkauksissa, joten se on helppo ottaa k\u00e4ytt\u00f6\u00f6n suurempiin j\u00e4rjestelmiin tai projekteihin.<\/p>\n<p><strong>Ominaisuudet ja edut<\/strong>:<\/p>\n<ul>\n<li>Aito NXP-siru<\/li>\n<li>8 kilotavun muistikapasiteetti<\/li>\n<li>13,56 MHz taajuusalue<\/li>\n<li>Vakiokoko CR80 (86mm x 54mm)<\/li>\n<li>T\u00e4ydellinen henkil\u00f6llisyyden hallintaan, kulunvalvontaan ja mikromaksuihin<\/li>\n<li>Myyd\u00e4\u00e4n 100 kappaleen pakkauksissa<\/li>\n<\/ul>\n<p><strong>Tekniset tiedot<\/strong>:<\/p>\n<ul>\n<li><strong>Muistin kapasiteetti<\/strong>: 8 kt<\/li>\n<li><strong>Taajuus<\/strong>: 13,56 MHz<\/li>\n<li><strong>Koko<\/strong>: 86mm x 54mm (CR80)<\/li>\n<li><strong>Paino (pakkaus)<\/strong>paino: 0,59 kg<\/li>\n<\/ul>","protected":false},"excerpt":{"rendered":"<p>T\u00e4ss\u00e4 tuotteessa on NXP\u00ae:n sertifioitu siru, joka on globaali teknologiayritys, jonka p\u00e4\u00e4konttori on Hollannissa. NXP\u00ae on erikoistunut RFID:hen ja NFC:hen ja tarjoaa valikoiman tuotteita tietoturvaan, liitett\u00e4vyyteen ja sulautettuihin ratkaisuihin.<\/p>\n<p>Mifare DESFire 8K NXP EV3 -kortit on varustettu aidolla NXP-sirulla, joka toimii 13,56 MHz:n taajuudella. N\u00e4iss\u00e4 kontaktittomissa korteissa on 8 kilotavun muistikapasiteetti, ja niit\u00e4 voidaan k\u00e4ytt\u00e4\u00e4 useisiin sovelluksiin. T\u00e4ydellinen henkil\u00f6llisyyden hallintaan, kulunvalvontaan ja mikromaksuihin. Myyd\u00e4\u00e4n 100 kappaleen pakkauksissa, ja siin\u00e4 on luottokortin vakiokoko (86 mm x 54 mm).<\/p>","protected":false},"featured_media":137768,"template":"","meta":{"_acf_changed":false},"product_brand":[],"product_cat":[1711,4233],"product_tag":[4538,4146,3077],"class_list":{"0":"post-90354","1":"product","2":"type-product","3":"status-publish","4":"has-post-thumbnail","6":"product_cat-rfid-kort","7":"product_cat-rfid-kort-desfire","8":"product_tag-100-pack-lopnummer-rfid-kort","9":"product_tag-nxp","10":"product_tag-rfid-desfire","11":"product_shipping_class-postnord-varubrev","12":"tm-has-options","14":"first","15":"instock","16":"taxable","17":"shipping-taxable","18":"purchasable","19":"product-type-simple"},"acf":[],"_links":{"self":[{"href":"https:\/\/secureus.se\/fi\/wp-json\/wp\/v2\/product\/90354","targetHints":{"allow":["GET"]}}],"collection":[{"href":"https:\/\/secureus.se\/fi\/wp-json\/wp\/v2\/product"}],"about":[{"href":"https:\/\/secureus.se\/fi\/wp-json\/wp\/v2\/types\/product"}],"wp:featuredmedia":[{"embeddable":true,"href":"https:\/\/secureus.se\/fi\/wp-json\/wp\/v2\/media\/137768"}],"wp:attachment":[{"href":"https:\/\/secureus.se\/fi\/wp-json\/wp\/v2\/media?parent=90354"}],"wp:term":[{"taxonomy":"product_brand","embeddable":true,"href":"https:\/\/secureus.se\/fi\/wp-json\/wp\/v2\/product_brand?post=90354"},{"taxonomy":"product_cat","embeddable":true,"href":"https:\/\/secureus.se\/fi\/wp-json\/wp\/v2\/product_cat?post=90354"},{"taxonomy":"product_tag","embeddable":true,"href":"https:\/\/secureus.se\/fi\/wp-json\/wp\/v2\/product_tag?post=90354"}],"curies":[{"name":"wp","href":"https:\/\/api.w.org\/{rel}","templated":true}]}}