{"id":90362,"date":"2024-03-15T09:44:28","date_gmt":"2024-03-15T08:44:28","guid":{"rendered":"https:\/\/secureus.se\/?post_type=product&#038;p=90362"},"modified":"2026-04-23T12:14:07","modified_gmt":"2026-04-23T10:14:07","slug":"cylinderring-659m-11-16mm-oval-multi-f9-rostfritt-utseende","status":"publish","type":"product","link":"https:\/\/secureus.se\/fi\/cylinderring-659m-11-16mm-oval-multi-f9-rostfritt-utseende\/","title":{"rendered":"Sylinterirengas 659M 11-16mm Oval Multi F9 Ruostumaton ulkon\u00e4k\u00f6"},"content":{"rendered":"<div>HOPPE Sylinterirengas 659M on sovitettu soikealle sylinterille oville, joissa on lukkorunkomoduuli tai joihinkin sis\u00e4ovien lukoihin. Saatavana useita 3 kokoa. Sylinterirenkaiden korkeus ja ruuvin pituus m\u00e4\u00e4r\u00e4ytyv\u00e4t oven paksuuden ja lukkokotelon sijainnin mukaan. 659M sis\u00e4ltyy sylinterin lis\u00e4varusteisiin voidaan yhdist\u00e4\u00e4, Nuppi 42FIS -moduuli, kansilevy 59F tai sylinterirengas 59F sis\u00e4lle.<\/div>\n<div><b><br \/>Ominaisuudet:<\/b><\/div>\n<div>\n<ul>\n<li>Asennetaan yhteen soikean yksisylinterisen kanssa<\/li>\n<li>Saatavana koot: 6-11, 11-16 ja 16-21 mm (ulkoutuva sylinteri)<\/li>\n<li>Materiaali: Alumiini<\/li>\n<\/ul>\n<\/div>","protected":false},"excerpt":{"rendered":"<p>HOPPE-sylinterirengas 659M on tarkoitettu ovaaleille sylintereille moduulilukkokoteloilla varustetuissa ovissa tai tietyiss\u00e4 sis\u00e4ovien lukoissa. Saatavilla useissa kolmessa koossa. Sylinterirenkaiden korkeus ja ruuvin pituus m\u00e4\u00e4r\u00e4ytyv\u00e4t<\/p>","protected":false},"featured_media":138285,"template":"","meta":{"_acf_changed":false},"product_brand":[],"product_cat":[3254],"product_tag":[],"class_list":{"0":"post-90362","1":"product","2":"type-product","3":"status-publish","4":"has-post-thumbnail","6":"product_cat-cylinderringar","7":"product_shipping_class-postnord-varubrev","8":"pa_brands-hoppe","9":"tm-no-options","11":"first","12":"instock","13":"sale","14":"taxable","15":"shipping-taxable","16":"purchasable","17":"product-type-simple"},"acf":[],"_links":{"self":[{"href":"https:\/\/secureus.se\/fi\/wp-json\/wp\/v2\/product\/90362","targetHints":{"allow":["GET"]}}],"collection":[{"href":"https:\/\/secureus.se\/fi\/wp-json\/wp\/v2\/product"}],"about":[{"href":"https:\/\/secureus.se\/fi\/wp-json\/wp\/v2\/types\/product"}],"wp:featuredmedia":[{"embeddable":true,"href":"https:\/\/secureus.se\/fi\/wp-json\/wp\/v2\/media\/138285"}],"wp:attachment":[{"href":"https:\/\/secureus.se\/fi\/wp-json\/wp\/v2\/media?parent=90362"}],"wp:term":[{"taxonomy":"product_brand","embeddable":true,"href":"https:\/\/secureus.se\/fi\/wp-json\/wp\/v2\/product_brand?post=90362"},{"taxonomy":"product_cat","embeddable":true,"href":"https:\/\/secureus.se\/fi\/wp-json\/wp\/v2\/product_cat?post=90362"},{"taxonomy":"product_tag","embeddable":true,"href":"https:\/\/secureus.se\/fi\/wp-json\/wp\/v2\/product_tag?post=90362"}],"curies":[{"name":"wp","href":"https:\/\/api.w.org\/{rel}","templated":true}]}}