{"id":90382,"date":"2024-03-15T09:44:28","date_gmt":"2024-03-15T08:44:28","guid":{"rendered":"https:\/\/secureus.se\/?post_type=product&#038;p=90382"},"modified":"2026-03-25T15:39:05","modified_gmt":"2026-03-25T14:39:05","slug":"cylinderring-790-13mm-rund-f42-r-matt-nickel","status":"publish","type":"product","link":"https:\/\/secureus.se\/fi\/cylinderring-790-13mm-rund-f42-r-matt-nickel\/","title":{"rendered":"Sylinterirengas 790 13mm py\u00f6re\u00e4 F42-R Matt Nickel"},"content":{"rendered":"<p>\nHOPPE Sylinterirengas 790 on sylinterirengas py\u00f6reille sylintereille oviin, joissa on lukkokotelotyyppinen moduuli. Sylinterirenkaiden korkeus ja ruuvin pituus m\u00e4\u00e4r\u00e4ytyv\u00e4t oven paksuuden ja lukkokotelon sijainnin mukaan. Asennettu yhdess\u00e4 sylinteriholkin 990 kanssa ASSA ABLOY -sylintereihin.<br \/>\n<\/p>\n<div><b><br \/>Ominaisuudet:<\/b><\/div>\n<div>\n<ul>\n<li>Asennetaan yhteen py\u00f6re\u00e4n yksi- tai kaksisylinterisen kanssa<\/li>\n<li>Saatavana koko: 13 mm<\/li>\n<li>Materiaali: Messinki<\/li>\n<\/ul>\n<\/div>","protected":false},"excerpt":{"rendered":"<p>HOPPE Sylinterirengas 790 on sylinterirengas py\u00f6reille sylintereille oviin, joissa on lukkokotelotyyppinen moduuli. Sylinterirenkaiden korkeus ja ruuvin pituus m\u00e4\u00e4r\u00e4ytyv\u00e4t oven paksuuden ja lukkokotelon sijainnin mukaan. Asennettu<\/p>","protected":false},"featured_media":138047,"template":"","meta":{"_acf_changed":false},"product_brand":[],"product_cat":[3254],"product_tag":[],"class_list":{"0":"post-90382","1":"product","2":"type-product","3":"status-publish","4":"has-post-thumbnail","6":"product_cat-cylinderringar","7":"product_shipping_class-postnord-varubrev","8":"pa_brands-hoppe","9":"tm-no-options","11":"first","12":"instock","13":"sale","14":"taxable","15":"shipping-taxable","16":"purchasable","17":"product-type-simple"},"acf":[],"_links":{"self":[{"href":"https:\/\/secureus.se\/fi\/wp-json\/wp\/v2\/product\/90382","targetHints":{"allow":["GET"]}}],"collection":[{"href":"https:\/\/secureus.se\/fi\/wp-json\/wp\/v2\/product"}],"about":[{"href":"https:\/\/secureus.se\/fi\/wp-json\/wp\/v2\/types\/product"}],"wp:featuredmedia":[{"embeddable":true,"href":"https:\/\/secureus.se\/fi\/wp-json\/wp\/v2\/media\/138047"}],"wp:attachment":[{"href":"https:\/\/secureus.se\/fi\/wp-json\/wp\/v2\/media?parent=90382"}],"wp:term":[{"taxonomy":"product_brand","embeddable":true,"href":"https:\/\/secureus.se\/fi\/wp-json\/wp\/v2\/product_brand?post=90382"},{"taxonomy":"product_cat","embeddable":true,"href":"https:\/\/secureus.se\/fi\/wp-json\/wp\/v2\/product_cat?post=90382"},{"taxonomy":"product_tag","embeddable":true,"href":"https:\/\/secureus.se\/fi\/wp-json\/wp\/v2\/product_tag?post=90382"}],"curies":[{"name":"wp","href":"https:\/\/api.w.org\/{rel}","templated":true}]}}