{"id":90389,"date":"2024-03-15T09:44:29","date_gmt":"2024-03-15T08:44:29","guid":{"rendered":"https:\/\/secureus.se\/?post_type=product&#038;p=90389"},"modified":"2026-04-08T15:49:41","modified_gmt":"2026-04-08T13:49:41","slug":"cylinderring-59m-8mm-oval-f1-silver","status":"publish","type":"product","link":"https:\/\/secureus.se\/fi\/cylinderring-59m-8mm-oval-f1-silver\/","title":{"rendered":"Sylinterirengas 59M 8mm Oval F1 hopea"},"content":{"rendered":"<div>HOPPE Sylinterirengas 59M on sovitettu soikealle sylinterille oville, joissa on lukkokotelotyyppinen moduuli tai joihinkin sis\u00e4ovien lukoihin. Saatavana useita eri kokoja. Sylinterirenkaiden korkeus ja ruuvin pituus m\u00e4\u00e4r\u00e4ytyv\u00e4t oven paksuuden ja lukkokotelon sijainnin mukaan. 59M sis\u00e4ltyy sylinteritarvikkeisiin Oval-Nob ja voidaan yhdist\u00e4\u00e4 my\u00f6s kansilevyyn 59F tai sylinterirenkaaseen 59F sis\u00e4puolelle.<\/div>\n<div><b><br \/>Ominaisuudet:<\/b><\/div>\n<div>\n<ul>\n<li>Asennetaan yhteen soikean yksisylinterisen kanssa<\/li>\n<li>Saatavana koot: 6, 8, 11, 13, 16, 18 mm<\/li>\n<li>Materiaali: Alumiini<\/li>\n<\/ul>\n<\/div>","protected":false},"excerpt":{"rendered":"<p>HOPPE Sylinterirengas 59M on sovitettu soikealle sylinterille oville, joissa on lukkopes\u00e4tyyppinen moduuli tai tiettyj\u00e4 sis\u00e4ovien lukkoja. Saatavana useita eri kokoja. Sylinterirenkaiden korkeus ja ruuvin pituus m\u00e4\u00e4ritet\u00e4\u00e4n<\/p>","protected":false},"featured_media":137892,"template":"","meta":{"_acf_changed":false},"product_brand":[],"product_cat":[3254],"product_tag":[],"class_list":{"0":"post-90389","1":"product","2":"type-product","3":"status-publish","4":"has-post-thumbnail","6":"product_cat-cylinderringar","7":"product_shipping_class-postnord-varubrev","8":"pa_brands-hoppe","9":"tm-no-options","11":"first","12":"instock","13":"sale","14":"taxable","15":"shipping-taxable","16":"purchasable","17":"product-type-simple"},"acf":[],"_links":{"self":[{"href":"https:\/\/secureus.se\/fi\/wp-json\/wp\/v2\/product\/90389","targetHints":{"allow":["GET"]}}],"collection":[{"href":"https:\/\/secureus.se\/fi\/wp-json\/wp\/v2\/product"}],"about":[{"href":"https:\/\/secureus.se\/fi\/wp-json\/wp\/v2\/types\/product"}],"wp:featuredmedia":[{"embeddable":true,"href":"https:\/\/secureus.se\/fi\/wp-json\/wp\/v2\/media\/137892"}],"wp:attachment":[{"href":"https:\/\/secureus.se\/fi\/wp-json\/wp\/v2\/media?parent=90389"}],"wp:term":[{"taxonomy":"product_brand","embeddable":true,"href":"https:\/\/secureus.se\/fi\/wp-json\/wp\/v2\/product_brand?post=90389"},{"taxonomy":"product_cat","embeddable":true,"href":"https:\/\/secureus.se\/fi\/wp-json\/wp\/v2\/product_cat?post=90389"},{"taxonomy":"product_tag","embeddable":true,"href":"https:\/\/secureus.se\/fi\/wp-json\/wp\/v2\/product_tag?post=90389"}],"curies":[{"name":"wp","href":"https:\/\/api.w.org\/{rel}","templated":true}]}}