{"id":90399,"date":"2024-03-15T09:44:29","date_gmt":"2024-03-15T08:44:29","guid":{"rendered":"https:\/\/secureus.se\/?post_type=product&#038;p=90399"},"modified":"2026-03-25T15:38:40","modified_gmt":"2026-03-25T14:38:40","slug":"cylinderring-13mm-oval-prion","status":"publish","type":"product","link":"https:\/\/secureus.se\/fi\/cylinderring-13mm-oval-prion\/","title":{"rendered":"Sylinterirengas 13mm Oval Prion"},"content":{"rendered":"<p><b>Kuvaus:<br \/>\n<\/b><br \/>\nASSA ABLOY Sylinterirengas soikealle sylinterille. Saatavana useita eri kokoja. Sylinterirenkaiden korkeus ja ruuvin pituus m\u00e4\u00e4r\u00e4ytyv\u00e4t oven paksuuden ja lukkokotelon sijainnin mukaan. ASSA ABLOY soikeat sylinterirenkaat sis\u00e4ltyv\u00e4t sylinteritarvikkeisiin 256, 256E, 2356, 9256 ja 18256.<\/p>\n<div><\/div>\n<div><b>Ominaisuudet:\u00a0<\/b><\/div>\n<div>\n<ul>\n<li>Asennetaan yhteen soikean yksisylinterisen kanssa<\/li>\n<li>Saatavana koot: 6, 8, 11, 13, 16, 18, 21 ja 24 mm<\/li>\n<li>Materiaali: Messinki<\/li>\n<\/ul>\n<\/div>","protected":false},"excerpt":{"rendered":"<p>Kuvaus: ASSA ABLOY Sylinterirengas soikealle sylinterille. Saatavana useita eri kokoja. Sylinterirenkaiden korkeus ja ruuvien pituus riippuvat oven paksuudesta ja lukkokotelon asennosta. ASSA ABLOY soikea sylinteri<\/p>","protected":false},"featured_media":137885,"template":"","meta":{"_acf_changed":false},"product_brand":[],"product_cat":[3254],"product_tag":[],"class_list":{"0":"post-90399","1":"product","2":"type-product","3":"status-publish","4":"has-post-thumbnail","6":"product_cat-cylinderringar","7":"product_shipping_class-postnord-varubrev","8":"pa_brands-abloy","9":"tm-no-options","11":"first","12":"instock","13":"taxable","14":"shipping-taxable","15":"purchasable","16":"product-type-simple"},"acf":[],"_links":{"self":[{"href":"https:\/\/secureus.se\/fi\/wp-json\/wp\/v2\/product\/90399","targetHints":{"allow":["GET"]}}],"collection":[{"href":"https:\/\/secureus.se\/fi\/wp-json\/wp\/v2\/product"}],"about":[{"href":"https:\/\/secureus.se\/fi\/wp-json\/wp\/v2\/types\/product"}],"wp:featuredmedia":[{"embeddable":true,"href":"https:\/\/secureus.se\/fi\/wp-json\/wp\/v2\/media\/137885"}],"wp:attachment":[{"href":"https:\/\/secureus.se\/fi\/wp-json\/wp\/v2\/media?parent=90399"}],"wp:term":[{"taxonomy":"product_brand","embeddable":true,"href":"https:\/\/secureus.se\/fi\/wp-json\/wp\/v2\/product_brand?post=90399"},{"taxonomy":"product_cat","embeddable":true,"href":"https:\/\/secureus.se\/fi\/wp-json\/wp\/v2\/product_cat?post=90399"},{"taxonomy":"product_tag","embeddable":true,"href":"https:\/\/secureus.se\/fi\/wp-json\/wp\/v2\/product_tag?post=90399"}],"curies":[{"name":"wp","href":"https:\/\/api.w.org\/{rel}","templated":true}]}}