{"id":90408,"date":"2024-03-15T09:44:29","date_gmt":"2024-03-15T08:44:29","guid":{"rendered":"https:\/\/secureus.se\/?post_type=product&#038;p=90408"},"modified":"2026-03-25T15:41:20","modified_gmt":"2026-03-25T14:41:20","slug":"cylinderring-8mm-rund-mattkrom","status":"publish","type":"product","link":"https:\/\/secureus.se\/fi\/cylinderring-8mm-rund-mattkrom\/","title":{"rendered":"Sylinterirengas 8mm Py\u00f6re\u00e4 Matta kromi"},"content":{"rendered":"<p><b>Kuvaus:<br \/>\n<\/b><br \/>\nASSA ABLOY Sylinterirengas py\u00f6re\u00e4lle sylinterille (sis\u00e4ll\u00e4 ja ulkopuolella). Saatavana useita kahta kokoa. Sylinterirenkaiden korkeus ja ruuvin pituus m\u00e4\u00e4r\u00e4ytyv\u00e4t oven paksuuden ja lukkokotelon sijainnin mukaan. ASSA ABLOY py\u00f6re\u00e4t sylinterirenkaat sis\u00e4ltyv\u00e4t sylinteritarvikkeisiin 3211 ja 3212. Mukana sylinteriholkki, eritt\u00e4in lujat ruuvit ja sylinteritulpat (sylinteritarvikkeille 3212)<\/p>\n<div><\/div>\n<div><b>Ominaisuudet:\u00a0<\/b><\/div>\n<div>\n<ul>\n<li>Asennetaan yhteen py\u00f6re\u00e4n sylinterin kanssa<\/li>\n<li>Saatavana koot: 8 ja 13 mm<\/li>\n<li>Materiaali: Messinki<\/li>\n<\/ul>\n<\/div>","protected":false},"excerpt":{"rendered":"<p>Kuvaus: ASSA ABLOY Sylinterirengas py\u00f6re\u00e4lle sylinterille (sis\u00e4- ja ulkopuolelta). Saatavana useita kokoja. Sylinterirenkaiden korkeus ja ruuvien pituus riippuvat oven paksuudesta ja lukkorungon asennosta.<\/p>","protected":false},"featured_media":138027,"template":"","meta":{"_acf_changed":false},"product_brand":[],"product_cat":[3254],"product_tag":[],"class_list":{"0":"post-90408","1":"product","2":"type-product","3":"status-publish","4":"has-post-thumbnail","6":"product_cat-cylinderringar","7":"product_shipping_class-postnord-varubrev","8":"pa_brands-abloy","9":"tm-no-options","11":"first","12":"instock","13":"taxable","14":"shipping-taxable","15":"purchasable","16":"product-type-simple"},"acf":[],"_links":{"self":[{"href":"https:\/\/secureus.se\/fi\/wp-json\/wp\/v2\/product\/90408","targetHints":{"allow":["GET"]}}],"collection":[{"href":"https:\/\/secureus.se\/fi\/wp-json\/wp\/v2\/product"}],"about":[{"href":"https:\/\/secureus.se\/fi\/wp-json\/wp\/v2\/types\/product"}],"wp:featuredmedia":[{"embeddable":true,"href":"https:\/\/secureus.se\/fi\/wp-json\/wp\/v2\/media\/138027"}],"wp:attachment":[{"href":"https:\/\/secureus.se\/fi\/wp-json\/wp\/v2\/media?parent=90408"}],"wp:term":[{"taxonomy":"product_brand","embeddable":true,"href":"https:\/\/secureus.se\/fi\/wp-json\/wp\/v2\/product_brand?post=90408"},{"taxonomy":"product_cat","embeddable":true,"href":"https:\/\/secureus.se\/fi\/wp-json\/wp\/v2\/product_cat?post=90408"},{"taxonomy":"product_tag","embeddable":true,"href":"https:\/\/secureus.se\/fi\/wp-json\/wp\/v2\/product_tag?post=90408"}],"curies":[{"name":"wp","href":"https:\/\/api.w.org\/{rel}","templated":true}]}}