{"id":90474,"date":"2024-03-15T09:44:27","date_gmt":"2024-03-15T08:44:27","guid":{"rendered":"https:\/\/secureus.se\/?post_type=product&#038;p=90474"},"modified":"2026-04-08T15:55:34","modified_gmt":"2026-04-08T13:55:34","slug":"vredskylt-4356-epok-polerad-massing","status":"publish","type":"product","link":"https:\/\/secureus.se\/fi\/vredskylt-4356-epok-polerad-massing\/","title":{"rendered":"Kellotaulu 4356 Epok Kiillotettu messinki"},"content":{"rendered":"<div>ASSA ABLOY 4356 Epok on py\u00f6riv\u00e4 kyltti ja koristeellinen pitk\u00e4 kyltti. Voidaan yhdist\u00e4\u00e4 lukkokoteloon modulaarisessa lukkosarjassa (50 &amp; 70 kara) v\u00e4linuppitoiminnolla (koti\/poissa), lukkokotelotyyppi 2000 tai 2002. Kiinnitet\u00e4\u00e4n paineen alaisena ja sylinteritarvikkeet. 1950-luku on jo j\u00e4\u00e4nyt historiaan ruotsalaisen muotoilun kohokohtana. T\u00e4ss\u00e4 olemme yritt\u00e4neet suunnitella siin\u00e4 hengess\u00e4. Varovaista hillitty\u00e4 eleganssia. Moderni, mutta perinteemme juuret, se sopii luonnollisesti Epokin oviprinttiin 1956 ja kaikkiin muihin ajatuksen henkeen kuuluviin kuviin ja taloihin. Peitelevy on saatavana my\u00f6s samalla tyylill\u00e4 ja sen nimi on 4256.<\/div>\n<div><b>\u00a0<\/b><\/div>\n<div><b>Ominaisuudet:<\/b><\/div>\n<div>\n<ul>\n<li>Lukkotaloille, joissa on kotona\/poissa-toiminto, tyyppi 2000, 2002<\/li>\n<li>Sylinterit ja puristimet<\/li>\n<li>Sis\u00e4lle, vastaavat mitat ja malli kuin Peitelevy 4256<\/li>\n<li>Koristelevy suojaa ovilehte\u00e4 kulumiselta ja voi my\u00f6s peitt\u00e4\u00e4 olemassa olevat vauriot<\/li>\n<li>Piilotettu kiinnitys (painataan ovenkahvalla ja sylinteritarvikkeilla)<\/li>\n<li>Leveys: 60 mm<\/li>\n<li>Korkeus: 216 mm<\/li>\n<li>Paksuus 3 mm<\/li>\n<li>Materiaali: Messinki<\/li>\n<li>Saatavana useissa pintak\u00e4sittelyiss\u00e4<\/li>\n<\/ul>\n<\/div>","protected":false},"excerpt":{"rendered":"<p>ASSA ABLOY 4356 Epok \u00e4r en vredskylt och dekorativ l\u00e5ngskylt. Kombineras med l\u00e5shus inom modull\u00e5sserien (50- &amp; 70-dorn) med mellanvredsfunktion (hemma\/borta), typ l\u00e5shus 2000 eller 2002. F\u00e4sts under trycke och<\/p>","protected":false},"featured_media":145956,"template":"","meta":{"_acf_changed":false},"product_brand":[],"product_cat":[3255],"product_tag":[],"class_list":{"0":"post-90474","1":"product","2":"type-product","3":"status-publish","4":"has-post-thumbnail","6":"product_cat-skyltbehor","7":"product_shipping_class-tunga-paket","8":"pa_brands-abloy","9":"tm-no-options","11":"first","12":"instock","13":"taxable","14":"shipping-taxable","15":"purchasable","16":"product-type-simple"},"acf":[],"_links":{"self":[{"href":"https:\/\/secureus.se\/fi\/wp-json\/wp\/v2\/product\/90474","targetHints":{"allow":["GET"]}}],"collection":[{"href":"https:\/\/secureus.se\/fi\/wp-json\/wp\/v2\/product"}],"about":[{"href":"https:\/\/secureus.se\/fi\/wp-json\/wp\/v2\/types\/product"}],"wp:featuredmedia":[{"embeddable":true,"href":"https:\/\/secureus.se\/fi\/wp-json\/wp\/v2\/media\/145956"}],"wp:attachment":[{"href":"https:\/\/secureus.se\/fi\/wp-json\/wp\/v2\/media?parent=90474"}],"wp:term":[{"taxonomy":"product_brand","embeddable":true,"href":"https:\/\/secureus.se\/fi\/wp-json\/wp\/v2\/product_brand?post=90474"},{"taxonomy":"product_cat","embeddable":true,"href":"https:\/\/secureus.se\/fi\/wp-json\/wp\/v2\/product_cat?post=90474"},{"taxonomy":"product_tag","embeddable":true,"href":"https:\/\/secureus.se\/fi\/wp-json\/wp\/v2\/product_tag?post=90474"}],"curies":[{"name":"wp","href":"https:\/\/api.w.org\/{rel}","templated":true}]}}