{"id":90484,"date":"2024-03-15T09:44:27","date_gmt":"2024-03-15T08:44:27","guid":{"rendered":"https:\/\/secureus.se\/?post_type=product&#038;p=90484"},"modified":"2026-03-25T15:34:14","modified_gmt":"2026-03-25T14:34:14","slug":"tackskylt-4291-nickel","status":"publish","type":"product","link":"https:\/\/secureus.se\/fi\/tackskylt-4291-nickel\/","title":{"rendered":"Peitelevy 4291 Nikkeli"},"content":{"rendered":"<div><\/div>\n<div>\nASSA ABLOY 4291 on koristeellinen pitk\u00e4 kyltti, joka soveltuu oven vahvistustarvikkeisiin 4292. Voidaan yhdist\u00e4\u00e4 ja kiinnitt\u00e4\u00e4 ty\u00f6nt\u00f6- ja sylinteritarvikkeilla. Sopii ASSA-lukkokoteloihin 50- ja 70-kararakenteissa.<\/p>\n<p><b>Ominaisuudet:<\/b><\/div>\n<div>\n<ul>\n<li>Peitelevy oven vahvistustarvikkeille 4292<\/li>\n<li>Peitt\u00e4\u00e4 olemassa olevat syvennykset lukkoja vaihdettaessa<\/li>\n<li>Sylinterit ja puristimet<\/li>\n<li>Leveys 70 mm.<\/li>\n<li>Korkeus 230 mm.<\/li>\n<li>Paksuus: 4 mm<\/li>\n<li>Materiaali: Messinki<\/li>\n<li>Saatavana useissa pintak\u00e4sittelyiss\u00e4<\/li>\n<\/ul>\n<\/div>","protected":false},"excerpt":{"rendered":"<p>ASSA ABLOY 4291 on koristeellinen pitk\u00e4 kyltti, joka soveltuu oven vahvistustarvikkeisiin 4292. Voidaan yhdist\u00e4\u00e4 ja kiinnitt\u00e4\u00e4 ty\u00f6nt\u00f6- ja sylinteritarvikkeilla. Sopii ASSA-lukkokoteloihin 50- ja 70-kararakenteissa. Ominaisuudet: Peitelevy oven vahvistustarvikkeille<\/p>","protected":false},"featured_media":137932,"template":"","meta":{"_acf_changed":false},"product_brand":[],"product_cat":[3255],"product_tag":[],"class_list":{"0":"post-90484","1":"product","2":"type-product","3":"status-publish","4":"has-post-thumbnail","6":"product_cat-skyltbehor","7":"product_shipping_class-tunga-paket","8":"pa_brands-abloy","9":"tm-no-options","11":"first","12":"instock","13":"taxable","14":"shipping-taxable","15":"purchasable","16":"product-type-simple"},"acf":[],"_links":{"self":[{"href":"https:\/\/secureus.se\/fi\/wp-json\/wp\/v2\/product\/90484","targetHints":{"allow":["GET"]}}],"collection":[{"href":"https:\/\/secureus.se\/fi\/wp-json\/wp\/v2\/product"}],"about":[{"href":"https:\/\/secureus.se\/fi\/wp-json\/wp\/v2\/types\/product"}],"wp:featuredmedia":[{"embeddable":true,"href":"https:\/\/secureus.se\/fi\/wp-json\/wp\/v2\/media\/137932"}],"wp:attachment":[{"href":"https:\/\/secureus.se\/fi\/wp-json\/wp\/v2\/media?parent=90484"}],"wp:term":[{"taxonomy":"product_brand","embeddable":true,"href":"https:\/\/secureus.se\/fi\/wp-json\/wp\/v2\/product_brand?post=90484"},{"taxonomy":"product_cat","embeddable":true,"href":"https:\/\/secureus.se\/fi\/wp-json\/wp\/v2\/product_cat?post=90484"},{"taxonomy":"product_tag","embeddable":true,"href":"https:\/\/secureus.se\/fi\/wp-json\/wp\/v2\/product_tag?post=90484"}],"curies":[{"name":"wp","href":"https:\/\/api.w.org\/{rel}","templated":true}]}}