{"id":90494,"date":"2024-03-15T09:44:27","date_gmt":"2024-03-15T08:44:27","guid":{"rendered":"https:\/\/secureus.se\/?post_type=product&#038;p=90494"},"modified":"2026-04-23T12:14:13","modified_gmt":"2026-04-23T10:14:13","slug":"tackbricka-992-nickel","status":"publish","type":"product","link":"https:\/\/secureus.se\/fi\/tackbricka-992-nickel\/","title":{"rendered":"Peitelevy 992 Nikkeli"},"content":{"rendered":"<p>ASSA ABLOY peitelevy 992 on lis\u00e4varuste oven painekatkaisun peitt\u00e4miseen. Sopii modulaarisiin lukoihin 50 ja 70 karassa. Toimitetaan pareittain ruuveilla.<\/p>\n<p><b>Pakkaus sis\u00e4lt\u00e4\u00e4:<\/b><\/p>\n<p>2 kpl. Peitelevy 992, 2 kpl. K\u00e4\u00e4nt\u00f6ruuvi 65mm M5 vy\u00f6t\u00e4r\u00f6ll\u00e4 ja 2 kpl. Holkkimutteri M5.<\/p>\n<div><\/div>\n<div><b>Ominaisuudet:<\/b><\/div>\n<div>\n<ul>\n<li>Peitt\u00e4\u00e4 oven painekatkaisun.<\/li>\n<li>K\u00e4ytet\u00e4\u00e4n kohteisiin, joissa oven saranoita ei asenneta.<\/li>\n<li>Halkaisija: \u00d8 52 mm<\/li>\n<li>Oven paksuus 40-60 mm, mutta voidaan helposti t\u00e4ydent\u00e4\u00e4 pidemm\u00e4ll\u00e4 k\u00e4\u00e4nt\u00f6ruuvilla<\/li>\n<li>Materiaali: Messinki<\/li>\n<\/ul>\n<\/div>","protected":false},"excerpt":{"rendered":"<p>ASSA ABLOY peitelevy 992 on lis\u00e4varuste oven painesyvennyksen peitt\u00e4miseen. Sopii modulaarisiin lukoihin 50 ja 70 karassa. Toimitetaan pareittain ruuveilla. Sarja sis\u00e4lt\u00e4\u00e4: 2 kpl. Kannen alusta<\/p>","protected":false},"featured_media":138079,"template":"","meta":{"_acf_changed":false},"product_brand":[],"product_cat":[3255],"product_tag":[],"class_list":{"0":"post-90494","1":"product","2":"type-product","3":"status-publish","4":"has-post-thumbnail","6":"product_cat-skyltbehor","7":"product_shipping_class-tunga-paket","8":"pa_brands-abloy","9":"tm-no-options","11":"first","12":"instock","13":"taxable","14":"shipping-taxable","15":"purchasable","16":"product-type-simple"},"acf":[],"_links":{"self":[{"href":"https:\/\/secureus.se\/fi\/wp-json\/wp\/v2\/product\/90494","targetHints":{"allow":["GET"]}}],"collection":[{"href":"https:\/\/secureus.se\/fi\/wp-json\/wp\/v2\/product"}],"about":[{"href":"https:\/\/secureus.se\/fi\/wp-json\/wp\/v2\/types\/product"}],"wp:featuredmedia":[{"embeddable":true,"href":"https:\/\/secureus.se\/fi\/wp-json\/wp\/v2\/media\/138079"}],"wp:attachment":[{"href":"https:\/\/secureus.se\/fi\/wp-json\/wp\/v2\/media?parent=90494"}],"wp:term":[{"taxonomy":"product_brand","embeddable":true,"href":"https:\/\/secureus.se\/fi\/wp-json\/wp\/v2\/product_brand?post=90494"},{"taxonomy":"product_cat","embeddable":true,"href":"https:\/\/secureus.se\/fi\/wp-json\/wp\/v2\/product_cat?post=90494"},{"taxonomy":"product_tag","embeddable":true,"href":"https:\/\/secureus.se\/fi\/wp-json\/wp\/v2\/product_tag?post=90494"}],"curies":[{"name":"wp","href":"https:\/\/api.w.org\/{rel}","templated":true}]}}