{"id":90586,"date":"2024-03-15T09:21:52","date_gmt":"2024-03-15T08:21:52","guid":{"rendered":"https:\/\/secureus.se\/?post_type=product&#038;p=90586"},"modified":"2026-04-09T11:39:42","modified_gmt":"2026-04-09T09:39:42","slug":"minneskort-microsd-wd-wdd032g1p0c-purple-sc-qd101-series-ultra-endurance-microsd-kort-for-overvakningskamera-32-gb","status":"publish","type":"product","link":"https:\/\/secureus.se\/fi\/minneskort-microsd-wd-wdd032g1p0c-purple-sc-qd101-series-ultra-endurance-microsd-kort-for-overvakningskamera-32-gb\/","title":{"rendered":"Muistikortti MicroSD 32GB Ultra Endurance MicroSD-kortti valvontakameralle, 32GB"},"content":{"rendered":"<p>WD WDD032G1P0C Purple SC QD101 Series Ultra Endurance -valvontakamera MicroSD-kortti 32GB<\/p>\n<h3 id=\"pdp_productoverview\" class=\"item-headertop rd-prod-overview-hygiene\">Tuotekatsaus<\/h3>\n<div class=\"pd-overview-details pd-show-full-overview\">\n<div class=\"headernamehrnone\">Western Digitalin WD Purple\u2122 SC QD101 microSD\u2122 -kortti on suunniteltu erityisesti laajalle turvakameramarkkinoille. Edistyksellisen 96-kerroksisen 3D NAND -tekniikan ansiosta kortti tarjoaa kustannustehokkaan yhdistelm\u00e4n eritt\u00e4in kest\u00e4vyytt\u00e4, korkeaa suorituskyky\u00e4 ja laajaa kapasiteettialuetta jopa 512 Gt asti, ja sen tuki Card Health Monitor -toiminnallisuudelle mahdollistaa ennakoivan tallennustilan hallinnan. Nopeasti kasvavien turvakameramarkkinoiden ja 4K-videon lis\u00e4\u00e4ntyv\u00e4n k\u00e4yt\u00f6n ansiosta t\u00e4m\u00e4 kortti tarjoaa oikean yhdistelm\u00e4n pitk\u00e4ik\u00e4isyytt\u00e4 ja kapasiteettia kest\u00e4m\u00e4\u00e4n jatkuvaa tallennuskuormaa 24\/7. Luota Western Digitaliin toimittaaksesi WD Purplen \u2013 t\u00e4ydellisen microSD-tallennustilan turvavideokameroihin ja reunalaitteisiin\u00a0<b>Se on WD Purple<\/b>Suunniteltu valvontaan Markkinoiden johtavan tuotemerkin j\u00e4senen\u00e4 oleminen antaa sinulle varmuuden siit\u00e4, ett\u00e4 se on suunniteltu oikealla kest\u00e4vyydell\u00e4, suorituskyvyll\u00e4 ja ominaisuuksilla turvavideokameroita ja reunalaitteita varten.<b>Luota enemm\u00e4n kameroihisi<\/b>Ultrakest\u00e4vyys. WD Purple SC microSD-kortit on suunniteltu jatkuvaan 24\/7-tallennukseen, jos kamerat menett\u00e4v\u00e4t yhteyden NVR:\u00e4\u00e4n, mik\u00e4 lis\u00e4\u00e4 luottamusta videoturvaratkaisuusi.<b>\u00c4lyk\u00e4s varastointihuolto<\/b>Kortin kunnon seuranta. Yhteensopivissa kameroissa kortin kunnonvalvontaominaisuuden avulla voit vastaanottaa ilmoituksia WD Purple microSD -korttisi tilasta, jotta voit hallita ennakoivasti tallennustilaa.<b>Kest\u00e4v\u00e4 s\u00e4ilytystila, sis\u00e4ll\u00e4 tai ulkona<\/b>Tukee l\u00e4mp\u00f6tila-aluetta -25 \u00b0C - 85 \u00b0C; kosteutta kest\u00e4v\u00e4. Voit olla varma, ett\u00e4 t\u00e4m\u00e4 kortti on suunniteltu jatkuvaan k\u00e4ytt\u00f6\u00f6n \u00e4\u00e4rimm\u00e4isiss\u00e4 s\u00e4\u00e4olosuhteissa ja erilaisissa ilmastoissa.<b>Jatkuva tallennus. Tunteja tai p\u00e4ivi\u00e4<\/b>Kapasiteetti 32 Gt - 512 Gt. Laaja valikoima ominaisuuksia erilaisille kameroiden yhdistelmille, resoluutioille ja tallennustoteutuksille; k\u00e4ytt\u00e4\u00e4 sek\u00e4 liikeohjattua ett\u00e4 jatkuvaa tallennusta.<\/div>\n<\/div>","protected":false},"excerpt":{"rendered":"<p>Western Digitalin WD Purple\u2122 SC QD101 microSD\u2122 -kortti on suunniteltu erityisesti laajalle turvakameramarkkinoille. Edistyksellisen 96-kerroksisen 3D NAND -teknologian ansiosta kortti tarjoaa kustannustehokkaan yhdistelm\u00e4n eritt\u00e4in kest\u00e4vyytt\u00e4, korkeaa suorituskyky\u00e4 ja laajaa kapasiteettialuetta.<\/p>","protected":false},"featured_media":138139,"template":"","meta":{"_acf_changed":false},"product_brand":[],"product_cat":[3260],"product_tag":[],"class_list":{"0":"post-90586","1":"product","2":"type-product","3":"status-publish","4":"has-post-thumbnail","6":"product_cat-micro-sd-minneskort","7":"product_shipping_class-postnord-varubrev","8":"pa_brands-western-digital","9":"tm-no-options","11":"first","12":"outofstock","13":"sale","14":"taxable","15":"shipping-taxable","16":"purchasable","17":"product-type-simple"},"acf":[],"_links":{"self":[{"href":"https:\/\/secureus.se\/fi\/wp-json\/wp\/v2\/product\/90586","targetHints":{"allow":["GET"]}}],"collection":[{"href":"https:\/\/secureus.se\/fi\/wp-json\/wp\/v2\/product"}],"about":[{"href":"https:\/\/secureus.se\/fi\/wp-json\/wp\/v2\/types\/product"}],"wp:featuredmedia":[{"embeddable":true,"href":"https:\/\/secureus.se\/fi\/wp-json\/wp\/v2\/media\/138139"}],"wp:attachment":[{"href":"https:\/\/secureus.se\/fi\/wp-json\/wp\/v2\/media?parent=90586"}],"wp:term":[{"taxonomy":"product_brand","embeddable":true,"href":"https:\/\/secureus.se\/fi\/wp-json\/wp\/v2\/product_brand?post=90586"},{"taxonomy":"product_cat","embeddable":true,"href":"https:\/\/secureus.se\/fi\/wp-json\/wp\/v2\/product_cat?post=90586"},{"taxonomy":"product_tag","embeddable":true,"href":"https:\/\/secureus.se\/fi\/wp-json\/wp\/v2\/product_tag?post=90586"}],"curies":[{"name":"wp","href":"https:\/\/api.w.org\/{rel}","templated":true}]}}