{"id":90605,"date":"2024-03-15T12:55:47","date_gmt":"2024-03-15T11:55:47","guid":{"rendered":"https:\/\/secureus.se\/?post_type=product&#038;p=90605"},"modified":"2026-04-09T11:39:29","modified_gmt":"2026-04-09T09:39:29","slug":"harddisk-3-5-hdd-6-tb-35-tums-harddisk-256-mb-cache","status":"publish","type":"product","link":"https:\/\/secureus.se\/fi\/harddisk-3-5-hdd-6-tb-35-tums-harddisk-256-mb-cache\/","title":{"rendered":"Kiintolevy 3,5&quot; HDD 6 TB SATA \u2013 256 MB v\u00e4limuisti \u00e4lykk\u00e4\u00e4seen videovalvontaan"},"content":{"rendered":"<h1>Kiintolevy 3,5&quot; HDD 6 TB SATA \u2013 256 Mt v\u00e4limuisti<\/h1>\n<p>Tuotteen kohokohdat<br \/>\n\u2022 Kapasiteetti jopa 8TB1<br \/>\n\u2022 Suunniteltu yleisiin valvontaj\u00e4rjestelmiin<br \/>\n\u2022 WD AllFrame\u2122 auttaa v\u00e4hent\u00e4m\u00e4\u00e4n pudonneita kehyksi\u00e4<br \/>\n\u2022 Tukee jopa 180 Tt\/vuosi ty\u00f6kuormaa\u2077<br \/>\n\u2022 3 vuoden rajoitettu takuu9<\/p>\n<h3>TUOTTEEN KUVAUS VALVONTAKIINTOLEVY<\/h3>\n<p>WD Purple\u00ae -kiintolevyt<br \/>\nOikea kiintolevy \u00e4lykk\u00e4\u00e4seen videovalvontaan<br \/>\nWD Purple\u00ae -asemat on suunniteltu vastaamaan 24 \u00d7 7 -videovalvontatallentamisen haasteisiin.<\/p>\n<p>N\u00e4m\u00e4 yksik\u00f6t on suunniteltu erityisesti valvontaan kest\u00e4m\u00e4\u00e4n kohonneita l\u00e4mp\u00f6tilan vaihteluita ja laitteiden t\u00e4rin\u00e4\u00e4 NVR-ymp\u00e4rist\u00f6iss\u00e4. Keskim\u00e4\u00e4r\u00e4inen p\u00f6yt\u00e4kone on suunniteltu toimimaan vain lyhyit\u00e4 aikav\u00e4lej\u00e4, ei ter\u00e4v\u00e4piirtovalvontaj\u00e4rjestelm\u00e4n ankaraa 24\/7 aina p\u00e4\u00e4ll\u00e4 olevaa ymp\u00e4rist\u00f6\u00e4.<\/p>\n<p>WD Purple -asemien avulla saat luotettavan valvontatason tallennustilan, jonka yhteensopivuus useiden turvaj\u00e4rjestelmien kanssa on testattu. Ainutlaatuinen WD AllFrame\u2122 -tekniikka auttaa v\u00e4hent\u00e4m\u00e4\u00e4n kuvah\u00e4vi\u00f6it\u00e4 ja parantamaan videon yleist\u00e4 toistoa.<\/p>\n<p>Alan johtava varastointi. Seuranta, johon voit luottaa.<br \/>\nWestern Digital on tarjonnut valvontalaatuista tallennustilaa yli vuosikymmenen ajan.<\/p>\n<p>WD Purple\u00ae -valvontatallennustilan ansiosta asemat on suunniteltu korkean l\u00e4mp\u00f6tilan, aina p\u00e4\u00e4ll\u00e4 oleviin valvontaj\u00e4rjestelmiin, jotta voit luottaa laadukkaaseen videokuvaan, kun sit\u00e4 eniten tarvitset. WD Purple tarjoaa \u00e4lykk\u00e4\u00e4n videotallennustilan, johon voit luottaa, ja sill\u00e4 on 3 vuoden rajoitettu takuu9.<\/p>\n<p>Western Digitalin ainutlaatuinen WD AllFrame\u2122 -tekniikka<br \/>\nKaikki WD Purple\u00ae -asemat on varustettu AllFrame\u2122-tekniikalla, joka auttaa v\u00e4hent\u00e4m\u00e4\u00e4n pudonneita kuvia ja parantamaan videon tallennusta ja toistoa.<\/p>\n<p>Parannettu ty\u00f6m\u00e4\u00e4r\u00e4luokitus<br \/>\nWD Purple\u00ae -asemien ty\u00f6kuormitus on jopa 180 Tt\/vuosi\u2077 \u2013 jopa kolme kertaa p\u00f6yt\u00e4asemiin verrattuna \u2013 ja ne t\u00e4ytt\u00e4v\u00e4t yleisten videovalvonta-DVR- ja NVR-j\u00e4rjestelmien ainutlaatuiset vaatimukset.<\/p>\n<p>Useita kameroita, useita streameja<br \/>\nNykyaikaisemmat tallentimet tukevat nyt useita videovirtoja kameraa kohden. WD Purple\u00ae -asemat tukevat jopa 64 yksitt\u00e4ist\u00e4 HD-kameraa3.<\/p>\n<p>Monien vaihtoehtojen ansiosta sinulla on mahdollisuus p\u00e4ivitt\u00e4\u00e4 tai laajentaa tietoturvasovelluksiasi tulevaisuudessa.<\/p>\n<p>Suunniteltu luotettavaan toimintaan<br \/>\nWD Purple\u00ae -asemissa, jotka on suunniteltu luotettaviksi jopa miljoonan tunnin MTBF:ll\u00e48 ja 3 vuoden rajoitetulla takuulla9, on komponentteja, jotka kest\u00e4v\u00e4t v\u00e4rj\u00e4ytymist\u00e411 ja tukevat tallennusj\u00e4rjestelmi\u00e4, joissa on jopa 16 asemapaikkaa12.<\/p>\n<p>WD Purple\u00ae -kiintolevyt on suunniteltu RAID-virheenpalautusohjauksella, joka auttaa v\u00e4hent\u00e4m\u00e4\u00e4n virheit\u00e4 tuetuissa videonauhureissa.<\/p>\n<p>Laaja yhteensopivuus. Saumaton integrointi.<br \/>\nWD Purple\u00ae -kiintolevyt on rakennettu yhteensopivuutta ajatellen, joten voit lis\u00e4t\u00e4 nopeasti ja saumattomasti kapasiteettia valvontaj\u00e4rjestelm\u00e4\u00e4si.<\/p>\n<p>Useiden alan johtavien koteloiden ja piirisarjojen tuen ansiosta l\u00f6yd\u00e4t varmasti itsellesi sopivan DVR- tai NVR-kokoonpanon.<\/p>\n<p>Kolmen vuoden rajoitettu takuu<br \/>\nAlan johtavana kiintolevyvalmistajana Western Digital tukee valvontatallennusratkaisujaan kolmen vuoden rajoitetulla takuulla9, joka sis\u00e4ltyy jokaiseen WD Purple\u00ae -asemaan.<\/p>","protected":false},"excerpt":{"rendered":"<p>Kiintolevy 3,5 tuuman HDDWD WD64PURZ Purple Series, 6 TB 3,5 tuuman kiintolevy, 256 Mt v\u00e4limuisti, tuki jopa 64 HD-kameralle<\/p>","protected":false},"featured_media":137855,"template":"","meta":{"_acf_changed":false},"product_brand":[],"product_cat":[3261],"product_tag":[],"class_list":{"0":"post-90605","1":"product","2":"type-product","3":"status-publish","4":"has-post-thumbnail","6":"product_cat-hdd-harddisk-3-5","7":"product_shipping_class-tunga-paket","8":"pa_brands-western-digital","9":"tm-no-options","11":"first","12":"onbackorder","13":"sale","14":"taxable","15":"shipping-taxable","16":"purchasable","17":"product-type-simple"},"acf":[],"_links":{"self":[{"href":"https:\/\/secureus.se\/fi\/wp-json\/wp\/v2\/product\/90605","targetHints":{"allow":["GET"]}}],"collection":[{"href":"https:\/\/secureus.se\/fi\/wp-json\/wp\/v2\/product"}],"about":[{"href":"https:\/\/secureus.se\/fi\/wp-json\/wp\/v2\/types\/product"}],"wp:featuredmedia":[{"embeddable":true,"href":"https:\/\/secureus.se\/fi\/wp-json\/wp\/v2\/media\/137855"}],"wp:attachment":[{"href":"https:\/\/secureus.se\/fi\/wp-json\/wp\/v2\/media?parent=90605"}],"wp:term":[{"taxonomy":"product_brand","embeddable":true,"href":"https:\/\/secureus.se\/fi\/wp-json\/wp\/v2\/product_brand?post=90605"},{"taxonomy":"product_cat","embeddable":true,"href":"https:\/\/secureus.se\/fi\/wp-json\/wp\/v2\/product_cat?post=90605"},{"taxonomy":"product_tag","embeddable":true,"href":"https:\/\/secureus.se\/fi\/wp-json\/wp\/v2\/product_tag?post=90605"}],"curies":[{"name":"wp","href":"https:\/\/api.w.org\/{rel}","templated":true}]}}